{"id":903,"date":"2024-10-01T20:00:00","date_gmt":"2024-10-01T18:00:00","guid":{"rendered":"https:\/\/spacecoffee.net\/?page_id=903"},"modified":"2026-02-12T18:34:58","modified_gmt":"2026-02-12T17:34:58","slug":"cansat-2024-2025","status":"publish","type":"page","link":"https:\/\/spacecoffee.net\/pl\/projekty\/cansat\/cansat-2024-2025\/","title":{"rendered":"CanSat 2024\/2025"},"content":{"rendered":"\n<p>Tegoroczne projekty przygotowywane s\u0105 przez trzy zespo\u0142y utworzone przez cz\u0142onk\u00f3w SKN SpaceCoffee. Zach\u0119camy do zapoznania si\u0119 z ka\u017cdym projektem i sprawdzenia post\u00f3w spod tagu <a href=\"https:\/\/spacecoffee.net\/tag\/cansat\/\"><strong>CanSat<\/strong><\/a> na stronie <a href=\"https:\/\/spacecoffee.net\/category\/aktualnosci\/\" data-type=\"category\" data-id=\"2\"><strong>Aktualno\u015bci<\/strong><\/a>.<\/p>\n\n\n\n<p>SpaceCoffee 2024\/2025<\/p>\n\n\n\n<p><strong><a href=\"https:\/\/spacecoffee.net\/projekty\/cansat\/cansat-2025-2024\/spacereeds\" data-type=\"page\" data-id=\"1245\">SpaceReeds<\/a><\/strong><\/p>\n\n\n\n<p><a href=\"https:\/\/spacecoffee.net\/projekty\/cansat\/cansat-2024-2025\/velocity-hunters\/\" data-type=\"page\" data-id=\"901\"><strong>Velocity Hunters<\/strong><\/a><\/p>\n","protected":false},"excerpt":{"rendered":"<p>Tegoroczne projekty przygotowywane s\u0105 przez trzy zespo\u0142y utworzone przez cz\u0142onk\u00f3w SKN SpaceCoffee. Zach\u0119camy do zapoznania si\u0119 z ka\u017cdym projektem i sprawdzenia post\u00f3w spod tagu CanSat na stronie Aktualno\u015bci. SpaceCoffee 2024\/2025 SpaceReeds Velocity Hunters<\/p>\n","protected":false},"author":4,"featured_media":0,"parent":254,"menu_order":0,"comment_status":"closed","ping_status":"closed","template":"","meta":{"_gspb_post_css":"","pgc_sgb_lightbox_settings":"","footnotes":""},"class_list":["post-903","page","type-page","status-publish","hentry"],"_links":{"self":[{"href":"https:\/\/spacecoffee.net\/pl\/wp-json\/wp\/v2\/pages\/903","targetHints":{"allow":["GET"]}}],"collection":[{"href":"https:\/\/spacecoffee.net\/pl\/wp-json\/wp\/v2\/pages"}],"about":[{"href":"https:\/\/spacecoffee.net\/pl\/wp-json\/wp\/v2\/types\/page"}],"author":[{"embeddable":true,"href":"https:\/\/spacecoffee.net\/pl\/wp-json\/wp\/v2\/users\/4"}],"replies":[{"embeddable":true,"href":"https:\/\/spacecoffee.net\/pl\/wp-json\/wp\/v2\/comments?post=903"}],"version-history":[{"count":8,"href":"https:\/\/spacecoffee.net\/pl\/wp-json\/wp\/v2\/pages\/903\/revisions"}],"predecessor-version":[{"id":1375,"href":"https:\/\/spacecoffee.net\/pl\/wp-json\/wp\/v2\/pages\/903\/revisions\/1375"}],"up":[{"embeddable":true,"href":"https:\/\/spacecoffee.net\/pl\/wp-json\/wp\/v2\/pages\/254"}],"wp:attachment":[{"href":"https:\/\/spacecoffee.net\/pl\/wp-json\/wp\/v2\/media?parent=903"}],"curies":[{"name":"wp","href":"https:\/\/api.w.org\/{rel}","templated":true}]}}