{"id":901,"date":"2025-04-04T23:00:00","date_gmt":"2025-04-04T21:00:00","guid":{"rendered":"https:\/\/spacecoffee.net\/?page_id=901"},"modified":"2026-02-12T18:26:50","modified_gmt":"2026-02-12T17:26:50","slug":"velocity-hunters","status":"publish","type":"page","link":"https:\/\/spacecoffee.net\/pl\/projekty\/cansat\/cansat-2024-2025\/velocity-hunters\/","title":{"rendered":"Velocity Hunters"},"content":{"rendered":"\n<p>Projekt Velocity Hunters koncentruje si\u0119 na zaprojektowaniu i opracowaniu  mini-satelity CanSat zdolnego do gromadzenia i analizowania danych atmosferycznych i lotniczych podczas opadania. Misja ma na celu zbadanie zachowania ma\u0142ych sond wchodz\u0105cych w atmosfer\u0119 oraz zbadanie technologii, kt\u00f3re mog\u0142yby wspiera\u0107 przysz\u0142e misje mi\u0119dzyplanetarne i kolonizacj\u0119 planet. CanSat ma by\u0107 docelowo wyniesiony na wysoko\u015b\u0107 oko\u0142o 2500\u20133500 metr\u00f3w, sk\u0105dz podczas zrzutu, zacznie rejestrowa\u0107 parametry \u015brodowiskowe, takie jak temperatura, ci\u015bnienie, wilgotno\u015b\u0107, st\u0119\u017cenie cz\u0105stek w powietrzu, przyspieszenie i pr\u0119dko\u015b\u0107 ko\u0144cowa. Zebrane dane b\u0119d\u0105 przesy\u0142ane w czasie rzeczywistym do stacji naziemnej w celu analizy i wizualizacji.<\/p>\n\n\n\n<p class=\"has-text-align-center\"><img loading=\"lazy\" decoding=\"async\" width=\"460\" height=\"460\" src=\"https:\/\/lh7-rt.googleusercontent.com\/docsz\/AD_4nXeS3ZtZFxpI9QWv-d-x17KJt8mKcGqWAsv2X5nqXwPlaSzJhnXB0ehURaDx4XVcYaWYZk2tLCAuC4IhuasK2R9nchsBtwgmycwsnYx11JcSFsAPYLVpKHZqZLZxic5Hxwwn5jReqFAnYZ7EXqGkuEvSaVgTiXJqIiueMtX83_VK2Ko?key=otiVaM6k2GWzOiKHSOKNiw\" alt=\"Obraz zawieraj\u0105cy kr\u0105g, logo, clipart, Czcionka\n\nOpis wygenerowany automatycznie\"><\/p>\n\n\n\n<h4 class=\"wp-block-heading\" id=\"projekt-konstrukcyjny\">Projekt konstrukcyjny<\/h4>\n\n\n\n<p>Rama mini-satelity jest w ca\u0142o\u015bci drukowana w 3D, co zapewnia jej wytrzyma\u0142o\u015b\u0107 przy zachowaniu niskiej masy. W konstrukcji zintegrowano stabilizuj\u0105ce &#8222;p\u0142etwy&#8221;, kt\u00f3re utrzymuj\u0105 prawid\u0142ow\u0105 orientacj\u0119 podczas opadania. Konstrukcja mechaniczna nie zawiera \u017cadnych ruchomych cz\u0119\u015bci, co upraszcza budow\u0119 i zwi\u0119ksza niezawodno\u015b\u0107. System spadochronowy b\u0119dzie wykorzystywa\u0142 nylonow\u0105 czasz\u0119 z centralnym otworem wentylacyjnym, aby poprawi\u0107 stabilno\u015b\u0107 podczas opadania. Roz\u0142o\u017cenie spadochronu nast\u0105pi poprzez stopienie fluorow\u0119glowej \u017cy\u0142ki w\u0119dkarskiej za pomoc\u0105 rezystora sterowanego tranzystorem MOSFET, izolowanego dla bezpiecze\u0144stwa we\u0142n\u0105 szklan\u0105.<\/p>\n\n\n\n<div class=\"wp-block-greenshift-blocks-image gspb_image gspb_image-id-gsbp-576e570\" id=\"gspb_image-id-gsbp-576e570\"><img decoding=\"async\" src=\"https:\/\/spacecoffee.net\/wp-content\/uploads\/2025\/10\/Picture1.png\" data-src=\"\" alt=\"\" loading=\"lazy\" width=\"429\" height=\"223\"\/><\/div>\n\n\n\n<h4 class=\"wp-block-heading\" id=\"projekt-elektroniki\">Projekt elektroniki<\/h4>\n\n\n\n<p>G\u0142\u00f3wny system sterowania oparty jest na mikrokontrolerze Arduino M0 z zestawu CanSat Kit. Zasilanie sk\u0142ada si\u0119 z baterii litowo-jonowej 3,6 V pod\u0142\u0105czonej do przetwornicy podwy\u017cszaj\u0105cej napi\u0119cie, kt\u00f3ra utrzymuje sta\u0142e napi\u0119cie wyj\u015bciowe 5 V dla wszystkich komponent\u00f3w, zapewniaj\u0105c prawid\u0142owe dzia\u0142anie i bezpieczne otwarcie spadochronu. CanSat komunikuje si\u0119 ze stacj\u0105 naziemn\u0105 za po\u015brednictwem modu\u0142\u00f3w radiowych LoRa, zapewniaj\u0105c niezawodne po\u0142\u0105czenie dalekiego zasi\u0119gu do transmisji danych w czasie rzeczywistym.<\/p>\n\n\n\n<p>G\u0142\u00f3wne czujniki misji obejmuj\u0105 czujnik cyfrowy BME280, kt\u00f3ry mierzy temperatur\u0119, ci\u015bnienie i wilgotno\u015b\u0107.<\/p>\n\n\n\n<p>Dodatkowe czujniki misji obejmuj\u0105 sze\u015bcioosiowy czujnik IMU MPU6886 do pomiaru przyspieszenia i orientacji, modu\u0142 GPS do pomiaru wysoko\u015bci i odzyskiwania oraz czujnik PMS3003 do wykrywania cz\u0105stek py\u0142u w powietrzu.<\/p>\n\n\n\n<h4 class=\"wp-block-heading\" id=\"oprogramowanie\">Oprogramowanie<\/h4>\n\n\n\n<p>Oprogramowanie stworzone b\u0119dzie w j\u0119zyku C++ przy u\u017cyciu \u015brodowiska Arduino IDE lub Visual Studio Code z rozszerzeniem PlatformIO. Odpowiada ono za gromadzenie danych, ich przetwarzanie oraz komunikacj\u0119 ze stacj\u0105 naziemn\u0105. Oprogramowanie rejestruje odczyty czujnik\u00f3w, zarz\u0105dza transmisj\u0105 danych i kontroluje moment otwarcia spadochronu. Z kolei system stacji naziemnej przetwarza otrzymane dane w celu generowania wykres\u00f3w i analizowania parametr\u00f3w lotu, takich jak pr\u0119dko\u015b\u0107 ko\u0144cowa i zmiany \u015brodowiskowe podczas opadania.<\/p>\n\n\n\n<h4 class=\"wp-block-heading\" id=\"systemy-komunikacji-i-odzyskiwania\">Systemy komunikacji i odzyskiwania<\/h4>\n\n\n\n<p>Komunikacja mi\u0119dzy mini-sond\u0105 a stacj\u0105 naziemn\u0105 opiera si\u0119 na transmisji radiowej LoRa, zapewniaj\u0105cej daleki zasi\u0119g i stabiln\u0105 wymian\u0119 danych. System odzyskiwania opiera si\u0119 na wsp\u00f3\u0142rz\u0119dnych GPS przesy\u0142anych po l\u0105dowaniu, co umo\u017cliwia dost\u0119p do lokalizacji za po\u015brednictwem aplikacji mapowych. Brz\u0119czyk i widoczny spadochron pomog\u0105 w zlokalizowaniu sondy CanSat po dotarciu do ziemi.<\/p>\n\n\n\n<h5 class=\"wp-block-heading\" id=\"realizacja-projektu\">Realizacja projektu<\/h5>\n\n\n\n<p style=\"padding-bottom:var(--wp--preset--spacing--x-small)\">Projekt obejmuje szczeg\u00f3\u0142ow\u0105 seri\u0119 test\u00f3w maj\u0105cych na celu sprawdzenie ka\u017cdego podsystemu \u2014 od roz\u0142o\u017cenia spadochronu i zasi\u0119gu komunikacji po zu\u017cycie energii i dok\u0142adno\u015b\u0107 czujnik\u00f3w. Testy te b\u0119d\u0105 przeprowadzane w kontrolowanych warunkach, aby zapewni\u0107 bezpiecze\u0144stwo i niezawodno\u015b\u0107.<\/p>\n\n\n\n<h4 class=\"wp-block-heading\" id=\"promocja-i-przekaz-projektu\">Promocja i przekaz projektu<\/h4>\n\n\n\n<p>W ramach tego projektu, celem zespo\u0142u jest zbadanie mo\u017cliwo\u015bci wykorzystania CanSat\u00f3w jako ma\u0142ych, niedrogich i bezpiecznych dla \u015brodowiska sond badawczych, kt\u00f3re mog\u0142yby odegra\u0107 rol\u0119 w przysz\u0142ych misjach planetarnych. Poprzez pomiar w\u0142a\u015bciwo\u015bci atmosfery i pr\u0119dko\u015bci ko\u0144cowej mo\u017cliwe b\u0119dzie przyczyni\u0107 si\u0119 do zrozumienia, w jaki spos\u00f3b mo\u017cna wykorzysta\u0107 energi\u0119 odnawialn\u0105 na innych planetach i jak zoptymalizowa\u0107 systemy opadania, aby zapewni\u0107 bezpieczne l\u0105dowanie.<\/p>\n\n\n\n<p>Informacje o post\u0119pach zesp\u00f3\u0142 Velocity Hunters publikuje w mediach spo\u0142eczno\u015bciowych (opisanych poni\u017cej), chc\u0105c nawi\u0105za\u0107 kontakt z innymi pasjonatami eksploracji kosmosu i zainspirowa\u0107 przysz\u0142ych in\u017cynier\u00f3w i naukowc\u00f3w do si\u0119gania po gwiazdy.<\/p>\n\n\n\n<p style=\"margin-top:var(--wp--preset--spacing--xx-small);margin-bottom:var(--wp--preset--spacing--xx-small)\">Ich Instragram: <a href=\"https:\/\/www.instagram.com\/velocityhunters\/\"><strong>Velocity Hunters<\/strong><\/a><\/p>\n\n\n\n<p style=\"margin-top:var(--wp--preset--spacing--xx-small);margin-bottom:var(--wp--preset--spacing--xx-small)\">Ich profil X: <a href=\"https:\/\/twitter.com\/VelocityHunters\"><strong>Velocity Hunters<\/strong><\/a><\/p>\n\n\n\n<p style=\"margin-top:var(--wp--preset--spacing--xx-small);margin-bottom:var(--wp--preset--spacing--xx-small)\">Ich kana\u0142 YouTube: <a href=\"https:\/\/www.youtube.com\/@VelocityHunters\"><strong>Velocity Hunters<\/strong><\/a><\/p>\n\n\n\n<p style=\"margin-top:var(--wp--preset--spacing--xx-small);margin-bottom:var(--wp--preset--spacing--xx-small)\">Ich strona na Facebook&#8217;u: <a href=\"https:\/\/www.facebook.com\/profile.php?id=61566323553770\"><strong>Velocity Hunters<\/strong><\/a><\/p>\n","protected":false},"excerpt":{"rendered":"<p>Projekt Velocity Hunters koncentruje si\u0119 na zaprojektowaniu i opracowaniu mini-satelity CanSat zdolnego do gromadzenia i analizowania danych atmosferycznych i lotniczych podczas opadania. Misja ma na celu zbadanie zachowania ma\u0142ych sond wchodz\u0105cych w atmosfer\u0119 oraz zbadanie technologii, kt\u00f3re mog\u0142yby wspiera\u0107 przysz\u0142e misje mi\u0119dzyplanetarne i kolonizacj\u0119 planet. CanSat ma by\u0107 docelowo wyniesiony na wysoko\u015b\u0107 oko\u0142o 2500\u20133500 metr\u00f3w, [&hellip;]<\/p>\n","protected":false},"author":4,"featured_media":0,"parent":903,"menu_order":0,"comment_status":"closed","ping_status":"closed","template":"","meta":{"_gspb_post_css":"#gspb_image-id-gsbp-576e570{text-align:center}#gspb_image-id-gsbp-576e570 img{vertical-align:middle;display:inline-block;box-sizing:border-box;max-width:100%;height:auto}","pgc_sgb_lightbox_settings":"","footnotes":""},"class_list":["post-901","page","type-page","status-publish","hentry"],"_links":{"self":[{"href":"https:\/\/spacecoffee.net\/pl\/wp-json\/wp\/v2\/pages\/901","targetHints":{"allow":["GET"]}}],"collection":[{"href":"https:\/\/spacecoffee.net\/pl\/wp-json\/wp\/v2\/pages"}],"about":[{"href":"https:\/\/spacecoffee.net\/pl\/wp-json\/wp\/v2\/types\/page"}],"author":[{"embeddable":true,"href":"https:\/\/spacecoffee.net\/pl\/wp-json\/wp\/v2\/users\/4"}],"replies":[{"embeddable":true,"href":"https:\/\/spacecoffee.net\/pl\/wp-json\/wp\/v2\/comments?post=901"}],"version-history":[{"count":6,"href":"https:\/\/spacecoffee.net\/pl\/wp-json\/wp\/v2\/pages\/901\/revisions"}],"predecessor-version":[{"id":1841,"href":"https:\/\/spacecoffee.net\/pl\/wp-json\/wp\/v2\/pages\/901\/revisions\/1841"}],"up":[{"embeddable":true,"href":"https:\/\/spacecoffee.net\/pl\/wp-json\/wp\/v2\/pages\/903"}],"wp:attachment":[{"href":"https:\/\/spacecoffee.net\/pl\/wp-json\/wp\/v2\/media?parent=901"}],"curies":[{"name":"wp","href":"https:\/\/api.w.org\/{rel}","templated":true}]}}