{"id":809,"date":"2024-09-30T22:40:51","date_gmt":"2024-09-30T20:40:51","guid":{"rendered":"https:\/\/spacecoffee.net\/?page_id=809"},"modified":"2026-04-15T17:14:51","modified_gmt":"2026-04-15T15:14:51","slug":"recruitment","status":"publish","type":"page","link":"https:\/\/spacecoffee.net\/pl\/recruitment\/","title":{"rendered":"Do\u0142\u0105cz do nas!"},"content":{"rendered":"\n<p>Wype\u0142nij <a href=\"https:\/\/forms.gle\/oSQ8QV2k4VgWivzZA\" data-type=\"link\" data-id=\"https:\/\/forms.gle\/oSQ8QV2k4VgWivzZA\"><strong>formularz<\/strong><\/a> lub <strong><a href=\"https:\/\/spacecoffee.net\/kontakt\/\" data-type=\"page\" data-id=\"18\">skontaktuj si\u0119 z nami<\/a><\/strong>. Aby do nas do\u0142\u0105czy\u0107 nie potrzebujesz posiada\u0107 wiedzy specjalistycznej czy te\u017c przedstawia\u0107 CV. Po prostu wpadnij na nasze spotkanie i wszystkiego si\u0119 dowiesz!<\/p>\n\n\n\n<p>W ka\u017cdy <strong>czwartek o godzinie 16:30, w sali 429 Wydzia\u0142u AEI<\/strong> odbywaj\u0105 si\u0119 spotkania SKN SpaceCoffee. Spotkania s\u0105 otwarte dla wszystkich ch\u0119tnych. Cho\u0107 nie s\u0105 obowi\u0105zkowe, s\u0105 doskona\u0142\u0105 okazj\u0105, aby si\u0119 pozna\u0107!<\/p>\n\n\n\n<h3>Spotkanie rekrutacyjne<\/h3>\n\n\n\n<p>Najbli\u017csze spotkanie rekrutacyjne: <strong>26.03.2026 r., 15:30, Aula E na Wydziale AEI w Gliwicach<\/strong><\/p>\n\n\n\n<p>Tu dowiesz si\u0119, czym si\u0119 zajmujemy, jakie mamy projekty i jak mo\u017cesz do nas do\u0142\u0105czy\u0107. Idealny moment na start!<\/p>\n\n\n\n<p>Je\u015bli nie pasuje Ci termin spotkania rekrutacyjnego lub nie ma \u017cadnego w najbli\u017cszym czasie, wpadnij na nasze cotygodniowe spotkanie w czwartek na 16:30!<\/p>\n\n\n\n<figure class=\"wp-block-image aligncenter size-large is-resized\" style=\"margin-right:0;margin-left:0\"><img loading=\"lazy\" decoding=\"async\" width=\"1024\" height=\"683\" src=\"https:\/\/spacecoffee.net\/wp-content\/uploads\/2025\/03\/485877032_122223512792117379_2857605037874962711_n-1-1024x683.jpg\" alt=\"\" class=\"wp-image-1158\" style=\"width:935px;height:auto\" srcset=\"https:\/\/spacecoffee.net\/wp-content\/uploads\/2025\/03\/485877032_122223512792117379_2857605037874962711_n-1-1024x683.jpg 1024w, https:\/\/spacecoffee.net\/wp-content\/uploads\/2025\/03\/485877032_122223512792117379_2857605037874962711_n-1-300x200.jpg 300w, https:\/\/spacecoffee.net\/wp-content\/uploads\/2025\/03\/485877032_122223512792117379_2857605037874962711_n-1-768x512.jpg 768w, https:\/\/spacecoffee.net\/wp-content\/uploads\/2025\/03\/485877032_122223512792117379_2857605037874962711_n-1-1536x1024.jpg 1536w, https:\/\/spacecoffee.net\/wp-content\/uploads\/2025\/03\/485877032_122223512792117379_2857605037874962711_n-1-18x12.jpg 18w, https:\/\/spacecoffee.net\/wp-content\/uploads\/2025\/03\/485877032_122223512792117379_2857605037874962711_n-1.jpg 2048w\" sizes=\"auto, (max-width: 1024px) 100vw, 1024px\" \/><\/figure>\n\n\n\n<p><\/p>\n","protected":false},"excerpt":{"rendered":"<p>Wype\u0142nij formularz lub skontaktuj si\u0119 z nami. Aby do nas do\u0142\u0105czy\u0107 nie potrzebujesz posiada\u0107 wiedzy specjalistycznej czy te\u017c przedstawia\u0107 CV. Po prostu wpadnij na nasze spotkanie i wszystkiego si\u0119 dowiesz! W ka\u017cdy czwartek o godzinie 16:30, w sali 429 Wydzia\u0142u AEI odbywaj\u0105 si\u0119 spotkania SKN SpaceCoffee. Spotkania s\u0105 otwarte dla wszystkich ch\u0119tnych. Cho\u0107 nie s\u0105 [&hellip;]<\/p>\n","protected":false},"author":3,"featured_media":0,"parent":0,"menu_order":0,"comment_status":"closed","ping_status":"closed","template":"","meta":{"_gspb_post_css":"","pgc_sgb_lightbox_settings":"","footnotes":""},"class_list":["post-809","page","type-page","status-publish","hentry"],"_links":{"self":[{"href":"https:\/\/spacecoffee.net\/pl\/wp-json\/wp\/v2\/pages\/809","targetHints":{"allow":["GET"]}}],"collection":[{"href":"https:\/\/spacecoffee.net\/pl\/wp-json\/wp\/v2\/pages"}],"about":[{"href":"https:\/\/spacecoffee.net\/pl\/wp-json\/wp\/v2\/types\/page"}],"author":[{"embeddable":true,"href":"https:\/\/spacecoffee.net\/pl\/wp-json\/wp\/v2\/users\/3"}],"replies":[{"embeddable":true,"href":"https:\/\/spacecoffee.net\/pl\/wp-json\/wp\/v2\/comments?post=809"}],"version-history":[{"count":13,"href":"https:\/\/spacecoffee.net\/pl\/wp-json\/wp\/v2\/pages\/809\/revisions"}],"predecessor-version":[{"id":2000,"href":"https:\/\/spacecoffee.net\/pl\/wp-json\/wp\/v2\/pages\/809\/revisions\/2000"}],"wp:attachment":[{"href":"https:\/\/spacecoffee.net\/pl\/wp-json\/wp\/v2\/media?parent=809"}],"curies":[{"name":"wp","href":"https:\/\/api.w.org\/{rel}","templated":true}]}}