{"id":664,"date":"2024-05-09T18:07:04","date_gmt":"2024-05-09T16:07:04","guid":{"rendered":"https:\/\/spacecoffee.net\/?page_id=664"},"modified":"2026-04-07T11:28:08","modified_gmt":"2026-04-07T09:28:08","slug":"stacja-meteo","status":"publish","type":"page","link":"https:\/\/spacecoffee.net\/pl\/projekty\/stacja-meteo\/","title":{"rendered":"Stacja meteorologiczna SpaceCoffee"},"content":{"rendered":"\n<h4 class=\"wp-block-heading\" id=\"wprowadzenie\">Wprowadzenie<\/h4>\n\n\n\n<p>Projekt stacji meteorologicznej SpaceCoffee zak\u0142ada budow\u0119 stanowiska wyposa\u017conego w system do wykonywania pomiar\u00f3w atmosferyczch oraz badania sk\u0142adowych pogody. Stacja jest elementem stacji dokuj\u0105cej dla sterowca rozwijanego r\u00f3wnolegle, a dane zbierane podczas jej dzia\u0142ania maj\u0105 istotny wp\u0142yw na operowanie pojazdu. To na ich podstawie kreowane maj\u0105 by\u0107 scenariusze lot\u00f3w, wykorzystywane w procesie uczenia maszynowego systemu autonomii; znajomo\u015b\u0107 warunk\u00f3w pogodowych jest r\u00f3wnie\u017c niezb\u0119dna w podejmowaniu decyzji o lotach testowych sterowca, a z czasem rozwoju, umo\u017cliwi jego systemowi potwierdza\u0107 autonomicznie mo\u017cliwo\u015b\u0107 wylotu.<\/p>\n\n\n\n<h4 class=\"wp-block-heading\" id=\"badania\">Badania<\/h4>\n\n\n\n<p>Stacja meteorologiczna SC za zadanie ma zbiera\u0107 dane o warunkach pogodowych, takich jak: <\/p>\n\n\n\n<ul class=\"wp-block-list\">\n<li>Badanie wiatromierzem oraz czujnikiem opad\u00f3w<\/li>\n\n\n\n<li>Wykrywanie \u0142atwopalnych gaz\u00f3w i tlenku w\u0119gla<\/li>\n\n\n\n<li>Badanie st\u0119\u017cenia py\u0142\u00f3w w powietrzu<\/li>\n\n\n\n<li>Wykrywanie wy\u0142adowa\u0144 atmosferycznych<\/li>\n<\/ul>\n\n\n\n<h4 class=\"wp-block-heading\" id=\"system-i-konstrukcja\">System i konstrukcja<\/h4>\n\n\n\n<p>Dzia\u0142anie czujnik\u00f3w koordynuje mikrokontroler ESP32. Zasilanie stacji uzyskane jest dzi\u0119ki ogniwom s\u0142onecznym.<\/p>\n","protected":false},"excerpt":{"rendered":"<p>Wprowadzenie Projekt stacji meteorologicznej SpaceCoffee zak\u0142ada budow\u0119 stanowiska wyposa\u017conego w system do wykonywania pomiar\u00f3w atmosferyczch oraz badania sk\u0142adowych pogody. Stacja jest elementem stacji dokuj\u0105cej dla sterowca rozwijanego r\u00f3wnolegle, a dane zbierane podczas jej dzia\u0142ania maj\u0105 istotny wp\u0142yw na operowanie pojazdu. To na ich podstawie kreowane maj\u0105 by\u0107 scenariusze lot\u00f3w, wykorzystywane w procesie uczenia maszynowego systemu [&hellip;]<\/p>\n","protected":false},"author":4,"featured_media":0,"parent":83,"menu_order":0,"comment_status":"closed","ping_status":"closed","template":"","meta":{"_gspb_post_css":"","pgc_sgb_lightbox_settings":"","footnotes":""},"class_list":["post-664","page","type-page","status-publish","hentry"],"_links":{"self":[{"href":"https:\/\/spacecoffee.net\/pl\/wp-json\/wp\/v2\/pages\/664","targetHints":{"allow":["GET"]}}],"collection":[{"href":"https:\/\/spacecoffee.net\/pl\/wp-json\/wp\/v2\/pages"}],"about":[{"href":"https:\/\/spacecoffee.net\/pl\/wp-json\/wp\/v2\/types\/page"}],"author":[{"embeddable":true,"href":"https:\/\/spacecoffee.net\/pl\/wp-json\/wp\/v2\/users\/4"}],"replies":[{"embeddable":true,"href":"https:\/\/spacecoffee.net\/pl\/wp-json\/wp\/v2\/comments?post=664"}],"version-history":[{"count":9,"href":"https:\/\/spacecoffee.net\/pl\/wp-json\/wp\/v2\/pages\/664\/revisions"}],"predecessor-version":[{"id":1931,"href":"https:\/\/spacecoffee.net\/pl\/wp-json\/wp\/v2\/pages\/664\/revisions\/1931"}],"up":[{"embeddable":true,"href":"https:\/\/spacecoffee.net\/pl\/wp-json\/wp\/v2\/pages\/83"}],"wp:attachment":[{"href":"https:\/\/spacecoffee.net\/pl\/wp-json\/wp\/v2\/media?parent=664"}],"curies":[{"name":"wp","href":"https:\/\/api.w.org\/{rel}","templated":true}]}}