{"id":532,"date":"2024-05-07T02:10:22","date_gmt":"2024-05-07T00:10:22","guid":{"rendered":"https:\/\/spacecoffee.net\/?page_id=532"},"modified":"2026-02-12T18:41:19","modified_gmt":"2026-02-12T17:41:19","slug":"pbl","status":"publish","type":"page","link":"https:\/\/spacecoffee.net\/pl\/projekty\/pbl\/","title":{"rendered":"PBL"},"content":{"rendered":"\n<h4 class=\"wp-block-heading\" id=\"project-based-learning\">Project-Based Learning<\/h4>\n\n\n\n<p>SKN SpaceCoffee prowadzi wiele mniejszych projekt\u00f3w w ramach programu Project-Based Learning realizowanego obecnie na Politechnice \u015al\u0105skiej, kt\u00f3ry umo\u017cliwia zar\u00f3wno uczniom szk\u00f3\u0142 \u015brednich, jak i studentom, udzia\u0142 w projektach naukowych o r\u00f3\u017cnej tematyce i zwi\u0105zanych z r\u00f3\u017cnymi naukami \u2014 daje im to szans\u0119 wypr\u00f3bowania r\u00f3\u017cnych rodzaj\u00f3w dzia\u0142a\u0144 badawczych podczas realizacji.<\/p>\n\n\n\n<h4 class=\"wp-block-heading\" id=\"objectives\">Cele<\/h4>\n\n\n\n<p>Tematy projekt\u00f3w PBL s\u0105 bardzo zr\u00f3\u017cnicowane. Wiele z nich wykorzystuje nowe technologie, kt\u00f3re wci\u0105\u017c s\u0105 aktywnie udoskonalane, takie jak systemy VR, a inne wymagaj\u0105 wi\u0119kszych umiej\u0119tno\u015bci konstrukcyjnych i in\u017cynieryjnych. Tym sposobem, cz\u0142onkowie Ko\u0142a przyczyniaj\u0105 si\u0119 do do bada\u0144 w wielu dziedzinach, z kt\u00f3rych niekt\u00f3re nadal rzadko interesuj\u0105 badaczy, i tworz\u0105 innowacyjne rozwi\u0105zania wyzwa\u0144, co cz\u0119sto skutkuje ich pierwszymi publikacjami naukowymi!<\/p>\n\n\n\n<p style=\"padding-top:var(--wp--preset--spacing--medium);padding-bottom:var(--wp--preset--spacing--medium)\">Opisy wszystkich projekt\u00f3w zrealizowanych przez cz\u0142onk\u00f3w SpaceCoffee mo\u017cna znale\u017a\u0107 <a href=\"https:\/\/spacecoffee.net\/tag\/pbl\/\"><strong>pod tagiem PBL<\/strong><\/a> w sekcji <a href=\"https:\/\/spacecoffee.net\/category\/aktualnosci\/#pbl\" data-type=\"link\" data-id=\"https:\/\/spacecoffee.net\/category\/news\/#pbl\"><strong>Aktualno\u015bci<\/strong><\/a>.<\/p>\n","protected":false},"excerpt":{"rendered":"<p>Project-Based Learning SKN SpaceCoffee prowadzi wiele mniejszych projekt\u00f3w w ramach programu Project-Based Learning realizowanego obecnie na Politechnice \u015al\u0105skiej, kt\u00f3ry umo\u017cliwia zar\u00f3wno uczniom szk\u00f3\u0142 \u015brednich, jak i studentom, udzia\u0142 w projektach naukowych o r\u00f3\u017cnej tematyce i zwi\u0105zanych z r\u00f3\u017cnymi naukami \u2014 daje im to szans\u0119 wypr\u00f3bowania r\u00f3\u017cnych rodzaj\u00f3w dzia\u0142a\u0144 badawczych podczas realizacji. Cele Tematy projekt\u00f3w PBL [&hellip;]<\/p>\n","protected":false},"author":3,"featured_media":0,"parent":83,"menu_order":0,"comment_status":"closed","ping_status":"closed","template":"","meta":{"_gspb_post_css":"","pgc_sgb_lightbox_settings":"","footnotes":""},"class_list":["post-532","page","type-page","status-publish","hentry"],"_links":{"self":[{"href":"https:\/\/spacecoffee.net\/pl\/wp-json\/wp\/v2\/pages\/532","targetHints":{"allow":["GET"]}}],"collection":[{"href":"https:\/\/spacecoffee.net\/pl\/wp-json\/wp\/v2\/pages"}],"about":[{"href":"https:\/\/spacecoffee.net\/pl\/wp-json\/wp\/v2\/types\/page"}],"author":[{"embeddable":true,"href":"https:\/\/spacecoffee.net\/pl\/wp-json\/wp\/v2\/users\/3"}],"replies":[{"embeddable":true,"href":"https:\/\/spacecoffee.net\/pl\/wp-json\/wp\/v2\/comments?post=532"}],"version-history":[{"count":7,"href":"https:\/\/spacecoffee.net\/pl\/wp-json\/wp\/v2\/pages\/532\/revisions"}],"predecessor-version":[{"id":1302,"href":"https:\/\/spacecoffee.net\/pl\/wp-json\/wp\/v2\/pages\/532\/revisions\/1302"}],"up":[{"embeddable":true,"href":"https:\/\/spacecoffee.net\/pl\/wp-json\/wp\/v2\/pages\/83"}],"wp:attachment":[{"href":"https:\/\/spacecoffee.net\/pl\/wp-json\/wp\/v2\/media?parent=532"}],"curies":[{"name":"wp","href":"https:\/\/api.w.org\/{rel}","templated":true}]}}