{"id":254,"date":"2024-04-17T23:04:44","date_gmt":"2024-04-17T21:04:44","guid":{"rendered":"https:\/\/spacecoffee.net\/?page_id=254"},"modified":"2026-02-09T19:41:18","modified_gmt":"2026-02-09T18:41:18","slug":"cansat","status":"publish","type":"page","link":"https:\/\/spacecoffee.net\/pl\/projekty\/cansat\/","title":{"rendered":"CanSat"},"content":{"rendered":"\n<p>Przez 3 kolejne lata, w Kole SpaceCoffee powsta\u0142o 5 projekt\u00f3w mini-sond na potrzeby udzia\u0142u w konkursie CanSat, organizowanym przez organizacje ESA i ESERO. Zasadniczym celem konkursu jest skonstruowanie w pe\u0142ni satelity o wielko\u015bci puszki, kt\u00f3ry b\u0119dzie spe\u0142nia\u0142 podstawowe funkcje eksploracyjne wyznaczone przez organizator\u00f3w wraz z jak najciekawsz\u0105 misj\u0105 dodatkow\u0105, wybran\u0105 przez zesp\u00f3\u0142 uczestnik\u00f3w, tw\u00f3rc\u00f3w mini-sondy CanSat. Ni\u017cej szczeg\u00f3\u0142owo opisane s\u0105 projekty z poszczeg\u00f3lnych lat uczestnictwa. Zach\u0119camy r\u00f3wnie\u017c do sprawdzenia tagu <a href=\"https:\/\/spacecoffee.net\/pl\/tag\/cansat\/\"><strong>CanSat <\/strong><\/a>na stronie <a href=\"https:\/\/spacecoffee.net\/category\/aktualnosci\/\" data-type=\"category\" data-id=\"2\"><strong>Aktualno\u015bci<\/strong><\/a>.<\/p>\n\n\n\n<div>\n<h3 class=\"wp-block-heading\" id=\"cansat-2021-2022\"><a href=\"https:\/\/spacecoffee.net\/projects\/cansat\/cansat-2021-2022\/\" data-type=\"page\" data-id=\"302\">CanSat 2021\/2022<\/a><\/h3>\n\n\n\n<p>Projekt mini-sondy CanSat stworzony zosta\u0142 na potrzeby edycji 2021\/2022 konkursu. Wyznaczono dwie misje, kt\u00f3re maj\u0105 zosta\u0107 zrealizowane przez mini-sond\u0119. <a href=\"https:\/\/spacecoffee.net\/projekty\/cansat\/cansat-2021-2022\/\" data-type=\"page\" data-id=\"302\"><strong>Wi\u0119cej<\/strong><\/a><\/p>\n<\/div>\n\n\n\n<div>\n<h3 class=\"wp-block-heading\" id=\"cansat-2021-2022\"><a href=\"https:\/\/spacecoffee.net\/projects\/cansat\/cansat-2022-2023\/\" data-type=\"page\" data-id=\"298\">CanSat 2022\/2023<\/a><\/h3>\n\n\n\n<p>Projekt mini-sondy CanSat stworzony na potrzeby edycji 2022\/2023 konkursu. G\u0142\u00f3wnym celem tej misji CanSat by\u0142o przetestowanie i opisanie warunk\u00f3w panuj\u0105cych na obcych planetach. <a href=\"https:\/\/spacecoffee.net\/projekty\/cansat\/cansat-2022-2023\/\" data-type=\"page\" data-id=\"298\"><strong>Wi\u0119cej<\/strong><\/a><\/p>\n<\/div>\n\n\n\n<h3 class=\"wp-block-heading\" id=\"cansat-2024-2025\"><a href=\"https:\/\/spacecoffee.net\/projects\/cansat\/cansat-2024-2025\/\" data-type=\"page\" data-id=\"903\">CanSat 2024\/2025<\/a><\/h3>\n\n\n\n<p>Opis trzech projekt\u00f3w CanSat, nad kt\u00f3rymi pracowa\u0142y zespo\u0142y SpaceCoffee, Space Reeds i Velocity Hunters. W tej edycji SKN SpaceCoffee mog\u0142o by\u0107 dumne ze swojej silnej reprezentacji w konkursie. <a href=\"https:\/\/spacecoffee.net\/projekty\/cansat\/cansat-2024-2025\/\" data-type=\"page\" data-id=\"903\"><strong>Wi\u0119cej<\/strong><\/a><\/p>\n","protected":false},"excerpt":{"rendered":"<p>Przez 3 kolejne lata, w Kole SpaceCoffee powsta\u0142o 5 projekt\u00f3w mini-sond na potrzeby udzia\u0142u w konkursie CanSat, organizowanym przez organizacje ESA i ESERO. Zasadniczym celem konkursu jest skonstruowanie w pe\u0142ni satelity o wielko\u015bci puszki, kt\u00f3ry b\u0119dzie spe\u0142nia\u0142 podstawowe funkcje eksploracyjne wyznaczone przez organizator\u00f3w wraz z jak najciekawsz\u0105 misj\u0105 dodatkow\u0105, wybran\u0105 przez zesp\u00f3\u0142 uczestnik\u00f3w, tw\u00f3rc\u00f3w mini-sondy [&hellip;]<\/p>\n","protected":false},"author":4,"featured_media":0,"parent":83,"menu_order":0,"comment_status":"closed","ping_status":"closed","template":"","meta":{"_gspb_post_css":"","pgc_sgb_lightbox_settings":"","footnotes":""},"class_list":["post-254","page","type-page","status-publish","hentry"],"_links":{"self":[{"href":"https:\/\/spacecoffee.net\/pl\/wp-json\/wp\/v2\/pages\/254","targetHints":{"allow":["GET"]}}],"collection":[{"href":"https:\/\/spacecoffee.net\/pl\/wp-json\/wp\/v2\/pages"}],"about":[{"href":"https:\/\/spacecoffee.net\/pl\/wp-json\/wp\/v2\/types\/page"}],"author":[{"embeddable":true,"href":"https:\/\/spacecoffee.net\/pl\/wp-json\/wp\/v2\/users\/4"}],"replies":[{"embeddable":true,"href":"https:\/\/spacecoffee.net\/pl\/wp-json\/wp\/v2\/comments?post=254"}],"version-history":[{"count":19,"href":"https:\/\/spacecoffee.net\/pl\/wp-json\/wp\/v2\/pages\/254\/revisions"}],"predecessor-version":[{"id":1821,"href":"https:\/\/spacecoffee.net\/pl\/wp-json\/wp\/v2\/pages\/254\/revisions\/1821"}],"up":[{"embeddable":true,"href":"https:\/\/spacecoffee.net\/pl\/wp-json\/wp\/v2\/pages\/83"}],"wp:attachment":[{"href":"https:\/\/spacecoffee.net\/pl\/wp-json\/wp\/v2\/media?parent=254"}],"curies":[{"name":"wp","href":"https:\/\/api.w.org\/{rel}","templated":true}]}}