{"id":252,"date":"2024-03-15T20:00:43","date_gmt":"2024-03-15T19:00:43","guid":{"rendered":"https:\/\/spacecoffee.net\/?page_id=252"},"modified":"2026-04-07T12:16:28","modified_gmt":"2026-04-07T10:16:28","slug":"szybowiec","status":"publish","type":"page","link":"https:\/\/spacecoffee.net\/pl\/projekty\/szybowiec\/","title":{"rendered":"Szybowiec"},"content":{"rendered":"\n<p class=\"has-text-align-left\" style=\"padding-right:0;padding-left:0\">Za\u0142o\u017ceniem projektu by\u0142o stworzenie ma\u0142ego, r\u0119cznie rzucanego szybowca, na cele udzia\u0142u w konkursie Learn&amp;Fly, ukierunkowanym na rozwijanie zainteresowa\u0144 i kompetencji in\u017cynieryjno-konstrukcyjnych w\u015br\u00f3d uczni\u00f3w lice\u00f3w i szk\u00f3\u0142 podstawowych. By\u0142 to czteroosobowy projekt zespo\u0142owy, kt\u00f3rego cz\u0142onkowie naszego Ko\u0142a podj\u0119li si\u0119, aby spe\u0142nia\u0107 si\u0119 w swoich zainteresowaniach zwi\u0105zanych z modelarstwem oraz konstruowaniem, sprawdzaj\u0105c tak\u017ce swoje aktualne kompetencje w zadaniach z tych dziedzin.<\/p>\n\n\n\n<h3 class=\"wp-block-heading has-foreground-color has-text-color has-link-color wp-elements-09c4b35253c6e7d67869297006715cf5\" id=\"rozwoj-projektu\"><strong>Rozw\u00f3j projektu<\/strong><\/h3>\n\n\n\n<p class=\"has-foreground-color has-text-color has-link-color wp-elements-605fc3adb88b68d67bf025e6efe0efc8\" style=\"padding-top:0;padding-right:0;padding-bottom:0;padding-left:0\">Prace nad szybowcem rozpocz\u0119li\u015bmy od stworzenia modelu 3D. Rozwa\u017caj\u0105c kilka wersji, ostatecznie zdecydowali\u015bmy si\u0119 na poni\u017cszy model szybowca:<\/p>\n\n\n\n<p class=\"has-foreground-color has-text-color has-link-color wp-elements-176a26c9f6bc28dcb98a175128c132b5\" style=\"padding-top:0;padding-right:0;padding-bottom:0;padding-left:0\">\u2013 podzielony na \u0142atwe do usuni\u0119cia segmenty.<\/p>\n\n\n\n<p class=\"has-foreground-color has-text-color has-link-color wp-elements-3075c892e5d42a777ef8367ee92ab833\" style=\"padding-top:0;padding-right:0;padding-bottom:0;padding-left:0\">\u2013 mocowania skrzyd\u0142a i statecznika wydrukowane na drukarce 3D i po\u0142\u0105czone rurk\u0105 z w\u0142\u00f3kna w\u0119glowego \u2014 wydruk zapewni wysok\u0105 wytrzyma\u0142o\u015b\u0107, lekko\u015b\u0107, a tak\u017ce niski koszt wykonania komponent\u00f3w.<\/p>\n\n\n\n<p class=\"has-foreground-color has-text-color has-link-color wp-elements-c699fe268df577c1d9572795833da544\" style=\"padding-top:0;padding-right:0;padding-bottom:0;padding-left:0\">\u2013 w\u0142\u00f3kno w\u0119glowe \u0142\u0105cz\u0105ce mocowania \u2014 wci\u0105\u017c lekki, ale wytrzyma\u0142y materia\u0142, tworz\u0105cy kluczowy element konstrukcyjny, rdze\u0144 ca\u0142ego szybowca.<\/p>\n\n\n\n<p class=\"has-foreground-color has-text-color has-link-color wp-elements-fa12295b82e56d85b483c325ff88d776\" style=\"padding-top:0;padding-right:0;padding-bottom:0;padding-left:0\">\u2013 skrzyd\u0142a wykonane prawie w ca\u0142o\u015bci z drewna balsowego, wraz z pod\u0142u\u017cnicami i \u017cebrami, wyci\u0119te laserem CNC z arkusza drewna balsowego. Dzi\u0119ki wyci\u0119ciu okr\u0105g\u0142ych otwor\u00f3w w \u017cebrach, waga szybowca jest jeszcze mniejsza.<\/p>\n\n\n\n<p class=\"has-foreground-color has-text-color has-link-color wp-elements-bce92233fff6ca81f85b88ed440cdb38\" style=\"padding-top:0;padding-right:0;padding-bottom:0;padding-left:0\">\u2013 poszycie skrzyd\u0142a wykonane z materia\u0142u o strukturze podobnej do folii termokurczliwej, zapewniaj\u0105ce nisk\u0105 wag\u0119, stosunkowo wysok\u0105 wytrzyma\u0142o\u015b\u0107, ale co najwa\u017cniejsze, dobrze przylegaj\u0105ce do o\u017cebrowania skrzyde\u0142.<\/p>\n\n\n\n<p class=\"has-foreground-color has-text-color has-link-color wp-elements-7c32d4d92f11deb2174ddd65e4da1ccc\" style=\"padding-top:0;padding-right:0;padding-bottom:0;padding-left:0\">Ponadto chcemy przeprowadzi\u0107 symulacj\u0119 aerodynamiczn\u0105 zaprojektowanych komponent\u00f3w, aby upewni\u0107 si\u0119, \u017ce prototyp w obecnym stanie b\u0119dzie w stanie osi\u0105gn\u0105\u0107 po\u017c\u0105dane rezultaty.<\/p>\n\n\n\n<h3 class=\"wp-block-heading\" id=\"galeria-projekt\">Galeria: projekt<\/h3>\n\n\n\n<div class=\"wp-block-columns is-layout-flex wp-container-core-columns-is-layout-28f84493 wp-block-columns-is-layout-flex\">\n<div class=\"wp-block-column is-layout-flow wp-block-column-is-layout-flow\" style=\"flex-basis:100%\">\n<figure class=\"wp-block-gallery has-nested-images columns-3 is-cropped wp-block-gallery-1 is-layout-flex wp-block-gallery-is-layout-flex\">\n<figure class=\"wp-block-image size-large\"><a href=\"https:\/\/spacecoffee.net\/wp-content\/uploads\/2024\/04\/glider_mount1.png\"><img loading=\"lazy\" decoding=\"async\" width=\"1024\" height=\"387\" data-id=\"226\" src=\"https:\/\/spacecoffee.net\/wp-content\/uploads\/2024\/04\/glider_mount1-1024x387.png\" alt=\"\" class=\"wp-image-226\" srcset=\"https:\/\/spacecoffee.net\/wp-content\/uploads\/2024\/04\/glider_mount1-1024x387.png 1024w, https:\/\/spacecoffee.net\/wp-content\/uploads\/2024\/04\/glider_mount1-300x113.png 300w, https:\/\/spacecoffee.net\/wp-content\/uploads\/2024\/04\/glider_mount1-768x290.png 768w, https:\/\/spacecoffee.net\/wp-content\/uploads\/2024\/04\/glider_mount1.png 1210w\" sizes=\"auto, (max-width: 1024px) 100vw, 1024px\" \/><\/a><figcaption class=\"wp-element-caption\">Mocowanie 1<\/figcaption><\/figure>\n\n\n\n<figure class=\"wp-block-image size-large\"><a href=\"https:\/\/spacecoffee.net\/wp-content\/uploads\/2024\/04\/glider_mount2.png\"><img loading=\"lazy\" decoding=\"async\" width=\"1024\" height=\"645\" data-id=\"225\" src=\"https:\/\/spacecoffee.net\/wp-content\/uploads\/2024\/04\/glider_mount2-1024x645.png\" alt=\"\" class=\"wp-image-225\" srcset=\"https:\/\/spacecoffee.net\/wp-content\/uploads\/2024\/04\/glider_mount2-1024x645.png 1024w, https:\/\/spacecoffee.net\/wp-content\/uploads\/2024\/04\/glider_mount2-300x189.png 300w, https:\/\/spacecoffee.net\/wp-content\/uploads\/2024\/04\/glider_mount2-768x484.png 768w, https:\/\/spacecoffee.net\/wp-content\/uploads\/2024\/04\/glider_mount2.png 1119w\" sizes=\"auto, (max-width: 1024px) 100vw, 1024px\" \/><\/a><figcaption class=\"wp-element-caption\">Mocowanie 2<\/figcaption><\/figure>\n\n\n\n<figure class=\"wp-block-image size-large\"><img loading=\"lazy\" decoding=\"async\" width=\"1024\" height=\"587\" data-id=\"795\" src=\"https:\/\/spacecoffee.net\/wp-content\/uploads\/2024\/06\/Picture2-1024x587.png\" alt=\"\" class=\"wp-image-795\" srcset=\"https:\/\/spacecoffee.net\/wp-content\/uploads\/2024\/06\/Picture2-1024x587.png 1024w, https:\/\/spacecoffee.net\/wp-content\/uploads\/2024\/06\/Picture2-300x172.png 300w, https:\/\/spacecoffee.net\/wp-content\/uploads\/2024\/06\/Picture2-768x440.png 768w, https:\/\/spacecoffee.net\/wp-content\/uploads\/2024\/06\/Picture2-1536x881.png 1536w, https:\/\/spacecoffee.net\/wp-content\/uploads\/2024\/06\/Picture2-2048x1174.png 2048w, https:\/\/spacecoffee.net\/wp-content\/uploads\/2024\/06\/Picture2-18x10.png 18w\" sizes=\"auto, (max-width: 1024px) 100vw, 1024px\" \/><figcaption class=\"wp-element-caption\">Projekt profilu skrzyd\u0142a (powy\u017cej) i \u017cebra skrzyd\u0142a (poni\u017cej)<\/figcaption><\/figure>\n\n\n\n<figure class=\"wp-block-image size-large\"><img loading=\"lazy\" decoding=\"async\" width=\"1024\" height=\"565\" data-id=\"797\" src=\"https:\/\/spacecoffee.net\/wp-content\/uploads\/2024\/06\/Picture5-1024x565.png\" alt=\"\" class=\"wp-image-797\" srcset=\"https:\/\/spacecoffee.net\/wp-content\/uploads\/2024\/06\/Picture5-1024x565.png 1024w, https:\/\/spacecoffee.net\/wp-content\/uploads\/2024\/06\/Picture5-300x166.png 300w, https:\/\/spacecoffee.net\/wp-content\/uploads\/2024\/06\/Picture5-768x424.png 768w, https:\/\/spacecoffee.net\/wp-content\/uploads\/2024\/06\/Picture5-18x10.png 18w, https:\/\/spacecoffee.net\/wp-content\/uploads\/2024\/06\/Picture5.png 1087w\" sizes=\"auto, (max-width: 1024px) 100vw, 1024px\" \/><figcaption class=\"wp-element-caption\">Mocowania statecznik\u00f3w (widok z boku)<\/figcaption><\/figure>\n\n\n\n<figure class=\"wp-block-image size-large\"><img loading=\"lazy\" decoding=\"async\" width=\"1024\" height=\"571\" data-id=\"796\" src=\"https:\/\/spacecoffee.net\/wp-content\/uploads\/2024\/06\/Picture3-1024x571.png\" alt=\"\" class=\"wp-image-796\" srcset=\"https:\/\/spacecoffee.net\/wp-content\/uploads\/2024\/06\/Picture3-1024x571.png 1024w, https:\/\/spacecoffee.net\/wp-content\/uploads\/2024\/06\/Picture3-300x167.png 300w, https:\/\/spacecoffee.net\/wp-content\/uploads\/2024\/06\/Picture3-768x428.png 768w, https:\/\/spacecoffee.net\/wp-content\/uploads\/2024\/06\/Picture3-18x10.png 18w, https:\/\/spacecoffee.net\/wp-content\/uploads\/2024\/06\/Picture3.png 1062w\" sizes=\"auto, (max-width: 1024px) 100vw, 1024px\" \/><figcaption class=\"wp-element-caption\">Mocowania skrzyde\u0142 (widok z boku)<\/figcaption><\/figure>\n\n\n\n<figure class=\"wp-block-image size-large\"><a href=\"https:\/\/spacecoffee.net\/wp-content\/uploads\/2024\/04\/glider_wings1.png\"><img loading=\"lazy\" decoding=\"async\" width=\"1024\" height=\"535\" data-id=\"223\" src=\"https:\/\/spacecoffee.net\/wp-content\/uploads\/2024\/04\/glider_wings1-1024x535.png\" alt=\"\" class=\"wp-image-223\" srcset=\"https:\/\/spacecoffee.net\/wp-content\/uploads\/2024\/04\/glider_wings1-1024x535.png 1024w, https:\/\/spacecoffee.net\/wp-content\/uploads\/2024\/04\/glider_wings1-300x157.png 300w, https:\/\/spacecoffee.net\/wp-content\/uploads\/2024\/04\/glider_wings1-768x401.png 768w, https:\/\/spacecoffee.net\/wp-content\/uploads\/2024\/04\/glider_wings1.png 1471w\" sizes=\"auto, (max-width: 1024px) 100vw, 1024px\" \/><\/a><figcaption class=\"wp-element-caption\">Skrzyd\u0142a<\/figcaption><\/figure>\n\n\n\n<figure class=\"wp-block-image size-large\"><a href=\"https:\/\/spacecoffee.net\/wp-content\/uploads\/2024\/04\/glider_wings2.png\"><img loading=\"lazy\" decoding=\"async\" width=\"1024\" height=\"424\" data-id=\"222\" src=\"https:\/\/spacecoffee.net\/wp-content\/uploads\/2024\/04\/glider_wings2-1024x424.png\" alt=\"\" class=\"wp-image-222\" srcset=\"https:\/\/spacecoffee.net\/wp-content\/uploads\/2024\/04\/glider_wings2-1024x424.png 1024w, https:\/\/spacecoffee.net\/wp-content\/uploads\/2024\/04\/glider_wings2-300x124.png 300w, https:\/\/spacecoffee.net\/wp-content\/uploads\/2024\/04\/glider_wings2-768x318.png 768w, https:\/\/spacecoffee.net\/wp-content\/uploads\/2024\/04\/glider_wings2-1536x637.png 1536w, https:\/\/spacecoffee.net\/wp-content\/uploads\/2024\/04\/glider_wings2.png 1602w\" sizes=\"auto, (max-width: 1024px) 100vw, 1024px\" \/><\/a><figcaption class=\"wp-element-caption\">Zbli\u017cenie na skrzyd\u0142a<\/figcaption><\/figure>\n\n\n\n<figure class=\"wp-block-image size-large\"><a href=\"https:\/\/spacecoffee.net\/wp-content\/uploads\/2024\/04\/glider_w.png\"><img loading=\"lazy\" decoding=\"async\" width=\"1024\" height=\"577\" data-id=\"224\" src=\"https:\/\/spacecoffee.net\/wp-content\/uploads\/2024\/04\/glider_w-1024x577.png\" alt=\"\" class=\"wp-image-224\" srcset=\"https:\/\/spacecoffee.net\/wp-content\/uploads\/2024\/04\/glider_w-1024x577.png 1024w, https:\/\/spacecoffee.net\/wp-content\/uploads\/2024\/04\/glider_w-300x169.png 300w, https:\/\/spacecoffee.net\/wp-content\/uploads\/2024\/04\/glider_w-768x432.png 768w, https:\/\/spacecoffee.net\/wp-content\/uploads\/2024\/04\/glider_w.png 1364w\" sizes=\"auto, (max-width: 1024px) 100vw, 1024px\" \/><\/a><figcaption class=\"wp-element-caption\">Skrzyd\u0142a z mocowaniami<\/figcaption><\/figure>\n\n\n\n<figure class=\"wp-block-image size-large\"><img loading=\"lazy\" decoding=\"async\" width=\"1024\" height=\"407\" data-id=\"793\" src=\"https:\/\/spacecoffee.net\/wp-content\/uploads\/2024\/06\/Picture1-1024x407.png\" alt=\"\" class=\"wp-image-793\" srcset=\"https:\/\/spacecoffee.net\/wp-content\/uploads\/2024\/06\/Picture1-1024x407.png 1024w, https:\/\/spacecoffee.net\/wp-content\/uploads\/2024\/06\/Picture1-300x119.png 300w, https:\/\/spacecoffee.net\/wp-content\/uploads\/2024\/06\/Picture1-768x305.png 768w, https:\/\/spacecoffee.net\/wp-content\/uploads\/2024\/06\/Picture1-18x7.png 18w, https:\/\/spacecoffee.net\/wp-content\/uploads\/2024\/06\/Picture1.png 1130w\" sizes=\"auto, (max-width: 1024px) 100vw, 1024px\" \/><figcaption class=\"wp-element-caption\">Konstrukcja z pe\u0142nymi skrzyde\u0142kami i mocowaniami, bez rurki w\u0119glowej stanowi\u0105cej rdze\u0144<\/figcaption><\/figure>\n<\/figure>\n<\/div>\n<\/div>\n\n\n\n<h3 class=\"wp-block-heading\" id=\"opis-projektu\">Opis projektu<\/h3>\n\n\n\n<h4 class=\"wp-block-heading\" id=\"skrzydla\">Skrzyd\u0142a<\/h4>\n\n\n\n<p>Skrzyd\u0142a maj\u0105 konstrukcj\u0119 \u017cebrowo-d\u017awigarow\u0105 o profilu S4310, wygi\u0119t\u0105 o 10 stopni w g\u00f3r\u0119 w odleg\u0142o\u015bci 31 cm od kad\u0142uba. Aby skrzyd\u0142a mog\u0142y by\u0107 os\u0142oni\u0119te, maj\u0105 \u015blizg i kraw\u0119d\u017a sp\u0142ywu wykonane z balsy. Skrzyd\u0142a maj\u0105 3 g\u0142\u00f3wne d\u017awigary, z kt\u00f3rych dwa s\u0105 jednocz\u0119\u015bciowe, a jeden z nich, \u015brodkowy, jest podzielony na dwie cz\u0119\u015bci. Jedno skrzyd\u0142o ma 488 mm d\u0142ugo\u015bci. Ka\u017cde skrzyd\u0142o ma 10 \u017ceber i jest zako\u0144czone wingletem. Elementy te pozwalaj\u0105 zwi\u0119kszy\u0107 wydajno\u015b\u0107 skrzyd\u0142a i stabilno\u015b\u0107 poziom\u0105 samolotu.<\/p>\n\n\n\n<h4 class=\"wp-block-heading\" id=\"stateczniki\">Stateczniki<\/h4>\n\n\n\n<p>Stateczniki maj\u0105 r\u00f3wnie\u017c konstrukcj\u0119 \u017cebrowo-d\u017awigarow\u0105, z t\u0105 r\u00f3\u017cnic\u0105, \u017ce posiadaj\u0105 maj\u0105 tylko 2 d\u017awigary zamiast 3. Maj\u0105 one spadochron i kraw\u0119d\u017a natarcia podobne do tych stosowanych w skrzyd\u0142ach. Stateczniki poziome maj\u0105 po 3 \u017cebra na stron\u0119, podczas gdy statecznik pionowy ma 4 \u017cebra.<\/p>\n\n\n\n<h4 class=\"wp-block-heading\" id=\"mocowania-skrzydel-i-lotek-oraz-kadlub\">Mocowania skrzyde\u0142 i lotek oraz kad\u0142ub<\/h4>\n\n\n\n<p>Mocowanie przedniego skrzyd\u0142a zosta\u0142o wykonane metod\u0105 druku 3D, co zapewnia optymaln\u0105 wytrzyma\u0142o\u015b\u0107 i wag\u0119. Ponadto mie\u015bci ono przegrod\u0119 balastow\u0105 i dodatkowe obci\u0105\u017cniki do wywa\u017cania samolotu. Druk 3D zapewnia nam mo\u017cliwo\u015b\u0107 tworzenia z\u0142o\u017conej geometrii w celu zminimalizowania oporu aerodynamicznego.<br>Tylny element, do kt\u00f3rego przymocowane s\u0105 stabilizatory poziome i pionowe, jest r\u00f3wnie\u017c wykonany przy u\u017cyciu technologii druku 3D.<br>Kad\u0142ub wykonany jest z rurek z w\u0142\u00f3kna w\u0119glowego, co daje modelowi wytrzyma\u0142o\u015b\u0107 i stosunkowo nisk\u0105 wag\u0119. Jedyn\u0105 wad\u0105 tego rozwi\u0105zania mo\u017ce by\u0107 nadmierna elastyczno\u015b\u0107.<\/p>\n\n\n\n<h3 class=\"wp-block-heading\" id=\"budowa-i-ostateczny-model\">Budowa i ostateczny model<\/h3>\n\n\n\n<p>Po wyci\u0119ciu element\u00f3w skrzyde\u0142, wst\u0119pnie je przeszlifowali\u015bmy i sprawdzili\u015bmy, czy cz\u0119\u015bci odpowiednio pasuj\u0105. Nast\u0119pnie zmontowali\u015bmy skrzyd\u0142a, upewnili\u015bmy si\u0119, \u017ce wszystko le\u017cy r\u00f3wno i rozpocz\u0119li\u015bmy proces klejenia. Po odczekaniu a\u017c klej wyschnie, zabrali\u015bmy si\u0119 za poszycie. Najpierw przyci\u0119li\u015bmy papier do odpowiedniego rozmiaru i przykleili\u015bmy go. Po wyschni\u0119ciu kleju u\u017cyli\u015bmy lakieru \u015bci\u0105gaj\u0105cego, aby wyg\u0142adzi\u0107 poszycie.<\/p>\n\n\n\n<p>Stabilizatory wykonali\u015bmy w taki sam spos\u00f3b jak skrzyd\u0142a, czyli po wyci\u0119ciu cz\u0119\u015bci przeszlifowali\u015bmy je papierem \u015bciernym, sprawdzili\u015bmy ich dopasowanie, a nast\u0119pnie skleili\u015bmy i okleili\u015bmy papierem, kt\u00f3ry zosta\u0142 \u015bci\u0105gni\u0119ty lakierem.<\/p>\n\n\n\n<p>Wydrukowali\u015bmy cz\u0119\u015bci z PLA. Ze wzgl\u0119du na ich z\u0142o\u017con\u0105 geometri\u0119, zosta\u0142y one wydrukowane z materia\u0142em podporowym, wi\u0119c musieli\u015bmy ten materia\u0142 usun\u0105\u0107 i przeszlifowa\u0107 cz\u0119\u015bci.<\/p>\n\n\n\n<h4 class=\"wp-block-heading\" id=\"galeria-proces-skladania\">Galeria: proces sk\u0142adania<\/h4>\n\n\n\n<figure class=\"wp-block-gallery has-nested-images columns-default is-cropped wp-block-gallery-2 is-layout-flex wp-block-gallery-is-layout-flex\">\n<figure class=\"wp-block-image size-large\"><img loading=\"lazy\" decoding=\"async\" width=\"577\" height=\"1024\" data-id=\"786\" src=\"https:\/\/spacecoffee.net\/wp-content\/uploads\/2024\/06\/skrzydlo_1-577x1024.jpg\" alt=\"\" class=\"wp-image-786\" srcset=\"https:\/\/spacecoffee.net\/wp-content\/uploads\/2024\/06\/skrzydlo_1-577x1024.jpg 577w, https:\/\/spacecoffee.net\/wp-content\/uploads\/2024\/06\/skrzydlo_1-169x300.jpg 169w, https:\/\/spacecoffee.net\/wp-content\/uploads\/2024\/06\/skrzydlo_1-768x1364.jpg 768w, https:\/\/spacecoffee.net\/wp-content\/uploads\/2024\/06\/skrzydlo_1-865x1536.jpg 865w, https:\/\/spacecoffee.net\/wp-content\/uploads\/2024\/06\/skrzydlo_1-1153x2048.jpg 1153w, https:\/\/spacecoffee.net\/wp-content\/uploads\/2024\/06\/skrzydlo_1-7x12.jpg 7w, https:\/\/spacecoffee.net\/wp-content\/uploads\/2024\/06\/skrzydlo_1-scaled.jpg 1441w\" sizes=\"auto, (max-width: 577px) 100vw, 577px\" \/><\/figure>\n\n\n\n<figure class=\"wp-block-image size-large\"><img loading=\"lazy\" decoding=\"async\" width=\"577\" height=\"1024\" data-id=\"787\" src=\"https:\/\/spacecoffee.net\/wp-content\/uploads\/2024\/06\/klejone_skrz-577x1024.jpg\" alt=\"\" class=\"wp-image-787\" srcset=\"https:\/\/spacecoffee.net\/wp-content\/uploads\/2024\/06\/klejone_skrz-577x1024.jpg 577w, https:\/\/spacecoffee.net\/wp-content\/uploads\/2024\/06\/klejone_skrz-169x300.jpg 169w, https:\/\/spacecoffee.net\/wp-content\/uploads\/2024\/06\/klejone_skrz-768x1364.jpg 768w, https:\/\/spacecoffee.net\/wp-content\/uploads\/2024\/06\/klejone_skrz-865x1536.jpg 865w, https:\/\/spacecoffee.net\/wp-content\/uploads\/2024\/06\/klejone_skrz-1153x2048.jpg 1153w, https:\/\/spacecoffee.net\/wp-content\/uploads\/2024\/06\/klejone_skrz-7x12.jpg 7w, https:\/\/spacecoffee.net\/wp-content\/uploads\/2024\/06\/klejone_skrz-scaled.jpg 1441w\" sizes=\"auto, (max-width: 577px) 100vw, 577px\" \/><\/figure>\n\n\n\n<figure class=\"wp-block-image size-large\"><img loading=\"lazy\" decoding=\"async\" width=\"577\" height=\"1024\" data-id=\"789\" src=\"https:\/\/spacecoffee.net\/wp-content\/uploads\/2024\/06\/skrzydla_praca-577x1024.jpg\" alt=\"\" class=\"wp-image-789\" srcset=\"https:\/\/spacecoffee.net\/wp-content\/uploads\/2024\/06\/skrzydla_praca-577x1024.jpg 577w, https:\/\/spacecoffee.net\/wp-content\/uploads\/2024\/06\/skrzydla_praca-169x300.jpg 169w, https:\/\/spacecoffee.net\/wp-content\/uploads\/2024\/06\/skrzydla_praca-768x1364.jpg 768w, https:\/\/spacecoffee.net\/wp-content\/uploads\/2024\/06\/skrzydla_praca-865x1536.jpg 865w, https:\/\/spacecoffee.net\/wp-content\/uploads\/2024\/06\/skrzydla_praca-1153x2048.jpg 1153w, https:\/\/spacecoffee.net\/wp-content\/uploads\/2024\/06\/skrzydla_praca-7x12.jpg 7w, https:\/\/spacecoffee.net\/wp-content\/uploads\/2024\/06\/skrzydla_praca-scaled.jpg 1441w\" sizes=\"auto, (max-width: 577px) 100vw, 577px\" \/><\/figure>\n\n\n\n<figure class=\"wp-block-image size-large\"><img loading=\"lazy\" decoding=\"async\" width=\"577\" height=\"1024\" data-id=\"785\" src=\"https:\/\/spacecoffee.net\/wp-content\/uploads\/2024\/06\/franek_klei-577x1024.jpg\" alt=\"\" class=\"wp-image-785\" srcset=\"https:\/\/spacecoffee.net\/wp-content\/uploads\/2024\/06\/franek_klei-577x1024.jpg 577w, https:\/\/spacecoffee.net\/wp-content\/uploads\/2024\/06\/franek_klei-169x300.jpg 169w, https:\/\/spacecoffee.net\/wp-content\/uploads\/2024\/06\/franek_klei-768x1364.jpg 768w, https:\/\/spacecoffee.net\/wp-content\/uploads\/2024\/06\/franek_klei-865x1536.jpg 865w, https:\/\/spacecoffee.net\/wp-content\/uploads\/2024\/06\/franek_klei-1153x2048.jpg 1153w, https:\/\/spacecoffee.net\/wp-content\/uploads\/2024\/06\/franek_klei-7x12.jpg 7w, https:\/\/spacecoffee.net\/wp-content\/uploads\/2024\/06\/franek_klei-scaled.jpg 1441w\" sizes=\"auto, (max-width: 577px) 100vw, 577px\" \/><\/figure>\n\n\n\n<figure class=\"wp-block-image size-large\"><img loading=\"lazy\" decoding=\"async\" width=\"577\" height=\"1024\" data-id=\"788\" src=\"https:\/\/spacecoffee.net\/wp-content\/uploads\/2024\/06\/skrzydlo_fin-577x1024.jpg\" alt=\"\" class=\"wp-image-788\" srcset=\"https:\/\/spacecoffee.net\/wp-content\/uploads\/2024\/06\/skrzydlo_fin-577x1024.jpg 577w, https:\/\/spacecoffee.net\/wp-content\/uploads\/2024\/06\/skrzydlo_fin-169x300.jpg 169w, https:\/\/spacecoffee.net\/wp-content\/uploads\/2024\/06\/skrzydlo_fin-768x1364.jpg 768w, https:\/\/spacecoffee.net\/wp-content\/uploads\/2024\/06\/skrzydlo_fin-865x1536.jpg 865w, https:\/\/spacecoffee.net\/wp-content\/uploads\/2024\/06\/skrzydlo_fin-1153x2048.jpg 1153w, https:\/\/spacecoffee.net\/wp-content\/uploads\/2024\/06\/skrzydlo_fin-7x12.jpg 7w, https:\/\/spacecoffee.net\/wp-content\/uploads\/2024\/06\/skrzydlo_fin-scaled.jpg 1441w\" sizes=\"auto, (max-width: 577px) 100vw, 577px\" \/><\/figure>\n<\/figure>\n\n\n\n<h4 class=\"wp-block-heading\" id=\"galeria-gotowy-model\">Galeria: gotowy model<\/h4>\n\n\n\n<figure class=\"wp-block-gallery has-nested-images columns-default is-cropped wp-block-gallery-3 is-layout-flex wp-block-gallery-is-layout-flex\">\n<figure class=\"wp-block-image size-large\"><img loading=\"lazy\" decoding=\"async\" width=\"951\" height=\"1024\" data-id=\"782\" src=\"https:\/\/spacecoffee.net\/wp-content\/uploads\/2024\/06\/448235114_448887307772208_6023718315446438060_n-3-951x1024.jpg\" alt=\"\" class=\"wp-image-782\" srcset=\"https:\/\/spacecoffee.net\/wp-content\/uploads\/2024\/06\/448235114_448887307772208_6023718315446438060_n-3-951x1024.jpg 951w, https:\/\/spacecoffee.net\/wp-content\/uploads\/2024\/06\/448235114_448887307772208_6023718315446438060_n-3-278x300.jpg 278w, https:\/\/spacecoffee.net\/wp-content\/uploads\/2024\/06\/448235114_448887307772208_6023718315446438060_n-3-768x827.jpg 768w, https:\/\/spacecoffee.net\/wp-content\/uploads\/2024\/06\/448235114_448887307772208_6023718315446438060_n-3-11x12.jpg 11w, https:\/\/spacecoffee.net\/wp-content\/uploads\/2024\/06\/448235114_448887307772208_6023718315446438060_n-3.jpg 1126w\" sizes=\"auto, (max-width: 951px) 100vw, 951px\" \/><figcaption class=\"wp-element-caption\">Wersja ko\u0144cowa<\/figcaption><\/figure>\n\n\n\n<figure class=\"wp-block-image size-large\"><img loading=\"lazy\" decoding=\"async\" width=\"577\" height=\"1024\" data-id=\"783\" src=\"https:\/\/spacecoffee.net\/wp-content\/uploads\/2024\/06\/20240531_200319-577x1024.jpg\" alt=\"\" class=\"wp-image-783\" srcset=\"https:\/\/spacecoffee.net\/wp-content\/uploads\/2024\/06\/20240531_200319-577x1024.jpg 577w, https:\/\/spacecoffee.net\/wp-content\/uploads\/2024\/06\/20240531_200319-169x300.jpg 169w, https:\/\/spacecoffee.net\/wp-content\/uploads\/2024\/06\/20240531_200319-768x1364.jpg 768w, https:\/\/spacecoffee.net\/wp-content\/uploads\/2024\/06\/20240531_200319-865x1536.jpg 865w, https:\/\/spacecoffee.net\/wp-content\/uploads\/2024\/06\/20240531_200319-1153x2048.jpg 1153w, https:\/\/spacecoffee.net\/wp-content\/uploads\/2024\/06\/20240531_200319-7x12.jpg 7w, https:\/\/spacecoffee.net\/wp-content\/uploads\/2024\/06\/20240531_200319-scaled.jpg 1441w\" sizes=\"auto, (max-width: 577px) 100vw, 577px\" \/><figcaption class=\"wp-element-caption\">Balasty<\/figcaption><\/figure>\n\n\n\n<figure class=\"wp-block-image size-large\"><img loading=\"lazy\" decoding=\"async\" width=\"1024\" height=\"577\" data-id=\"784\" src=\"https:\/\/spacecoffee.net\/wp-content\/uploads\/2024\/06\/20240531_201352-1024x577.jpg\" alt=\"\" class=\"wp-image-784\" srcset=\"https:\/\/spacecoffee.net\/wp-content\/uploads\/2024\/06\/20240531_201352-1024x577.jpg 1024w, https:\/\/spacecoffee.net\/wp-content\/uploads\/2024\/06\/20240531_201352-300x169.jpg 300w, https:\/\/spacecoffee.net\/wp-content\/uploads\/2024\/06\/20240531_201352-768x432.jpg 768w, https:\/\/spacecoffee.net\/wp-content\/uploads\/2024\/06\/20240531_201352-1536x865.jpg 1536w, https:\/\/spacecoffee.net\/wp-content\/uploads\/2024\/06\/20240531_201352-2048x1153.jpg 2048w, https:\/\/spacecoffee.net\/wp-content\/uploads\/2024\/06\/20240531_201352-18x10.jpg 18w\" sizes=\"auto, (max-width: 1024px) 100vw, 1024px\" \/><figcaption class=\"wp-element-caption\">Model przed zbalansowaniem<\/figcaption><\/figure>\n<\/figure>\n\n\n<figure style=\"margin-top:120px;margin-bottom:0px;\" class=\"wp-block-post-featured-image\"><img loading=\"lazy\" decoding=\"async\" width=\"5760\" height=\"1080\" src=\"https:\/\/spacecoffee.net\/wp-content\/uploads\/2024\/04\/banner-aviation.png\" class=\"attachment-post-thumbnail size-post-thumbnail wp-post-image\" alt=\"\" style=\"object-fit:cover;\" srcset=\"https:\/\/spacecoffee.net\/wp-content\/uploads\/2024\/04\/banner-aviation.png 5760w, https:\/\/spacecoffee.net\/wp-content\/uploads\/2024\/04\/banner-aviation-300x56.png 300w, https:\/\/spacecoffee.net\/wp-content\/uploads\/2024\/04\/banner-aviation-1024x192.png 1024w, https:\/\/spacecoffee.net\/wp-content\/uploads\/2024\/04\/banner-aviation-768x144.png 768w, https:\/\/spacecoffee.net\/wp-content\/uploads\/2024\/04\/banner-aviation-1536x288.png 1536w, https:\/\/spacecoffee.net\/wp-content\/uploads\/2024\/04\/banner-aviation-2048x384.png 2048w\" sizes=\"auto, (max-width: 5760px) 100vw, 5760px\" \/><\/figure>","protected":false},"excerpt":{"rendered":"<p>Za\u0142o\u017ceniem projektu by\u0142o stworzenie ma\u0142ego, r\u0119cznie rzucanego szybowca, na cele udzia\u0142u w konkursie Learn&amp;Fly, ukierunkowanym na rozwijanie zainteresowa\u0144 i kompetencji in\u017cynieryjno-konstrukcyjnych w\u015br\u00f3d uczni\u00f3w lice\u00f3w i szk\u00f3\u0142 podstawowych. By\u0142 to czteroosobowy projekt zespo\u0142owy, kt\u00f3rego cz\u0142onkowie naszego Ko\u0142a podj\u0119li si\u0119, aby spe\u0142nia\u0107 si\u0119 w swoich zainteresowaniach zwi\u0105zanych z modelarstwem oraz konstruowaniem, sprawdzaj\u0105c tak\u017ce swoje aktualne kompetencje w [&hellip;]<\/p>\n","protected":false},"author":4,"featured_media":267,"parent":83,"menu_order":0,"comment_status":"closed","ping_status":"closed","template":"","meta":{"_gspb_post_css":"","pgc_sgb_lightbox_settings":"","footnotes":""},"class_list":["post-252","page","type-page","status-publish","has-post-thumbnail","hentry"],"_links":{"self":[{"href":"https:\/\/spacecoffee.net\/pl\/wp-json\/wp\/v2\/pages\/252","targetHints":{"allow":["GET"]}}],"collection":[{"href":"https:\/\/spacecoffee.net\/pl\/wp-json\/wp\/v2\/pages"}],"about":[{"href":"https:\/\/spacecoffee.net\/pl\/wp-json\/wp\/v2\/types\/page"}],"author":[{"embeddable":true,"href":"https:\/\/spacecoffee.net\/pl\/wp-json\/wp\/v2\/users\/4"}],"replies":[{"embeddable":true,"href":"https:\/\/spacecoffee.net\/pl\/wp-json\/wp\/v2\/comments?post=252"}],"version-history":[{"count":15,"href":"https:\/\/spacecoffee.net\/pl\/wp-json\/wp\/v2\/pages\/252\/revisions"}],"predecessor-version":[{"id":1945,"href":"https:\/\/spacecoffee.net\/pl\/wp-json\/wp\/v2\/pages\/252\/revisions\/1945"}],"up":[{"embeddable":true,"href":"https:\/\/spacecoffee.net\/pl\/wp-json\/wp\/v2\/pages\/83"}],"wp:featuredmedia":[{"embeddable":true,"href":"https:\/\/spacecoffee.net\/pl\/wp-json\/wp\/v2\/media\/267"}],"wp:attachment":[{"href":"https:\/\/spacecoffee.net\/pl\/wp-json\/wp\/v2\/media?parent=252"}],"curies":[{"name":"wp","href":"https:\/\/api.w.org\/{rel}","templated":true}]}}