{"id":1725,"date":"2026-01-20T20:00:29","date_gmt":"2026-01-20T19:00:29","guid":{"rendered":"https:\/\/spacecoffee.net\/?page_id=1725"},"modified":"2026-02-09T20:09:20","modified_gmt":"2026-02-09T19:09:20","slug":"dokumentacja","status":"publish","type":"page","link":"https:\/\/spacecoffee.net\/pl\/dokumentacja\/","title":{"rendered":"Dokumentacja Ko\u0142a"},"content":{"rendered":"\n<div class=\"wp-block-greenshift-blocks-accordion gs-accordion gspb_accordion-id-gsbp-cdc30a0\" id=\"gspb_accordion-id-gsbp-cdc30a0\" >\n<div class=\"wp-block-greenshift-blocks-accordionitem gs-accordion-item gspb_accordionitem-gsbp-d17cc37 gsclose\" id=\"gspb_accordionitem-gsbp-d17cc37\" itemscope><div id=\"gs-trigger-gsbp-cdc30a0-0\" class=\"gs-accordion-item__title\" aria-expanded=\"false\" role=\"button\" tabindex=\"0\" aria-controls=\"gspb-accordion-item-content-gsbp-d17cc37\"><div class=\"gs-accordion-item__heading\">Statut Studenckiego Ko\u0142a Naukowego SpaceCoffee<\/div><span class=\"iconfortoggle\"><span class=\"gs-iconbefore\"><\/span><span class=\"gs-iconafter\"><\/span><\/span><\/div><div aria-labelledby=\"gs-trigger-gsbp-cdc30a0-0\" class=\"gs-accordion-item__content\" itemscope id=\"gspb-accordion-item-content-gsbp-d17cc37\" aria-hidden=\"true\"><div class=\"gs-accordion-item__text\">\n<h3 class=\"kt-adv-heading1725_c956e5-ab wp-block-kadence-advancedheading\" data-kb-block=\"kb-adv-heading1725_c956e5-ab\">Statut SKN SpaceCoffee<\/h3>\n\n\n\n<div data-wp-interactive=\"core\/file\" class=\"wp-block-file\"><object data-wp-bind--hidden=\"!state.hasPdfPreview\" hidden class=\"wp-block-file__embed\" data=\"https:\/\/spacecoffee.net\/wp-content\/uploads\/2026\/01\/Statut_SKN_SpaceCoffee.pdf\" type=\"application\/pdf\" style=\"width:100%;height:600px\" aria-label=\"Osadzone z Statut_SKN_SpaceCoffee.\"><\/object><a id=\"wp-block-file--media-ebc8f1b1-79c4-43d5-bd1d-2bf2f6ae6ed8\" href=\"https:\/\/spacecoffee.net\/wp-content\/uploads\/2026\/01\/Statut_SKN_SpaceCoffee.pdf\">Statut_SKN_SpaceCoffee<\/a><a href=\"https:\/\/spacecoffee.net\/wp-content\/uploads\/2026\/01\/Statut_SKN_SpaceCoffee.pdf\" class=\"wp-block-file__button wp-element-button\" download aria-describedby=\"wp-block-file--media-ebc8f1b1-79c4-43d5-bd1d-2bf2f6ae6ed8\">Download<\/a><\/div>\n\n\n\n<h3 class=\"kt-adv-heading1725_82fc06-f1 wp-block-kadence-advancedheading\" data-kb-block=\"kb-adv-heading1725_82fc06-f1\">Za\u0142\u0105cznik 1: Deklaracja cz\u0142onkostwa<\/h3>\n\n\n\n<div data-wp-interactive=\"core\/file\" class=\"wp-block-file\"><object data-wp-bind--hidden=\"!state.hasPdfPreview\" hidden class=\"wp-block-file__embed\" data=\"https:\/\/spacecoffee.net\/wp-content\/uploads\/2026\/01\/Deklaracja_Czlonkostwa.pdf\" type=\"application\/pdf\" style=\"width:100%;height:600px\" aria-label=\"Osadzone z Deklaracja_Czlonkostwa.\"><\/object><a id=\"wp-block-file--media-f586776c-25f0-4715-9b66-52e0d21a85c6\" href=\"https:\/\/spacecoffee.net\/wp-content\/uploads\/2026\/01\/Deklaracja_Czlonkostwa.pdf\">Deklaracja_Czlonkostwa<\/a><a href=\"https:\/\/spacecoffee.net\/wp-content\/uploads\/2026\/01\/Deklaracja_Czlonkostwa.pdf\" class=\"wp-block-file__button wp-element-button\" download aria-describedby=\"wp-block-file--media-f586776c-25f0-4715-9b66-52e0d21a85c6\">Download<\/a><\/div>\n<\/div><\/div><\/div>\n<\/div>\n\n\n\n<div class=\"wp-block-greenshift-blocks-accordion gs-accordion gspb_accordion-id-gsbp-99052f1\" id=\"gspb_accordion-id-gsbp-99052f1\" >\n<div class=\"wp-block-greenshift-blocks-accordionitem gs-accordion-item gspb_accordionitem-gsbp-20db506 gsclose\" id=\"gspb_accordionitem-gsbp-20db506\" itemscope><div id=\"gs-trigger-gsbp-99052f1-0\" class=\"gs-accordion-item__title\" aria-expanded=\"false\" role=\"button\" tabindex=\"0\" aria-controls=\"gspb-accordion-item-content-gsbp-20db506\"><div class=\"gs-accordion-item__heading\">Zarz\u0105dzenie 001\/2025 Prezesa Studenckiego Ko\u0142a Naukowego SpaceCoffee<\/div><span class=\"iconfortoggle\"><span class=\"gs-iconbefore\"><\/span><span class=\"gs-iconafter\"><\/span><\/span><\/div><div aria-labelledby=\"gs-trigger-gsbp-99052f1-0\" class=\"gs-accordion-item__content\" itemscope id=\"gspb-accordion-item-content-gsbp-20db506\" aria-hidden=\"true\"><div class=\"gs-accordion-item__text\">\n<h3 class=\"kt-adv-heading1725_e39664-16 wp-block-kadence-advancedheading\" data-kb-block=\"kb-adv-heading1725_e39664-16\">Zarz\u0105dzenie 001\/2025 Prezesa SKN SpaceCoffee<\/h3>\n\n\n\n<div data-wp-interactive=\"core\/file\" class=\"wp-block-file\"><object data-wp-bind--hidden=\"!state.hasPdfPreview\" hidden class=\"wp-block-file__embed\" data=\"https:\/\/spacecoffee.net\/wp-content\/uploads\/2026\/01\/Zarzadzenie_001_2025.pdf\" type=\"application\/pdf\" style=\"width:100%;height:600px\" aria-label=\"Osadzone z Zarz\u0105dzenie_001_2025.\"><\/object><a id=\"wp-block-file--media-639209fd-5f51-45ac-aefa-607ae75c5d94\" href=\"https:\/\/spacecoffee.net\/wp-content\/uploads\/2026\/01\/Zarzadzenie_001_2025.pdf\">Zarz\u0105dzenie_001_2025<\/a><a href=\"https:\/\/spacecoffee.net\/wp-content\/uploads\/2026\/01\/Zarzadzenie_001_2025.pdf\" class=\"wp-block-file__button wp-element-button\" download aria-describedby=\"wp-block-file--media-639209fd-5f51-45ac-aefa-607ae75c5d94\">Download<\/a><\/div>\n<\/div><\/div><\/div>\n<\/div>\n\n\n\n<div class=\"wp-block-greenshift-blocks-accordion gs-accordion gspb_accordion-id-gsbp-4f2e19e\" id=\"gspb_accordion-id-gsbp-4f2e19e\" >\n<div class=\"wp-block-greenshift-blocks-accordionitem gs-accordion-item gspb_accordionitem-gsbp-07c5363 gsclose\" id=\"gspb_accordionitem-gsbp-07c5363\" itemscope><div id=\"gs-trigger-gsbp-4f2e19e-0\" class=\"gs-accordion-item__title\" aria-expanded=\"false\" role=\"button\" tabindex=\"0\" aria-controls=\"gspb-accordion-item-content-gsbp-07c5363\"><div class=\"gs-accordion-item__heading\">Zarz\u0105dzenie 001\/2026 Prezesa Studenckiego Ko\u0142a Naukowego SpaceCoffee<\/div><span class=\"iconfortoggle\"><span class=\"gs-iconbefore\"><\/span><span class=\"gs-iconafter\"><\/span><\/span><\/div><div aria-labelledby=\"gs-trigger-gsbp-4f2e19e-0\" class=\"gs-accordion-item__content\" itemscope id=\"gspb-accordion-item-content-gsbp-07c5363\" aria-hidden=\"true\"><div class=\"gs-accordion-item__text\">\n<h3 class=\"kt-adv-heading1725_3ee4fd-c5 wp-block-kadence-advancedheading\" data-kb-block=\"kb-adv-heading1725_3ee4fd-c5\">Zarz\u0105dzenie 001\/2026 Prezesa Studenckiego Ko\u0142a Naukowego SpaceCoffee<\/h3>\n\n\n\n<div data-wp-interactive=\"core\/file\" class=\"wp-block-file\"><object data-wp-bind--hidden=\"!state.hasPdfPreview\" hidden class=\"wp-block-file__embed\" data=\"https:\/\/spacecoffee.net\/wp-content\/uploads\/2026\/02\/Zarzadzenie_001_2026.pdf\" type=\"application\/pdf\" style=\"width:100%;height:600px\" aria-label=\"Osadzone z Zarz\u0105dzenie_001_2026.\"><\/object><a id=\"wp-block-file--media-91a742be-f23a-4dc8-a6fb-8e8bf85034e3\" href=\"https:\/\/spacecoffee.net\/wp-content\/uploads\/2026\/02\/Zarzadzenie_001_2026.pdf\">Zarz\u0105dzenie_001_2026<\/a><a href=\"https:\/\/spacecoffee.net\/wp-content\/uploads\/2026\/02\/Zarzadzenie_001_2026.pdf\" class=\"wp-block-file__button wp-element-button\" download aria-describedby=\"wp-block-file--media-91a742be-f23a-4dc8-a6fb-8e8bf85034e3\">Download<\/a><\/div>\n\n\n\n<h3 class=\"kt-adv-heading1725_73d0fc-08 wp-block-kadence-advancedheading\" data-kb-block=\"kb-adv-heading1725_73d0fc-08\">Za\u0142\u0105cznik 1: Wniosek o przyznanie dofinansowania (wersja edytowalna)<\/h3>\n\n\n\n<div class=\"wp-block-file\"><a id=\"wp-block-file--media-da03c046-8e83-4dbb-ad77-86035b261658\" href=\"https:\/\/spacecoffee.net\/wp-content\/uploads\/2026\/02\/Wniosek_Dofinansowanie.docx\">Wniosek_Dofinansowanie<\/a><a href=\"https:\/\/spacecoffee.net\/wp-content\/uploads\/2026\/02\/Wniosek_Dofinansowanie.docx\" class=\"wp-block-file__button wp-element-button\" download aria-describedby=\"wp-block-file--media-da03c046-8e83-4dbb-ad77-86035b261658\">Download<\/a><\/div>\n\n\n\n<h3 class=\"wp-block-heading\" id=\"zalacznik-1-wniosek-o-przyznanie-dofinansowania\">Za\u0142\u0105cznik 1: Wniosek o przyznanie dofinansowania<\/h3>\n\n\n\n<div data-wp-interactive=\"core\/file\" class=\"wp-block-file\"><object data-wp-bind--hidden=\"!state.hasPdfPreview\" hidden class=\"wp-block-file__embed\" data=\"https:\/\/spacecoffee.net\/wp-content\/uploads\/2026\/02\/Wniosek_Dofinansowanie.pdf\" type=\"application\/pdf\" style=\"width:100%;height:600px\" aria-label=\"Osadzone z Wniosek_Dofinansowanie.\"><\/object><a id=\"wp-block-file--media-2cb759f3-a89e-48b1-ac74-fbbaba0bc50d\" href=\"https:\/\/spacecoffee.net\/wp-content\/uploads\/2026\/02\/Wniosek_Dofinansowanie.pdf\">Wniosek_Dofinansowanie<\/a><a href=\"https:\/\/spacecoffee.net\/wp-content\/uploads\/2026\/02\/Wniosek_Dofinansowanie.pdf\" class=\"wp-block-file__button wp-element-button\" download aria-describedby=\"wp-block-file--media-2cb759f3-a89e-48b1-ac74-fbbaba0bc50d\">Download<\/a><\/div>\n<\/div><\/div><\/div>\n<\/div>\n\n\n\n<p><\/p>\n","protected":false},"excerpt":{"rendered":"","protected":false},"author":3,"featured_media":0,"parent":0,"menu_order":0,"comment_status":"closed","ping_status":"closed","template":"","meta":{"_gspb_post_css":"#gspb_accordion-id-gsbp-cdc30a0 .gs-accordion-item.gsclose>.gs-accordion-item__content{overflow:hidden;opacity:0}#gspb_accordion-id-gsbp-cdc30a0 .gs-accordion-item.gsopen>.gs-accordion-item__content{opacity:1;max-height:5000px}#gspb_accordion-id-gsbp-cdc30a0 .gs-accordion-item>.gs-accordion-item__title>.gs-accordion-item__heading{outline:0;text-decoration:none;margin:0!important;padding:0!important;flex-grow:1}#gspb_accordion-id-gsbp-cdc30a0 .gs-accordion-item>.gs-accordion-item__title{z-index:1;margin:0;cursor:pointer;transition:all .3s ease-in-out;position:relative;display:flex;justify-content:space-between;align-items:center;flex-wrap:nowrap}#gspb_accordion-id-gsbp-cdc30a0 .gs-accordion-item>.gs-accordion-item__content{z-index:0;position:relative;max-height:0;will-change:max-height;transition:all .25s ease-out}#gspb_accordion-id-gsbp-cdc30a0 .gs-accordion-item>.gs-accordion-item__content,#gspb_accordion-id-gsbp-cdc30a0 .gs-accordion-item>.gs-accordion-item__title{background-color:#f9f9f9;border-style:solid;border-width:1px;border-color:var(--wp--preset--color--border, #00000012)}#gspb_accordion-id-gsbp-cdc30a0 .gs-accordion-item>.gs-accordion-item__content{background-color:#fff;border-top-color:#00000000}#gspb_accordion-id-gsbp-cdc30a0 .gs-accordion-item>.gs-accordion-item__title span.iconfortoggle{margin-left:15px;display:inline-block;height:14px;width:14px;position:relative}#gspb_accordion-id-gsbp-4f2e19e .gs-accordion-item,#gspb_accordion-id-gsbp-99052f1 .gs-accordion-item,#gspb_accordion-id-gsbp-cdc30a0 .gs-accordion-item{margin-bottom:10px}#gspb_accordion-id-gsbp-cdc30a0 .gs-accordion-item>.gs-accordion-item__content>.gs-accordion-item__text,#gspb_accordion-id-gsbp-cdc30a0 .gs-accordion-item>.gs-accordion-item__title{padding:15px 20px}.gs-accordion .gs-accordion-item.gsopen .gs-accordion-item__title .gs-iconafter{transform:rotate(0)}#gspb_accordion-id-gsbp-99052f1 .gs-accordion-item.gsclose>.gs-accordion-item__content{overflow:hidden;opacity:0}#gspb_accordion-id-gsbp-99052f1 .gs-accordion-item.gsopen>.gs-accordion-item__content{opacity:1;max-height:5000px}#gspb_accordion-id-gsbp-99052f1 .gs-accordion-item>.gs-accordion-item__title>.gs-accordion-item__heading{outline:0;text-decoration:none;margin:0!important;padding:0!important;flex-grow:1}#gspb_accordion-id-gsbp-99052f1 .gs-accordion-item>.gs-accordion-item__title{z-index:1;margin:0;cursor:pointer;transition:all .3s ease-in-out;position:relative;display:flex;justify-content:space-between;align-items:center;flex-wrap:nowrap}#gspb_accordion-id-gsbp-99052f1 .gs-accordion-item>.gs-accordion-item__content{z-index:0;position:relative;max-height:0;will-change:max-height;transition:all .25s ease-out}#gspb_accordion-id-gsbp-99052f1 .gs-accordion-item>.gs-accordion-item__content,#gspb_accordion-id-gsbp-99052f1 .gs-accordion-item>.gs-accordion-item__title{background-color:#f9f9f9;border-style:solid;border-width:1px;border-color:var(--wp--preset--color--border, #00000012)}#gspb_accordion-id-gsbp-99052f1 .gs-accordion-item>.gs-accordion-item__content{background-color:#fff;border-top-color:#00000000}#gspb_accordion-id-gsbp-99052f1 .gs-accordion-item>.gs-accordion-item__content>.gs-accordion-item__text,#gspb_accordion-id-gsbp-99052f1 .gs-accordion-item>.gs-accordion-item__title{padding:15px 20px}#gspb_accordion-id-gsbp-4f2e19e .gs-accordion-item.gsclose>.gs-accordion-item__content{overflow:hidden;opacity:0}#gspb_accordion-id-gsbp-4f2e19e .gs-accordion-item.gsopen>.gs-accordion-item__content{opacity:1;max-height:5000px}#gspb_accordion-id-gsbp-4f2e19e .gs-accordion-item>.gs-accordion-item__title>.gs-accordion-item__heading{outline:0;text-decoration:none;margin:0!important;padding:0!important;flex-grow:1}#gspb_accordion-id-gsbp-4f2e19e .gs-accordion-item>.gs-accordion-item__title{z-index:1;margin:0;cursor:pointer;transition:all .3s ease-in-out;position:relative;display:flex;justify-content:space-between;align-items:center;flex-wrap:nowrap}#gspb_accordion-id-gsbp-4f2e19e .gs-accordion-item>.gs-accordion-item__content{z-index:0;position:relative;max-height:0;will-change:max-height;transition:all .25s ease-out}#gspb_accordion-id-gsbp-4f2e19e .gs-accordion-item>.gs-accordion-item__content,#gspb_accordion-id-gsbp-4f2e19e .gs-accordion-item>.gs-accordion-item__title{background-color:#f9f9f9;border-style:solid;border-width:1px;border-color:var(--wp--preset--color--border, #00000012)}#gspb_accordion-id-gsbp-4f2e19e .gs-accordion-item>.gs-accordion-item__content{background-color:#fff;border-top-color:#00000000}#gspb_accordion-id-gsbp-4f2e19e .gs-accordion-item>.gs-accordion-item__title span.iconfortoggle,#gspb_accordion-id-gsbp-99052f1 .gs-accordion-item>.gs-accordion-item__title span.iconfortoggle{margin-left:15px;display:inline-block;height:14px;width:14px;position:relative}#gspb_accordion-id-gsbp-4f2e19e .gs-accordion-item>.gs-accordion-item__content>.gs-accordion-item__text,#gspb_accordion-id-gsbp-4f2e19e .gs-accordion-item>.gs-accordion-item__title{padding:15px 20px}.gs-accordion .gs-accordion-item__title span.iconfortoggle .gs-iconafter,.gs-accordion .gs-accordion-item__title span.iconfortoggle .gs-iconbefore{content:'';width:14px;height:2px;border-radius:2px;background-color:#111;position:absolute;top:6px;left:0}.gs-accordion .gs-accordion-item__title span.iconfortoggle .gs-iconafter{transform:rotate(90deg);transition:all .3s ease-in-out}","pgc_sgb_lightbox_settings":"","footnotes":""},"class_list":["post-1725","page","type-page","status-publish","hentry"],"_links":{"self":[{"href":"https:\/\/spacecoffee.net\/pl\/wp-json\/wp\/v2\/pages\/1725","targetHints":{"allow":["GET"]}}],"collection":[{"href":"https:\/\/spacecoffee.net\/pl\/wp-json\/wp\/v2\/pages"}],"about":[{"href":"https:\/\/spacecoffee.net\/pl\/wp-json\/wp\/v2\/types\/page"}],"author":[{"embeddable":true,"href":"https:\/\/spacecoffee.net\/pl\/wp-json\/wp\/v2\/users\/3"}],"replies":[{"embeddable":true,"href":"https:\/\/spacecoffee.net\/pl\/wp-json\/wp\/v2\/comments?post=1725"}],"version-history":[{"count":16,"href":"https:\/\/spacecoffee.net\/pl\/wp-json\/wp\/v2\/pages\/1725\/revisions"}],"predecessor-version":[{"id":1817,"href":"https:\/\/spacecoffee.net\/pl\/wp-json\/wp\/v2\/pages\/1725\/revisions\/1817"}],"wp:attachment":[{"href":"https:\/\/spacecoffee.net\/pl\/wp-json\/wp\/v2\/media?parent=1725"}],"curies":[{"name":"wp","href":"https:\/\/api.w.org\/{rel}","templated":true}]}}