{"id":1514,"date":"2025-11-24T17:15:08","date_gmt":"2025-11-24T16:15:08","guid":{"rendered":"https:\/\/spacecoffee.net\/?page_id=1514"},"modified":"2026-04-14T17:09:32","modified_gmt":"2026-04-14T15:09:32","slug":"partners","status":"publish","type":"page","link":"https:\/\/spacecoffee.net\/pl\/partners\/","title":{"rendered":"Partnerzy SKN SpaceCoffee"},"content":{"rendered":"\n<div style=\"height:100px\" aria-hidden=\"true\" class=\"wp-block-spacer\"><\/div>\n\n\n\n<h3>Firmy partnerskie<\/h3>\n\n\n\n<div class=\"wp-block-columns is-layout-flex wp-container-core-columns-is-layout-28f84493 wp-block-columns-is-layout-flex\">\n<div class=\"wp-block-column is-layout-flow wp-block-column-is-layout-flow\">\n<div class=\"wp-block-group is-nowrap is-layout-flex wp-container-core-group-is-layout-6c531013 wp-block-group-is-layout-flex\">\n<figure class=\"wp-block-image size-large is-resized\"><a href=\"https:\/\/fundacjalukasiewicza.orlen.pl\/\"><img loading=\"lazy\" decoding=\"async\" width=\"1024\" height=\"249\" src=\"https:\/\/spacecoffee.net\/wp-content\/uploads\/2025\/12\/logo_uzup_rgb-1024x249.png\" alt=\"\" class=\"wp-image-1698\" style=\"width:350px\" srcset=\"https:\/\/spacecoffee.net\/wp-content\/uploads\/2025\/12\/logo_uzup_rgb-1024x249.png 1024w, https:\/\/spacecoffee.net\/wp-content\/uploads\/2025\/12\/logo_uzup_rgb-300x73.png 300w, https:\/\/spacecoffee.net\/wp-content\/uploads\/2025\/12\/logo_uzup_rgb-768x186.png 768w, https:\/\/spacecoffee.net\/wp-content\/uploads\/2025\/12\/logo_uzup_rgb-1536x373.png 1536w, https:\/\/spacecoffee.net\/wp-content\/uploads\/2025\/12\/logo_uzup_rgb-2048x497.png 2048w, https:\/\/spacecoffee.net\/wp-content\/uploads\/2025\/12\/logo_uzup_rgb-18x4.png 18w\" sizes=\"auto, (max-width: 1024px) 100vw, 1024px\" \/><\/a><\/figure>\n\n\n\n<p class=\"wp-container-content-c9763a5f\"><strong>Fundacja im. Ignacego \u0141ukasiewicza ORLEN<\/strong> wspar\u0142a SKN SpaceCoffee w 2026 roku, grantem w wysoko\u015bci 45 000 z\u0142, za po\u015brednictwem programu TURBOgrant.<\/p>\n<\/div>\n\n\n\n<div class=\"wp-block-group is-nowrap is-layout-flex wp-container-core-group-is-layout-6c531013 wp-block-group-is-layout-flex\">\n<p class=\"wp-container-content-c9763a5f\">Firma <strong>Dassault Syst\u00e8mes<\/strong> wspiera SKN SpaceCoffee od 2025 roku, dostarczaj\u0105c Cz\u0142onkom Ko\u0142a dost\u0119p do platformy 3DEXPERIENCE, w tym program\u00f3w CATIA i SIMULIA.<\/p>\n\n\n\n<figure class=\"wp-block-image size-large is-resized\"><a href=\"https:\/\/www.3ds.com\/\"><img loading=\"lazy\" decoding=\"async\" width=\"1024\" height=\"317\" src=\"https:\/\/spacecoffee.net\/wp-content\/uploads\/2025\/10\/Dassault_Systemes_logo.svg_-1024x317.png\" alt=\"\" class=\"wp-image-1311\" style=\"width:350px\" srcset=\"https:\/\/spacecoffee.net\/wp-content\/uploads\/2025\/10\/Dassault_Systemes_logo.svg_-1024x317.png 1024w, https:\/\/spacecoffee.net\/wp-content\/uploads\/2025\/10\/Dassault_Systemes_logo.svg_-300x93.png 300w, https:\/\/spacecoffee.net\/wp-content\/uploads\/2025\/10\/Dassault_Systemes_logo.svg_-768x237.png 768w, https:\/\/spacecoffee.net\/wp-content\/uploads\/2025\/10\/Dassault_Systemes_logo.svg_-18x6.png 18w, https:\/\/spacecoffee.net\/wp-content\/uploads\/2025\/10\/Dassault_Systemes_logo.svg_.png 1200w\" sizes=\"auto, (max-width: 1024px) 100vw, 1024px\" \/><\/a><\/figure>\n<\/div>\n\n\n\n<div class=\"wp-block-group is-nowrap is-layout-flex wp-container-core-group-is-layout-6c531013 wp-block-group-is-layout-flex\">\n<figure class=\"wp-block-image size-full is-resized\"><a href=\"https:\/\/3dconnexion.com\/pl\/\"><img loading=\"lazy\" decoding=\"async\" width=\"800\" height=\"180\" src=\"https:\/\/spacecoffee.net\/wp-content\/uploads\/2025\/11\/3dconnexion_logo.png\" alt=\"\" class=\"wp-image-1458\" style=\"width:350px\" srcset=\"https:\/\/spacecoffee.net\/wp-content\/uploads\/2025\/11\/3dconnexion_logo.png 800w, https:\/\/spacecoffee.net\/wp-content\/uploads\/2025\/11\/3dconnexion_logo-300x68.png 300w, https:\/\/spacecoffee.net\/wp-content\/uploads\/2025\/11\/3dconnexion_logo-768x173.png 768w, https:\/\/spacecoffee.net\/wp-content\/uploads\/2025\/11\/3dconnexion_logo-18x4.png 18w\" sizes=\"auto, (max-width: 800px) 100vw, 800px\" \/><\/a><\/figure>\n\n\n\n<p class=\"wp-container-content-c9763a5f\">Firma <strong>3Dconnexion<\/strong> wspiera SKN SpaceCoffee od 2025 roku, daj\u0105c Cz\u0142onkom Ko\u0142a zni\u017cki na swoje urz\u0105dzenia, m.in. SpaceMouse, kt\u00f3re s\u0105 niezwykle u\u017cyteczne w projektowaniu CAD.<\/p>\n<\/div>\n\n\n\n<div class=\"wp-block-group is-nowrap is-layout-flex wp-container-core-group-is-layout-6c531013 wp-block-group-is-layout-flex\">\n<p class=\"wp-container-content-c9763a5f\">Firma <strong>433<\/strong> wspiera SKN SpaceCoffee od 2024 roku, dostarczaj\u0105c przedmioty promocyjne i odzie\u017c firmow\u0105 oraz oferuj\u0105c zni\u017cki na us\u0142ugi poligraficzne.<\/p>\n\n\n\n<figure class=\"wp-block-image size-full is-resized has-custom-border wp-container-content-6884ef2a\"><a href=\"https:\/\/www.433.pl\/\"><img loading=\"lazy\" decoding=\"async\" width=\"194\" height=\"67\" src=\"https:\/\/spacecoffee.net\/wp-content\/uploads\/2026\/04\/433.png\" alt=\"\" class=\"wp-image-1953\" style=\"border-radius:0px;width:350px\" srcset=\"https:\/\/spacecoffee.net\/wp-content\/uploads\/2026\/04\/433.png 194w, https:\/\/spacecoffee.net\/wp-content\/uploads\/2026\/04\/433-18x6.png 18w\" sizes=\"auto, (max-width: 194px) 100vw, 194px\" \/><\/a><\/figure>\n<\/div>\n\n\n\n<div class=\"wp-block-group is-nowrap is-layout-flex wp-container-core-group-is-layout-6c531013 wp-block-group-is-layout-flex\">\n<figure class=\"wp-block-image size-full is-resized has-custom-border\"><a href=\"https:\/\/lightburnsoftware.com\/\"><img loading=\"lazy\" decoding=\"async\" width=\"1137\" height=\"233\" src=\"https:\/\/spacecoffee.net\/wp-content\/uploads\/2025\/04\/LightBurn_Wordmark.webp\" alt=\"\" class=\"wp-image-1168\" style=\"border-radius:0px;width:350px\" srcset=\"https:\/\/spacecoffee.net\/wp-content\/uploads\/2025\/04\/LightBurn_Wordmark.webp 1137w, https:\/\/spacecoffee.net\/wp-content\/uploads\/2025\/04\/LightBurn_Wordmark-300x61.webp 300w, https:\/\/spacecoffee.net\/wp-content\/uploads\/2025\/04\/LightBurn_Wordmark-1024x210.webp 1024w, https:\/\/spacecoffee.net\/wp-content\/uploads\/2025\/04\/LightBurn_Wordmark-768x157.webp 768w, https:\/\/spacecoffee.net\/wp-content\/uploads\/2025\/04\/LightBurn_Wordmark-18x4.webp 18w\" sizes=\"auto, (max-width: 1137px) 100vw, 1137px\" \/><\/a><\/figure>\n\n\n\n<p class=\"wp-container-content-c9763a5f\">Firma <strong>LightBurn Software<\/strong> wspiera SKN SpaceCoffee od 2024 roku, dostarczaj\u0105c dost\u0119p do oprogramowania do ci\u0119cia laserowego, niezb\u0119dnego w produkcji element\u00f3w drewnianych.<\/p>\n<\/div>\n\n\n\n<div class=\"wp-block-group is-nowrap is-layout-flex wp-container-core-group-is-layout-6c531013 wp-block-group-is-layout-flex\">\n<p class=\"wp-container-content-c9763a5f\">Firma <strong>Botland <\/strong>wspiera SKN SpaceCoffee od 2024 roku, daj\u0105c Cz\u0142onkom Ko\u0142a zni\u017cki na wybrane produkty z oferty swojego sklepu.<\/p>\n\n\n\n<figure class=\"wp-block-image size-full is-resized\"><a href=\"https:\/\/botland.com.pl\/?utm_source=kn&amp;utm_medium=social-media&amp;utm_campaign=spacecoffee-2024\"><img loading=\"lazy\" decoding=\"async\" width=\"720\" height=\"200\" src=\"https:\/\/spacecoffee.net\/wp-content\/uploads\/2024\/09\/botland-720x200-bl-nk.png\" alt=\"\" class=\"wp-image-804\" style=\"width:350px\" srcset=\"https:\/\/spacecoffee.net\/wp-content\/uploads\/2024\/09\/botland-720x200-bl-nk.png 720w, https:\/\/spacecoffee.net\/wp-content\/uploads\/2024\/09\/botland-720x200-bl-nk-300x83.png 300w, https:\/\/spacecoffee.net\/wp-content\/uploads\/2024\/09\/botland-720x200-bl-nk-18x5.png 18w\" sizes=\"auto, (max-width: 720px) 100vw, 720px\" \/><\/a><\/figure>\n<\/div>\n<\/div>\n<\/div>\n\n\n\n<h3>Partnerzy akademiccy<\/h3>\n\n\n\n<div class=\"wp-block-columns is-layout-flex wp-container-core-columns-is-layout-28f84493 wp-block-columns-is-layout-flex\">\n<div class=\"wp-block-column is-layout-flow wp-block-column-is-layout-flow\">\n<div class=\"wp-block-group is-nowrap is-layout-flex wp-container-core-group-is-layout-6c531013 wp-block-group-is-layout-flex\">\n<figure class=\"wp-block-image size-large is-resized\"><a href=\"https:\/\/www.polsl.pl\/\"><img loading=\"lazy\" decoding=\"async\" width=\"1024\" height=\"298\" src=\"https:\/\/spacecoffee.net\/wp-content\/uploads\/2025\/11\/politechnika_sl_logo_poziom_en_rgb-1024x298.png\" alt=\"\" class=\"wp-image-1461\" style=\"width:350px\" srcset=\"https:\/\/spacecoffee.net\/wp-content\/uploads\/2025\/11\/politechnika_sl_logo_poziom_en_rgb-1024x298.png 1024w, https:\/\/spacecoffee.net\/wp-content\/uploads\/2025\/11\/politechnika_sl_logo_poziom_en_rgb-300x87.png 300w, https:\/\/spacecoffee.net\/wp-content\/uploads\/2025\/11\/politechnika_sl_logo_poziom_en_rgb-768x223.png 768w, https:\/\/spacecoffee.net\/wp-content\/uploads\/2025\/11\/politechnika_sl_logo_poziom_en_rgb-1536x447.png 1536w, https:\/\/spacecoffee.net\/wp-content\/uploads\/2025\/11\/politechnika_sl_logo_poziom_en_rgb-2048x596.png 2048w, https:\/\/spacecoffee.net\/wp-content\/uploads\/2025\/11\/politechnika_sl_logo_poziom_en_rgb-18x5.png 18w\" sizes=\"auto, (max-width: 1024px) 100vw, 1024px\" \/><\/a><\/figure>\n\n\n\n<p class=\"wp-container-content-c9763a5f\"><strong>Politechnika \u015al\u0105ska<\/strong> wspiera SKN SpaceCoffee, zapewniaj\u0105c wsparcie finansowe oraz organizacyjne i promocyjne dzia\u0142alno\u015bci Ko\u0142a.<\/p>\n<\/div>\n\n\n\n<div class=\"wp-block-group is-nowrap is-layout-flex wp-container-core-group-is-layout-6c531013 wp-block-group-is-layout-flex\">\n<p class=\"wp-container-content-c9763a5f\"><strong>Wydzia\u0142 Automatyki, Elektroniki i Informatyki<\/strong> wspiera SKN SpaceCoffee, zapewniaj\u0105c opiek\u0119 merytoryczn\u0105 oraz wsparcie finansowe. Od 2024 roku Ko\u0142o dzia\u0142a przy Wydziale AEI jako Studenckie Ko\u0142o Naukowe.<\/p>\n\n\n\n<figure class=\"wp-block-image size-full is-resized\"><a href=\"https:\/\/www.polsl.pl\/rau\/\"><img loading=\"lazy\" decoding=\"async\" width=\"818\" height=\"207\" src=\"https:\/\/spacecoffee.net\/wp-content\/uploads\/2025\/11\/aei-politechnika-slaska.png\" alt=\"\" class=\"wp-image-1462\" style=\"width:350px\" srcset=\"https:\/\/spacecoffee.net\/wp-content\/uploads\/2025\/11\/aei-politechnika-slaska.png 818w, https:\/\/spacecoffee.net\/wp-content\/uploads\/2025\/11\/aei-politechnika-slaska-300x76.png 300w, https:\/\/spacecoffee.net\/wp-content\/uploads\/2025\/11\/aei-politechnika-slaska-768x194.png 768w, https:\/\/spacecoffee.net\/wp-content\/uploads\/2025\/11\/aei-politechnika-slaska-18x5.png 18w\" sizes=\"auto, (max-width: 818px) 100vw, 818px\" \/><\/a><\/figure>\n<\/div>\n\n\n\n<div class=\"wp-block-group is-nowrap is-layout-flex wp-container-core-group-is-layout-6c531013 wp-block-group-is-layout-flex\">\n<figure class=\"wp-block-image size-full is-resized\"><a href=\"https:\/\/alogliwice.polsl.pl\/\"><img loading=\"lazy\" decoding=\"async\" width=\"325\" height=\"90\" src=\"https:\/\/spacecoffee.net\/wp-content\/uploads\/2025\/11\/logoalo-gliwice.png\" alt=\"\" class=\"wp-image-1463\" style=\"width:350px\" srcset=\"https:\/\/spacecoffee.net\/wp-content\/uploads\/2025\/11\/logoalo-gliwice.png 325w, https:\/\/spacecoffee.net\/wp-content\/uploads\/2025\/11\/logoalo-gliwice-300x83.png 300w, https:\/\/spacecoffee.net\/wp-content\/uploads\/2025\/11\/logoalo-gliwice-18x5.png 18w\" sizes=\"auto, (max-width: 325px) 100vw, 325px\" \/><\/a><\/figure>\n\n\n\n<p class=\"wp-container-content-c9763a5f\"><strong>Akademickie Liceum Og\u00f3lnokszta\u0142c\u0105ce Politechniki \u015al\u0105skiej w Gliwicach<\/strong> wspiera SKN SpaceCoffee, zapewniaj\u0105c dodatkowe finansowanie Ko\u0142a oraz w\u0142\u0105czaj\u0105c uczni\u00f3w ALO w jego dzia\u0142alno\u015b\u0107. W latach 2021\u20132023 Ko\u0142o dzia\u0142a\u0142o jako Ko\u0142o Robotyczne SpaceCoffee przy ALO.<\/p>\n<\/div>\n<\/div>\n<\/div>\n\n\n\n<p><\/p>\n","protected":false},"excerpt":{"rendered":"<p>Fundacja im. Ignacego \u0141ukasiewicza ORLEN wspar\u0142a SKN SpaceCoffee w 2026 roku, grantem w wysoko\u015bci 45 000 z\u0142, za po\u015brednictwem programu TURBOgrant. Firma Dassault Syst\u00e8mes wspiera SKN SpaceCoffee od 2025 roku, dostarczaj\u0105c Cz\u0142onkom Ko\u0142a dost\u0119p do platformy 3DEXPERIENCE, w tym program\u00f3w CATIA i SIMULIA. Firma 3Dconnexion wspiera SKN SpaceCoffee od 2025 roku, daj\u0105c Cz\u0142onkom Ko\u0142a zni\u017cki [&hellip;]<\/p>\n","protected":false},"author":3,"featured_media":0,"parent":0,"menu_order":0,"comment_status":"closed","ping_status":"closed","template":"","meta":{"_gspb_post_css":"","pgc_sgb_lightbox_settings":"","footnotes":""},"class_list":["post-1514","page","type-page","status-publish","hentry"],"_links":{"self":[{"href":"https:\/\/spacecoffee.net\/pl\/wp-json\/wp\/v2\/pages\/1514","targetHints":{"allow":["GET"]}}],"collection":[{"href":"https:\/\/spacecoffee.net\/pl\/wp-json\/wp\/v2\/pages"}],"about":[{"href":"https:\/\/spacecoffee.net\/pl\/wp-json\/wp\/v2\/types\/page"}],"author":[{"embeddable":true,"href":"https:\/\/spacecoffee.net\/pl\/wp-json\/wp\/v2\/users\/3"}],"replies":[{"embeddable":true,"href":"https:\/\/spacecoffee.net\/pl\/wp-json\/wp\/v2\/comments?post=1514"}],"version-history":[{"count":9,"href":"https:\/\/spacecoffee.net\/pl\/wp-json\/wp\/v2\/pages\/1514\/revisions"}],"predecessor-version":[{"id":1958,"href":"https:\/\/spacecoffee.net\/pl\/wp-json\/wp\/v2\/pages\/1514\/revisions\/1958"}],"wp:attachment":[{"href":"https:\/\/spacecoffee.net\/pl\/wp-json\/wp\/v2\/media?parent=1514"}],"curies":[{"name":"wp","href":"https:\/\/api.w.org\/{rel}","templated":true}]}}