{"id":1358,"date":"2025-11-25T18:44:07","date_gmt":"2025-11-25T17:44:07","guid":{"rendered":"https:\/\/spacecoffee.net\/?page_id=1358"},"modified":"2026-04-07T11:38:20","modified_gmt":"2026-04-07T09:38:20","slug":"rakieta","status":"publish","type":"page","link":"https:\/\/spacecoffee.net\/pl\/projekty\/rakieta\/","title":{"rendered":"Rakieta"},"content":{"rendered":"\n<h4 class=\"wp-block-heading\" id=\"wprowadzenie\">Wprowadzenie<\/h4>\n\n\n\n<p>Projekt zak\u0142ada budow\u0119 i testy rakiety eksperymentalnej. Gotowa rakieta ma zosta\u0107 wystrzelona w powietrze, s\u0142u\u017c\u0105c do zbierania danych telemetrycznych oraz sprawdzenia system\u00f3w odzysku i stabilno\u015bci lotu. <\/p>\n\n\n\n<p>Jeszcze niedawno zaawansowane badania atmosferyczne by\u0142y zarezerwowane dla wielkich instytut\u00f3w, a dzi\u015b zrobotyzowane konstrukcje\u2014rakiety eksperymentalne\u2014pozwalaj\u0105 nam na samodzielne sondowanie nieba. Ich g\u0142\u00f3wn\u0105 misj\u0105 jest zbieranie bezcennych danych o stanie powietrza oraz testowanie nowoczesnych system\u00f3w telemetrii. Badania te s\u0105 znacz\u0105cym krokiem ku rozszerzaniu naszej wiedzy in\u017cynieryjnej, a inspiracja dynamicznym rozwojem sektora kosmicznego sk\u0142oni\u0142a nas do zbudowania w\u0142asnej, odzyskiwalnej platformy badawczej.<\/p>\n\n\n\n<p>Konstrukcja rakiety prototypowej pozwoli na zbieranie danych naukowych o atmosferze, m.in. st\u0119\u017cenia CO2 i py\u0142\u00f3w PM2.5, na r\u00f3\u017cnych wysoko\u015bciach. Urz\u0105dzenie b\u0119dzie posiada\u0142o autorski system telemetrii, lokalizacj\u0119 GNSS oraz pok\u0142adow\u0105 kamer\u0119 wysokiej rozdzielczo\u015bci. Dzi\u0119ki zastosowaniu spadochronu rakieta b\u0119dzie wielokrotnego u\u017cytku.<\/p>\n\n\n\n<h4 class=\"wp-block-heading\" id=\"cele-i-zalozenia-projektu\">Cele i za\u0142o\u017cenia projektu<\/h4>\n\n\n\n<p id=\"p-rc_dfd97427fd3d9af1-112\">G\u0142\u00f3wnym za\u0142o\u017ceniem jest zaprojektowanie i budowa ma\u0142ej rakiety eksperymentalnej, zdolnej do osi\u0105gni\u0119cia pu\u0142apu <strong>800 metr\u00f3w<\/strong>.<\/p>\n\n\n\n<h5 class=\"wp-block-heading\" id=\"zaplanowany-zestaw-funkcji\">Zaplanowany zestaw funkcji:<\/h5>\n\n\n\n<ul class=\"wp-block-list\">\n<li>Zbieranie danych naukowych dotycz\u0105cych atmosfery (st\u0119\u017cenie CO2 i PM2.5).<\/li>\n\n\n\n<li>Transmisja<strong> <\/strong>danych telemetrycznych w trakcie lotu do stacji naziemnej.<\/li>\n\n\n\n<li>Automatyczne otwarcie spadochronu w celu bezpiecznego odzyskania konstrukcji.<\/li>\n\n\n\n<li>Rejestrowanie materia\u0142u wideo wysokiej jako\u015bci z pok\u0142adu rakiety.<\/li>\n\n\n\n<li>Wykorzystanie lokalizacji GNSS do \u015bledzenia trasy i odnalezienia rakiety po l\u0105dowaniu.<\/li>\n\n\n\n<li>Przeprowadzenie test\u00f3w iteracyjnych, rozpoczynaj\u0105c od mniejszych silnik\u00f3w klasy D w celu walidacji system\u00f3w.<\/li>\n<\/ul>\n\n\n\n<h4 class=\"wp-block-heading\" id=\"moduly-i-ich-implementacja-oraz-realizacja-prac\">Modu\u0142y i ich implementacja oraz realizacja prac<\/h4>\n\n\n\n<p>Podczas realizacji projektu przewidziano podzia\u0142 prac na kluczowe etapy techniczne:<\/p>\n\n\n\n<ul class=\"wp-block-list\">\n<li><strong>Projektowanie CAD i symulacje<\/strong>: wykonanie analizy rozwi\u0105za\u0144 oraz symulacji aerodynamicznych.<\/li>\n\n\n\n<li><strong>Opracowanie elektroniki<\/strong>: dob\u00f3r podzespo\u0142\u00f3w i projekt uk\u0142adu PCB, zawieraj\u0105cego komputer pok\u0142adowy, IMU oraz sensory \u015brodowiskowe.<\/li>\n\n\n\n<li><strong>Tworzenie oprogramowania<\/strong>: przygotowanie systemu zdalnej komunikacji, telemetrii oraz obs\u0142ugi stacji naziemnej.<\/li>\n\n\n\n<li><strong>Integracja i testy statyczne<\/strong>: z\u0142\u0105czenie wszystkich komponent\u00f3w i test zasi\u0119gu oraz stabilno\u015bci komunikacji radiowej przed lotem.<\/li>\n\n\n\n<li><strong>Walidacja terenowa<\/strong>: loty testowe (klasa D) oraz loty operacyjne (klasa F) w celu zebrania danych naukowych.<\/li>\n<\/ul>\n\n\n\n<div class=\"wp-block-kadence-image kb-image1358_087e0c-ae\"><figure class=\"aligncenter size-full\"><img loading=\"lazy\" decoding=\"async\" width=\"673\" height=\"495\" src=\"https:\/\/spacecoffee.net\/wp-content\/uploads\/2025\/11\/Zrzut-ekranu-2025-11-24-163537.png\" alt=\"\" class=\"kb-img wp-image-1498\" srcset=\"https:\/\/spacecoffee.net\/wp-content\/uploads\/2025\/11\/Zrzut-ekranu-2025-11-24-163537.png 673w, https:\/\/spacecoffee.net\/wp-content\/uploads\/2025\/11\/Zrzut-ekranu-2025-11-24-163537-300x221.png 300w, https:\/\/spacecoffee.net\/wp-content\/uploads\/2025\/11\/Zrzut-ekranu-2025-11-24-163537-16x12.png 16w\" sizes=\"auto, (max-width: 673px) 100vw, 673px\" \/><figcaption>Inspiracja dla budowanego prototypu<\/figcaption><\/figure><\/div>\n","protected":false},"excerpt":{"rendered":"<p>Wprowadzenie Projekt zak\u0142ada budow\u0119 i testy rakiety eksperymentalnej. Gotowa rakieta ma zosta\u0107 wystrzelona w powietrze, s\u0142u\u017c\u0105c do zbierania danych telemetrycznych oraz sprawdzenia system\u00f3w odzysku i stabilno\u015bci lotu. Jeszcze niedawno zaawansowane badania atmosferyczne by\u0142y zarezerwowane dla wielkich instytut\u00f3w, a dzi\u015b zrobotyzowane konstrukcje\u2014rakiety eksperymentalne\u2014pozwalaj\u0105 nam na samodzielne sondowanie nieba. Ich g\u0142\u00f3wn\u0105 misj\u0105 jest zbieranie bezcennych danych o [&hellip;]<\/p>\n","protected":false},"author":4,"featured_media":1498,"parent":83,"menu_order":0,"comment_status":"closed","ping_status":"closed","template":"","meta":{"_gspb_post_css":"","pgc_sgb_lightbox_settings":"","footnotes":""},"class_list":["post-1358","page","type-page","status-publish","has-post-thumbnail","hentry"],"_links":{"self":[{"href":"https:\/\/spacecoffee.net\/pl\/wp-json\/wp\/v2\/pages\/1358","targetHints":{"allow":["GET"]}}],"collection":[{"href":"https:\/\/spacecoffee.net\/pl\/wp-json\/wp\/v2\/pages"}],"about":[{"href":"https:\/\/spacecoffee.net\/pl\/wp-json\/wp\/v2\/types\/page"}],"author":[{"embeddable":true,"href":"https:\/\/spacecoffee.net\/pl\/wp-json\/wp\/v2\/users\/4"}],"replies":[{"embeddable":true,"href":"https:\/\/spacecoffee.net\/pl\/wp-json\/wp\/v2\/comments?post=1358"}],"version-history":[{"count":4,"href":"https:\/\/spacecoffee.net\/pl\/wp-json\/wp\/v2\/pages\/1358\/revisions"}],"predecessor-version":[{"id":1935,"href":"https:\/\/spacecoffee.net\/pl\/wp-json\/wp\/v2\/pages\/1358\/revisions\/1935"}],"up":[{"embeddable":true,"href":"https:\/\/spacecoffee.net\/pl\/wp-json\/wp\/v2\/pages\/83"}],"wp:featuredmedia":[{"embeddable":true,"href":"https:\/\/spacecoffee.net\/pl\/wp-json\/wp\/v2\/media\/1498"}],"wp:attachment":[{"href":"https:\/\/spacecoffee.net\/pl\/wp-json\/wp\/v2\/media?parent=1358"}],"curies":[{"name":"wp","href":"https:\/\/api.w.org\/{rel}","templated":true}]}}