{"id":1245,"date":"2025-09-07T23:00:58","date_gmt":"2025-09-07T21:00:58","guid":{"rendered":"https:\/\/spacecoffee.net\/?page_id=1245"},"modified":"2026-02-12T18:35:34","modified_gmt":"2026-02-12T17:35:34","slug":"spacereeds","status":"publish","type":"page","link":"https:\/\/spacecoffee.net\/pl\/projekty\/cansat\/cansat-2024-2025\/spacereeds\/","title":{"rendered":"SpaceReeds"},"content":{"rendered":"\n<p>SpaceReeds to dru\u017cyna SpaceCoffee realizuj\u0105ca projekt CanSat.<\/p>\n\n\n\n<p>Projekt SpaceReeds CanSat koncentruje si\u0119 na opracowaniu miniaturowego satelity przeznaczonego do pomiaru parametr\u00f3w atmosferycznych oraz stworzeniu systemu komunikacji bezprzewodowej wykorzystuj\u0105cego sie\u0107 satelit\u00f3w powietrznych typu przeka\u017anikowego. Misja ma na celu zbadanie zastosowa\u0144 ma\u0142ych przeka\u017anik\u00f3w komunikacyjnych w trudno dost\u0119pnych lub odleg\u0142ych regionach, takich jak obszary g\u00f3rskie, gdzie tradycyjna infrastruktura komunikacyjna jest ograniczona. System ma wspiera\u0107 dzia\u0142ania ratownicze i badania terenowe poprzez zwi\u0119kszenie mo\u017cliwo\u015bci komunikacyjnych i bezpiecze\u0144stwa. Nazwa zespo\u0142u, a konkretnie jej cz\u0142on \u201cReed\u201d, odzwierciedla struktur\u0119 sieci, inspirowan\u0105 wzajemnie po\u0142\u0105czonymi korzeniami trzcin, symbolizuj\u0105cymi po\u0142\u0105czone ze sob\u0105 w\u0119z\u0142y komunikacyjne systemu.<\/p>\n\n\n\n<p class=\"has-text-align-center\"><img loading=\"lazy\" decoding=\"async\" alt=\"https:\/\/cdn.discordapp.com\/attachments\/1157298050486784024\/1290041652769194016\/Untitled36_20240929220449.png?ex=671216a9&amp;is=6710c529&amp;hm=1800c806ed8b42ee7b94c10d9f9aa2919b1c9fda34fe1e677f821805f6d2597d&amp;=\" src=\"https:\/\/lh7-rt.googleusercontent.com\/docsz\/AD_4nXdT38X7ggU37sXcPkYv_DYbvNVUCHN8fpJvFsTLuVK3pqMk2DUarsO6Sp8eWV0aD2qvMzUeWdTlC5Y_WbWWwX3KWLDe19vctJ9fmF2b5zxWXq9l8fZW5NIJb4PWsMmOGsnavZ21paxzkXC88TgqVvrGSFtZVK_7clFNh3p9fpn0toPT?key=NnXujI-0ohAjbcNsRAEalA\" width=\"459\" height=\"459\"><\/p>\n\n\n\n<h4 class=\"wp-block-heading\" id=\"cele-misji\">Cele misji<\/h4>\n\n\n\n<p>G\u0142\u00f3wnym celem misji jest pomiar temperatury, wilgotno\u015bci i ci\u015bnienia powietrza podczas opadania. Dane te zostan\u0105 wykorzystane do scharakteryzowania warunk\u00f3w pogodowych i \u015brodowiskowych, stanowi\u0105c podstaw\u0119 dla misji dodatkowej.<\/p>\n\n\n\n<p>Misja drugorz\u0119dna koncentruje si\u0119 na stworzeniu bezprzewodowej sieci komunikacyjnej z wykorzystaniem w\u0119z\u0142a powietrznego typu przeka\u017anikowego, reprezentowanego przez CanSat. Celem jest opracowanie systemu umo\u017cliwiaj\u0105cego wymian\u0119 danych mi\u0119dzy stacjami naziemnymi a urz\u0105dzeniami zdalnymi, symuluj\u0105cego sie\u0107 satelitarn\u0105, kt\u00f3ra mog\u0142aby by\u0107 wykorzystywana do komunikacji w obszarach g\u00f3rskich lub odizolowanych.<\/p>\n\n\n\n<p>W trakcie trwania misji CanSat zostanie spuszczony z wysoko\u015bci oko\u0142o 2500 metr\u00f3w. Podczas opadania b\u0119dzie rejestrowa\u0142 ci\u015bnienie powietrza, temperatur\u0119 i wilgotno\u015b\u0107, jednocze\u015bnie przekazuj\u0105c dane mi\u0119dzy dwoma komputerami naziemnymi, tworz\u0105c prost\u0105 sie\u0107 komunikacyjn\u0105. Zmierzone parametry b\u0119d\u0105 wy\u015bwietlane na \u017cywo w stacji naziemnej i zapisywane lokalnie na karcie microSD w celu dalszej analizy.<\/p>\n\n\n\n<h4 class=\"wp-block-heading\" id=\"projekt-mechaniczny-i-konstrukcji\">Projekt mechaniczny i konstrukcji<\/h4>\n\n\n\n<p>CanSat sk\u0142ada si\u0119 z dw\u00f3ch g\u0142\u00f3wnych cz\u0119\u015bci: rdzenia i obudowy ochronnej.<\/p>\n\n\n\n<p>Obudowa, wykonana z p\u00f3\u0142przezroczystego PETG wydrukowanego w 3D, zapewnia zar\u00f3wno ochron\u0119, jak i widoczno\u015b\u0107 wewn\u0119trznych komponent\u00f3w. Trzy metalowe pr\u0119ty zapewniaj\u0105 integralno\u015b\u0107 strukturaln\u0105 i sztywno\u015b\u0107. Obudowa sk\u0142ada si\u0119 z g\u00f3rnej i dolnej pokrywy, trzech pionowych belek no\u015bnych zamontowanych na pr\u0119tach oraz trzech \u015bcianek bocznych, kt\u00f3re wsuwaj\u0105 si\u0119 na miejsce i s\u0105 zabezpieczone pokrywami.<\/p>\n\n\n\n<p>Wewn\u0119trzny rdze\u0144 zawiera trzy pionowo ustawione p\u0142yty monta\u017cowe dla czujnik\u00f3w, mikrokontroler\u00f3w i innych element\u00f3w elektronicznych. Ta modu\u0142owa konstrukcja zapewnia \u0142atwy dost\u0119p do element\u00f3w monta\u017cowych i baterii, zachowuj\u0105c jednocze\u015bnie kompaktow\u0105 i trwa\u0142\u0105 struktur\u0119.<\/p>\n\n\n\n<figure class=\"wp-block-gallery has-nested-images columns-default is-cropped wp-block-gallery-1 is-layout-flex wp-block-gallery-is-layout-flex\"><\/figure>\n\n\n\n<h4 class=\"wp-block-heading\" id=\"projekt-elektroniki\">Projekt elektroniki<\/h4>\n\n\n\n<p>System elektroniki sk\u0142ada si\u0119 z modu\u0142\u00f3w wspieraj\u0105cych zar\u00f3wno g\u0142\u00f3wne, jak i dodatkowe cele misji. Projekt skupia si\u0119 na wydajnym zarz\u0105dzaniu energi\u0105, niezawodnym zbieraniu danych i stabilnej komunikacji bezprzewodowej na du\u017ce odleg\u0142o\u015bci. Wszystkie elementy s\u0105 po\u0142\u0105czone dzi\u0119ki kompaktowej i modu\u0142owej architekturze opartej na mikrokontrolerze Arduino Nano RP2040 Connect, kt\u00f3ry zarz\u0105dza danymi z czujnik\u00f3w, przetwarzaniem danych i komunikacj\u0105.<\/p>\n\n\n\n<div class=\"wp-block-greenshift-blocks-image gspb_image gspb_image-id-gsbp-af2bfe4\" id=\"gspb_image-id-gsbp-af2bfe4\"><img decoding=\"async\" src=\"https:\/\/spacecoffee.net\/wp-content\/uploads\/2025\/10\/Screenshot-2025-10-12-235923.png\" data-src=\"\" alt=\"\" loading=\"lazy\" width=\"413\" height=\"325\"\/><\/div>\n\n\n\n<h5 class=\"wp-block-heading\" id=\"urzadzenia-misji-glownej-rejestrowanie-podstawowych-parametrow-atmosferycznych\">Urz\u0105dzenia misji g\u0142\u00f3wnej (rejestrowanie podstawowych parametr\u00f3w atmosferycznych):<\/h5>\n\n\n\n<ul class=\"wp-block-list\">\n<li style=\"margin-top:var(--wp--preset--spacing--x-small);margin-bottom:var(--wp--preset--spacing--x-small)\">Czujnik BMP280: mierzy ci\u015bnienie powietrza (300\u20131100 hPa) i temperatur\u0119 (od -40\u00b0C do +50\u00b0C, dok\u0142adno\u015b\u0107 \u00b10,5\u00b0C).<\/li>\n\n\n\n<li style=\"margin-top:var(--wp--preset--spacing--x-small);margin-bottom:var(--wp--preset--spacing--x-small)\">Modu\u0142 LoRa SX1278: przesy\u0142a zmierzone dane z CanSatu do stacji naziemnej z cz\u0119stotliwo\u015bci\u0105 433 MHz, zapewniaj\u0105c stabiln\u0105 komunikacj\u0119 na du\u017ce odleg\u0142o\u015bci.<\/li>\n\n\n\n<li style=\"margin-top:var(--wp--preset--spacing--x-small);margin-bottom:var(--wp--preset--spacing--x-small)\">Czytnik kart microSD Waveshare: przechowuje dane z czujnik\u00f3w lokalnie na karcie microSD, umo\u017cliwiaj\u0105c pe\u0142ne odzyskiwanie danych i tworzenie kopii zapasowych po l\u0105dowaniu.<\/li>\n<\/ul>\n\n\n\n<p>Urz\u0105dzenia te stanowi\u0105 rdze\u0144 systemu monitorowania \u015brodowiska CanSatu, dostarczaj\u0105c wysokiej jako\u015bci dane zar\u00f3wno do analizy naukowej, jak i test\u00f3w komunikacyjnych.<\/p>\n\n\n\n<h5 class=\"wp-block-heading\" id=\"urzadzenia-misji-dodatkowej-bezprzewodowa-komunikacja-sieciowa-i-sledzenie-pozycji\">Urz\u0105dzenia misji dodatkowej (bezprzewodowa komunikacja sieciowa i \u015bledzenie pozycji):<\/h5>\n\n\n\n<ul class=\"wp-block-list\">\n<li style=\"margin-top:var(--wp--preset--spacing--x-small);margin-bottom:var(--wp--preset--spacing--x-small)\">Modu\u0142 LoRa SX1278 (druga jednostka): Dzia\u0142a jako przeka\u017anik, \u0142\u0105cz\u0105c dwie lub wi\u0119cej stacji naziemnych za po\u015brednictwem CanSat w celu ustanowienia \u0142\u0105cza komunikacyjnego.<\/li>\n\n\n\n<li style=\"margin-top:var(--wp--preset--spacing--x-small);margin-bottom:var(--wp--preset--spacing--x-small)\">Modu\u0142 GPS GY-NEO6MV2: Okre\u015bla po\u0142o\u017cenie geograficzne CanSat, dostarczaj\u0105c wsp\u00f3\u0142rz\u0119dne do \u015bledzenia na \u017cywo i operacji odzyskiwania.<\/li>\n\n\n\n<li style=\"margin-top:var(--wp--preset--spacing--x-small);margin-bottom:var(--wp--preset--spacing--x-small)\">Wbudowany akcelerometr (Arduino): mierzy przyspieszenie i orientacj\u0119 k\u0105tow\u0105 w celu oszacowania ruchu pionowego i zmian wysoko\u015bci podczas opadania.<\/li>\n\n\n\n<li style=\"margin-top:var(--wp--preset--spacing--x-small);margin-bottom:var(--wp--preset--spacing--x-small)\">Czujnik DHT22: mierzy wilgotno\u015b\u0107 powietrza, dodaj\u0105c kolejny parametr \u015brodowiskowy w celu poprawy jako\u015bci danych.<\/li>\n<\/ul>\n\n\n\n<p>Wszystkie te komponenty razem sprawiaj\u0105, \u017ce CanSat mo\u017ce s\u0142u\u017cy\u0107 nie tylko jako sonda do gromadzenia danych, ale tak\u017ce jako funkcjonalny satelita komunikacyjny w miniaturowej sieci naziemnej.<\/p>\n\n\n\n<h4 class=\"wp-block-heading\" id=\"zasilanie\">Zasilanie<\/h4>\n\n\n\n<p>Podsystem zasilania oparty jest na dw\u00f3ch ogniwach litowo-jonowych 18650, ka\u017cde o pojemno\u015bci 3350 mAh, zapewniaj\u0105cych szacowany czas pracy wynosz\u0105cy oko\u0142o sze\u015bciu godzin. Konfiguracja dostarcza wystarczaj\u0105cy pr\u0105d dla czujnik\u00f3w, pami\u0119ci danych i modu\u0142\u00f3w LoRa, zachowuj\u0105c jednocze\u015bnie wysok\u0105 wydajno\u015b\u0107. G\u0142\u00f3wnym wyzwaniem zwi\u0105zanym z projektowaniem zasilania jest zapewnienie stabilnego napi\u0119cia dla ci\u0105g\u0142ej komunikacji radiowej na du\u017cych odleg\u0142o\u015bciach, bez nadmiernego zu\u017cycia energii. Efektywno\u015b\u0107 energetyczna jest zatem wa\u017cnym czynnikiem zar\u00f3wno w przypadku implementacji sprz\u0119tu, jak i oprogramowania.<\/p>\n\n\n\n<h4 class=\"wp-block-heading\" id=\"system-komunikacji\">System komunikacji<\/h4>\n\n\n\n<p>Komunikacja mi\u0119dzy mini-satelit\u0105 a infrastruktur\u0105 naziemn\u0105 odbywa si\u0119 w pa\u015bmie cz\u0119stotliwo\u015bci 433 MHz przy u\u017cyciu technologii LoRaWAN, kt\u00f3ra obs\u0142uguje wymian\u0119 danych na du\u017ce odleg\u0142o\u015bci przy niskim poborze mocy. System umo\u017cliwia komunikacj\u0119 dwukierunkow\u0105, pozwalaj\u0105c CanSat na przesy\u0142anie danych pomiarowych, a jednocze\u015bnie przekazywanie wiadomo\u015bci mi\u0119dzy wieloma stacjami naziemnymi. Taka konfiguracja symuluje sie\u0107 po\u0142\u0105czonych ze sob\u0105 w\u0119z\u0142\u00f3w, demonstruj\u0105c wykonalno\u015b\u0107 wykorzystania satelitarnych przeka\u017anik\u00f3w komunikacyjnych w odleg\u0142ych i niedost\u0119pnych regionach.<\/p>\n\n\n\n<h4 class=\"wp-block-heading\" id=\"system-odzyskiwania\">System odzyskiwania<\/h4>\n\n\n\n<p>System odzyskiwania obejmuje okr\u0105g\u0142y spadochron nylonowy, kt\u00f3ry otwiera si\u0119 natychmiast po uwolnieniu z rakiety, zapewniaj\u0105c kontrolowane opadanie. Modu\u0142 GPS i antena pomagaj\u0105 w \u015bledzeniu i lokalizowaniu CanSatu podczas i po jego opadni\u0119ciu, zwi\u0119kszaj\u0105c skuteczno\u015b\u0107 odzyskiwania.<\/p>\n\n\n\n<h4 class=\"wp-block-heading\" id=\"stacja-naziemna\">Stacja naziemna<\/h4>\n\n\n\n<p>Podczas test\u00f3w planowane jest rozmieszczenie wielu stacji naziemnych. Ka\u017cda z nich b\u0119dzie wyposa\u017cona w mikrokontroler Arduino i modu\u0142 LoRa, tworz\u0105c w\u0119z\u0142y sieci komunikacyjnej, kt\u00f3re b\u0119d\u0105 wsp\u00f3\u0142pracowa\u0107 z przeka\u017anikiem CanSat w czasie rzeczywistym.<\/p>\n\n\n\n<h2 class=\"wp-block-heading\" id=\"oprogramowanie\" style=\"padding-top:var(--wp--preset--spacing--small)\">Oprogramowanie<\/h2>\n\n\n\n<p>Kod \u017ar\u00f3d\u0142owy oprogramowania wykorzystywanego w projekcie jest otwarty i mo\u017cna go znale\u017a\u0107 w nast\u0119puj\u0105cych repozytoriach:<\/p>\n\n\n\n<ul class=\"wp-block-list\">\n<li><a href=\"https:\/\/github.com\/misiekii123\/spacereeds-cansat\" data-type=\"link\" data-id=\"https:\/\/github.com\/misiekii123\/spacereeds-cansat\"><strong>stacja naziemna z odbiornikiem i pok\u0142adowe oprogramowanie sondy<\/strong><\/a><\/li>\n\n\n\n<li><a href=\"https:\/\/github.com\/Asapros\/spacereeds-plotter\" data-type=\"link\" data-id=\"https:\/\/github.com\/Asapros\/spacereeds-plotter\"><strong>wizualizator i panel kontrolny misji<\/strong><\/a><\/li>\n<\/ul>\n\n\n\n<h4 class=\"wp-block-heading\" id=\"promocja\" style=\"padding-top:var(--wp--preset--spacing--large)\">Promocja<\/h4>\n\n\n\n<p>Projekt na celu ma dotarcie do szerokiego grona odbiorc\u00f3w za po\u015brednictwem medi\u00f3w spo\u0142eczno\u015bciowych. G\u0142\u00f3wnym kana\u0142em komunikacji jest TikTok, na kt\u00f3ry zesp\u00f3\u0142 SpaceReeds serdecznie zaprasza wszytskch fan\u00f3w astronomii i mem\u00f3w.<\/p>\n\n\n\n<p>Ich Tiktok:&nbsp;<strong><a href=\"https:\/\/www.tiktok.com\/@spacereeds?is_from_webapp=1&amp;sender_device=pc\">SpaceReeds<\/a><\/strong><\/p>\n\n\n\n<p>Dodatkowe informacje, w tym raporty z post\u0119p\u00f3w i artyku\u0142y, s\u0105 publikowane na Instagramie oraz <a href=\"https:\/\/spacecoffee.net\/tag\/cansat\/\"><strong>Aktualno\u015bciach <\/strong><\/a>SpaceCoffee, promuj\u0105c konkurs CanSat i inspiruj\u0105c m\u0142odych ludzi do zg\u0142\u0119biania dziedzin STEM.<\/p>\n\n\n\n<p>Ich Instagram: <a href=\"https:\/\/www.instagram.com\/spacereeds\/\"><strong>SpaceReeds<\/strong><\/a><\/p>\n","protected":false},"excerpt":{"rendered":"<p>SpaceReeds to dru\u017cyna SpaceCoffee realizuj\u0105ca projekt CanSat. Projekt SpaceReeds CanSat koncentruje si\u0119 na opracowaniu miniaturowego satelity przeznaczonego do pomiaru parametr\u00f3w atmosferycznych oraz stworzeniu systemu komunikacji bezprzewodowej wykorzystuj\u0105cego sie\u0107 satelit\u00f3w powietrznych typu przeka\u017anikowego. Misja ma na celu zbadanie zastosowa\u0144 ma\u0142ych przeka\u017anik\u00f3w komunikacyjnych w trudno dost\u0119pnych lub odleg\u0142ych regionach, takich jak obszary g\u00f3rskie, gdzie tradycyjna infrastruktura komunikacyjna [&hellip;]<\/p>\n","protected":false},"author":10,"featured_media":0,"parent":903,"menu_order":0,"comment_status":"closed","ping_status":"closed","template":"","meta":{"_gspb_post_css":"#gspb_image-id-gsbp-af2bfe4{text-align:center}#gspb_image-id-gsbp-af2bfe4 img{vertical-align:top;display:inline-block;box-sizing:border-box;max-width:100%;height:auto}","pgc_sgb_lightbox_settings":"","footnotes":""},"class_list":["post-1245","page","type-page","status-publish","hentry"],"_links":{"self":[{"href":"https:\/\/spacecoffee.net\/pl\/wp-json\/wp\/v2\/pages\/1245","targetHints":{"allow":["GET"]}}],"collection":[{"href":"https:\/\/spacecoffee.net\/pl\/wp-json\/wp\/v2\/pages"}],"about":[{"href":"https:\/\/spacecoffee.net\/pl\/wp-json\/wp\/v2\/types\/page"}],"author":[{"embeddable":true,"href":"https:\/\/spacecoffee.net\/pl\/wp-json\/wp\/v2\/users\/10"}],"replies":[{"embeddable":true,"href":"https:\/\/spacecoffee.net\/pl\/wp-json\/wp\/v2\/comments?post=1245"}],"version-history":[{"count":7,"href":"https:\/\/spacecoffee.net\/pl\/wp-json\/wp\/v2\/pages\/1245\/revisions"}],"predecessor-version":[{"id":1845,"href":"https:\/\/spacecoffee.net\/pl\/wp-json\/wp\/v2\/pages\/1245\/revisions\/1845"}],"up":[{"embeddable":true,"href":"https:\/\/spacecoffee.net\/pl\/wp-json\/wp\/v2\/pages\/903"}],"wp:attachment":[{"href":"https:\/\/spacecoffee.net\/pl\/wp-json\/wp\/v2\/media?parent=1245"}],"curies":[{"name":"wp","href":"https:\/\/api.w.org\/{rel}","templated":true}]}}