{"id":664,"date":"2024-05-09T18:07:04","date_gmt":"2024-05-09T16:07:04","guid":{"rendered":"https:\/\/spacecoffee.net\/?page_id=664"},"modified":"2026-04-07T11:28:08","modified_gmt":"2026-04-07T09:28:08","slug":"stacja-meteo","status":"publish","type":"page","link":"https:\/\/spacecoffee.net\/en\/projekty\/stacja-meteo\/","title":{"rendered":"SpaceCoffee Meteorological Station"},"content":{"rendered":"<h4 class=\"wp-block-heading\" id=\"wprowadzenie\">Introduction<\/h4>\n\n\n\n<p>The SpaceCoffee Meteorological Station project involves the construction of a station equipped with a system for performing atmospheric measurements and studying weather components. The station is part of a docking station for an airship being developed in parallel, and the data collected during its operation has a significant impact on the operation of the vehicle. It will be used to create flight scenarios used in the machine learning process of the autonomy system; knowledge of weather conditions is also essential in making decisions about test flights of the airship, and over time, it will enable its system to autonomously confirm the possibility of takeoff.<\/p>\n\n\n\n<h4 class=\"wp-block-heading\" id=\"badania\">Research<\/h4>\n\n\n\n<p>The SC weather station is designed to collect data on weather conditions such as: <\/p>\n\n\n\n<ul class=\"wp-block-list\">\n<li>Testing with an anemometer and precipitation sensor<\/li>\n\n\n\n<li>Detection of flammable gases and carbon monoxide<\/li>\n\n\n\n<li>Testing dust concentration in the air.<\/li>\n\n\n\n<li>Lightning detection<\/li>\n<\/ul>\n\n\n\n<h4 class=\"wp-block-heading\" id=\"system-i-konstrukcja\">System and communication<\/h4>\n\n\n\n<p>Dzia\u0142anie czujnik\u00f3w koordynuje mikrokontroler ESP32. Zasilanie stacji uzyskane jest dzi\u0119ki ogniwom s\u0142onecznym.<\/p>","protected":false},"excerpt":{"rendered":"<p>Wprowadzenie Projekt stacji meteorologicznej SpaceCoffee zak\u0142ada budow\u0119 stanowiska wyposa\u017conego w system do wykonywania pomiar\u00f3w atmosferyczch oraz badania sk\u0142adowych pogody. Stacja jest elementem stacji dokuj\u0105cej dla sterowca rozwijanego r\u00f3wnolegle, a dane zbierane podczas jej dzia\u0142ania maj\u0105 istotny wp\u0142yw na operowanie pojazdu. To na ich podstawie kreowane maj\u0105 by\u0107 scenariusze lot\u00f3w, wykorzystywane w procesie uczenia maszynowego systemu [&hellip;]<\/p>\n","protected":false},"author":4,"featured_media":0,"parent":83,"menu_order":0,"comment_status":"closed","ping_status":"closed","template":"","meta":{"_gspb_post_css":"","pgc_sgb_lightbox_settings":"","footnotes":""},"class_list":["post-664","page","type-page","status-publish","hentry"],"_links":{"self":[{"href":"https:\/\/spacecoffee.net\/en\/wp-json\/wp\/v2\/pages\/664","targetHints":{"allow":["GET"]}}],"collection":[{"href":"https:\/\/spacecoffee.net\/en\/wp-json\/wp\/v2\/pages"}],"about":[{"href":"https:\/\/spacecoffee.net\/en\/wp-json\/wp\/v2\/types\/page"}],"author":[{"embeddable":true,"href":"https:\/\/spacecoffee.net\/en\/wp-json\/wp\/v2\/users\/4"}],"replies":[{"embeddable":true,"href":"https:\/\/spacecoffee.net\/en\/wp-json\/wp\/v2\/comments?post=664"}],"version-history":[{"count":9,"href":"https:\/\/spacecoffee.net\/en\/wp-json\/wp\/v2\/pages\/664\/revisions"}],"predecessor-version":[{"id":1931,"href":"https:\/\/spacecoffee.net\/en\/wp-json\/wp\/v2\/pages\/664\/revisions\/1931"}],"up":[{"embeddable":true,"href":"https:\/\/spacecoffee.net\/en\/wp-json\/wp\/v2\/pages\/83"}],"wp:attachment":[{"href":"https:\/\/spacecoffee.net\/en\/wp-json\/wp\/v2\/media?parent=664"}],"curies":[{"name":"wp","href":"https:\/\/api.w.org\/{rel}","templated":true}]}}