{"id":32,"date":"2021-11-01T12:00:00","date_gmt":"2021-11-01T11:00:00","guid":{"rendered":"https:\/\/spacecoffee.net\/index.php\/our-story\/"},"modified":"2026-03-23T20:25:34","modified_gmt":"2026-03-23T19:25:34","slug":"o-spacecoffee","status":"publish","type":"page","link":"https:\/\/spacecoffee.net\/en\/o-spacecoffee\/","title":{"rendered":"About SpaceCoffee"},"content":{"rendered":"\n<h3 class=\"wp-block-heading\" id=\"jak-dzialamy\">Jak dzia\u0142amy<\/h3>\n\n\n\n<p>Studenckie Ko\u0142o Naukowe SpaceCoffee mo\u017ce pochwali\u0107 si\u0119 statusem <strong>jednego z najaktywniejszych K\u00f3\u0142 Naukowych<\/strong> dzia\u0142aj\u0105cych na Politechnice \u015al\u0105skiej \u2013 czego dowodzi przyznany w 2026 roku tytu\u0142 <strong>Strategicznego Studenckiego Ko\u0142a Naukowego Politechniki \u015al\u0105skiej<\/strong>.<\/p>\n\n\n\n<p>SKN SpaceCoffee prowadzi cotygodniowe Spotkania og\u00f3lne w<strong> czwartki od godziny 16:00<\/strong>, w<strong> sali 429\/429a<\/strong> na <strong>Wydziale Automatyki, Elektroniki i Informatyki<\/strong> w Gliwicach. S\u0105 one otwarte dla wszystkich ch\u0119tnych, i cho\u0107 nieobowi\u0105zkowe, dostarczaj\u0105 okazj\u0119 do lepszego odnalezienia swojej roli w Kole oraz zdobywania nowych znajomo\u015bci.<\/p>\n\n\n\n<p>Nasz\u0105 g\u0142\u00f3wn\u0105 ide\u0105 decyduj\u0105c\u0105 o sposobie dzia\u0142ania Ko\u0142a jest tworzenie jak <strong>najkorzystniejszych warunk\u00f3w <\/strong>do realizacji pomys\u0142\u00f3w w\u0142asnych dla wszystkich ch\u0119tnych do zostania Cz\u0142onkami SpaceCoffee \u2013 tworz\u0105c miejsce spotka\u0144, wymiany do\u015bwiadcze\u0144 i opinii dla lider\u00f3w i uczestnik\u00f3w projekt\u00f3w, zapewniaj\u0105c przestrze\u0144 i narz\u0119dzia potrzebne do dzia\u0142ania, jak i wspieraj\u0105c finansowo oraz merytorycznie inicjatywy.<\/p>\n\n\n\n<p class=\"has-text-align-left has-foreground-color has-text-color has-link-color wp-elements-cf2611482ddad2d9dc6cb4755021edc9\" style=\"margin-right:0;margin-left:0;padding-right:0;padding-left:0\">Zgodnie z t\u0105 ide\u0105, w SpaceCoffee stawiamy na dzia\u0142anie projektowe. To w\u0142a\u015bnie taka \u015bcie\u017cka doprowadzi\u0142a naszych dotychczasowych Cz\u0142onk\u00f3w do budowania coraz to ambitniejszych prototyp\u00f3w, konkursowych konstrukcji i eksperymentalnych platform badawczych.<\/p>\n\n\n\n<p class=\"has-text-align-left has-foreground-color has-text-color has-link-color wp-elements-66fff441c9be56d06d0f89656543f871\" style=\"margin-right:0;margin-left:0;padding-right:0;padding-left:0\">Ka\u017cdy nowy Cz\u0142onek, kt\u00f3ry dopiero poznaje dziedziny informatyczno-techniczne, zaczyna od ma\u0142ych krok\u00f3w \u2014 podstaw programowania, pierwszych uk\u0142ad\u00f3w na Arduino czy prostych konstrukcji mechanicznych \u2014 a z czasem przechodzi do pe\u0142noprawnej pracy nad bardziej z\u0142o\u017conymi systemami; wszystko to w ramach projekt\u00f3w wprowadzaj\u0105cych, owocuj\u0105cych sprawnymi prototypami pojazd\u00f3w i ich oprogramowania!<\/p>\n\n\n\n<p class=\"has-text-align-left has-foreground-color has-text-color has-link-color wp-elements-535028e21aa8bbde8c15118ac0aeac32\" style=\"margin-right:0;margin-left:0;padding-right:0;padding-left:0\">Ka\u017cdy Cz\u0142onek, kt\u00f3ry jako uczestnictwo w Kole chce opracowa\u0107 w\u0142asn\u0105 inicjatyw\u0119, dostaje pod swoj\u0105 opiek\u0119 nowy projekt, zbiera zesp\u00f3\u0142 projektowy (je\u015bli chce) i mo\u017ce ubiega\u0107 si\u0119 o wsparcie finansowe \u2013 gdzie na ka\u017cdym etapie mo\u017ce liczy\u0107 na wsparcie spo\u0142eczno\u015bci SpaceCoffee.<\/p>\n\n\n\n<p class=\"has-text-align-left has-foreground-color has-text-color has-link-color wp-elements-d9783fa1b3a2d90eaff1ebdca30deb80\" style=\"margin-right:0;margin-left:0;padding-right:0;padding-left:0\">Je\u015bli masz ju\u017c pewne umiej\u0119tno\u015bci, lecz nie interesuje Ci\u0119 prowadzenie projektu, mo\u017cesz pochwali\u0107 si\u0119 nimi do\u0142\u0105czaj\u0105c do jednego z licznych trwaj\u0105cych i rozwijaj\u0105cych si\u0119 <a href=\"https:\/\/spacecoffee.net\/projekty\/\" data-type=\"page\" data-id=\"83\"><strong>Projekt\u00f3w SpaceCoffee<\/strong><\/a>. Wystarczy, \u017ce pojawisz si\u0119 na spotkaniu lub skontaktujesz z Liderem lub jedndym z cz\u0142onk\u00f3w Zarz\u0105du \u2013 bez problemu otrzymasz wprowadzenie do tematu, kt\u00f3ry Ci\u0119 zainteresowa\u0142.<\/p>\n\n\n\n<p>Pierwszym du\u017cym wyzwaniem, kt\u00f3re zapocz\u0105tkowa\u0142o kultur\u0119 projektow\u0105 Ko\u0142a, by\u0142 <strong>MPER \u2014 Multi-Purpose Exploration Rover<\/strong>, czyli oryginalny prototyp naszego \u0142azika przygotowywany jako <em>proof of concept<\/em> z my\u015bl\u0105 o startach w European Rover Challenge. Od tamtej pory powsta\u0142o wiele kolejnych konstrukcji i prototyp\u00f3w: pierwsza wersja autonomicznego sterowca, nasze w\u0142asne drony RC, platformy VR, systemy EEG do bada\u0144 interfejs\u00f3w m\u00f3zg\u2013komputer, autonomiczne roboty mobilne i dziesi\u0105tki pomniejszych projekt\u00f3w edukacyjnych.<\/p>\n\n\n\n<p>Dzi\u015b SKN SpaceCoffee to <strong>ponad 100 cz\u0142onk\u00f3w<\/strong> \u2014 studenci i liceali\u015bci o bardzo zr\u00f3\u017cnicowanych zainteresowaniach: od elektroniki, automatyki i robotyki, przez programowanie, grafik\u0119 3D i druk 3D, a\u017c po fizyk\u0119, modelowanie numeryczne, in\u017cynieri\u0119 d\u017awi\u0119ku czy mechatronik\u0119.<br>To w\u0142a\u015bnie ta r\u00f3\u017cnorodno\u015b\u0107 kompetencji sprawia, \u017ce realizujemy projekty interdyscyplinarne, cz\u0119sto \u0142\u0105cz\u0105ce wiele dzia\u0142\u00f3w nauki i techniki.<\/p>\n\n\n\n<p>Ka\u017cdy, kto chce si\u0119 rozwija\u0107, zdobywa\u0107 do\u015bwiadczenie i tworzy\u0107 innowacyjne rozwi\u0105zania, znajdzie w SpaceCoffee swoje miejsce.<\/p>\n\n\n\n<p><strong><a href=\"https:\/\/spacecoffee.net\/recruitment\/\" data-type=\"page\" data-id=\"809\">Zapraszamy!<\/a><\/strong><\/p>\n\n\n\n<h3 class=\"wp-block-heading\" id=\"jak-zaczelo-sie-spacecoffee\">Jak zacz\u0119\u0142o si\u0119 SpaceCoffee<\/h3>\n\n\n\n<p class=\"has-foreground-color has-text-color has-link-color wp-elements-0326ccbcaf6e6ac5305867f9211e3c67\" style=\"margin-top:var(--wp--preset--spacing--small);margin-right:0;margin-bottom:0;margin-left:0;padding-right:0;padding-left:0\">Cho\u0107 dzi\u015b dzia\u0142amy jako oficjalne Studenckie Ko\u0142o Naukowe na Politechnice \u015al\u0105skiej, nasze pocz\u0105tki si\u0119gaj\u0105 <strong>2021 roku<\/strong> i <a href=\"https:\/\/spacecoffee.net\/partners\/\" data-type=\"page\" data-id=\"1514\">Akademickiego Liceum Og\u00f3lnokszta\u0142c\u0105cego Politechniki \u015al\u0105skiej w Gliwicach<\/a>.<br>To tam, w sali robotycznej, grupa pierwszoklasist\u00f3w zacz\u0119\u0142a samodzielnie budowa\u0107 pierwsze konstrukcje, prototypy i eksperymenty \u2014 cz\u0119sto z minimalnymi zasobami, ale z ogromnym entuzjazmem.<\/p>\n\n\n\n<p>Za pierwszy oficjalny projekt Ko\u0142a mo\u017cna uzna\u0107 udzia\u0142 w <strong><a href=\"https:\/\/spacecoffee.net\/projekty\/cansat\/cansat-2021-2022\/\" data-type=\"page\" data-id=\"302\">ESERO CanSat 2021\/22<\/a><\/strong>, gdzie zadebiutowali\u015bmy pod nazw\u0105 <em>SpaceCoffee<\/em>. Ten start zapocz\u0105tkowa\u0142 dalszy rozw\u00f3j, podzia\u0142 na modu\u0142y projektowe i budowanie coraz bardziej z\u0142o\u017conych konstrukcji.<\/p>\n\n\n\n<p class=\"has-foreground-color has-text-color has-link-color wp-elements-01d1498bdf24ffb9133cd7741ea1f6b0\" style=\"margin-top:var(--wp--preset--spacing--small);margin-right:0;margin-bottom:0;margin-left:0;padding-right:0;padding-left:0\">Wraz ze wzrostem zespo\u0142u przenie\u015bli\u015bmy dzia\u0142alno\u015b\u0107 na Politechnik\u0119 \u015al\u0105sk\u0105, gdzie \u2014 dzi\u0119ki wsparciu uczelni, Wydzia\u0142u Automatyki, Elektroniki i Informatyki oraz ALO \u2014 rozwijamy coraz to wi\u0119ksze projekty o charakterze badawczo\u2013rozwojowym.<\/p>\n\n\n\n<h3 class=\"wp-block-heading\" id=\"nasza-dzialalnosc\">Nasza dzia\u0142alno\u015b\u0107<\/h3>\n\n\n\n<p>Przez ostatnie lata zaprezentowali\u015bmy nasze projekty na <strong>ponad 30 wydarzeniach<\/strong>, w tym o zasi\u0119gu <strong>og\u00f3lnopolskim i mi\u0119dzynarodowym<\/strong>:<br>\u015al\u0105ski Festiwal Nauki, Noc Naukowc\u00f3w, In\u017cynierskie Targi Pracy i Przedsi\u0119biorczo\u015bci Politechniki \u015al\u0105skiej, liczne wydarzenia w Mi\u0119dzynarodowym Centrum Kongresowym i wiele innych.<\/p>\n\n\n\n<p>Wsp\u00f3\u0142pracujemy tak\u017ce z <a href=\"https:\/\/spacecoffee.net\/partners\/\" data-type=\"page\" data-id=\"1514\">partnerami technologicznymi i przemys\u0142owymi \u2014 m.in. <strong>Dassault Syst\u00e8mes<\/strong>, czy <strong>3Dconnexion<\/strong><\/a> \u2014 co pozwala nam korzysta\u0107 z profesjonalnego oprogramowania i narz\u0119dzi przy realizacji naszych projekt\u00f3w.<\/p>\n\n\n\n<p>Aby dowiedzie\u0107 si\u0119 wi\u0119cej o tym, nad czym pracujemy i jak wygl\u0105da nasza codzienna dzia\u0142alno\u015b\u0107, zajrzyj na podstron\u0119 <strong><a href=\"https:\/\/spacecoffee.net\/projekty\/\" data-type=\"page\" data-id=\"83\">Projekty<\/a><\/strong>.<\/p>\n\n\n\n<h3>Zarz\u0105d<\/h3>\n\n\n<div\r\n    class=\"align  wp-block-icb-cards\"    id=\"icbCards-1\"\r\n    data-attributes='{&quot;clientId&quot;:&quot;62aadfc2-c594-4a83-b501-2cb65c286ca5&quot;,&quot;cards&quot;:[{&quot;background&quot;:{&quot;color&quot;:&quot;#fff&quot;},&quot;img&quot;:&quot;https:\\\/\\\/spacecoffee.net\\\/wp-content\\\/uploads\\\/2025\\\/12\\\/DSD06073-2-scaled-e1765325441227.jpg&quot;,&quot;title&quot;:&quot;Micha\\u0142 Lasak&quot;,&quot;desc&quot;:&quot;Prezes SKN SpaceCoffee&lt;br&gt;Michal.Lasak@student.polsl.pl&lt;br&gt;Tel.: +48 720 792 153&quot;,&quot;btnLabal&quot;:&quot;Profil&quot;,&quot;btnUrl&quot;:&quot;#&quot;,&quot;isBtn&quot;:false,&quot;cardUrl&quot;:&quot;&quot;},{&quot;background&quot;:{&quot;color&quot;:&quot;#fff&quot;},&quot;img&quot;:&quot;https:\\\/\\\/spacecoffee.net\\\/wp-content\\\/uploads\\\/2025\\\/03\\\/485877032_122223512792117379_2857605037874962711_n.jpg&quot;,&quot;title&quot;:&quot;Cyprian Chowaniec&quot;,&quot;desc&quot;:&quot;Wiceprezes ds. Cz\\u0142onk\\u00f3w&lt;br&gt;cc315447@student.polsl.pl&quot;,&quot;btnLabal&quot;:&quot;Button&quot;,&quot;btnUrl&quot;:&quot;#&quot;,&quot;isBtn&quot;:false,&quot;cardUrl&quot;:&quot;&quot;},{&quot;background&quot;:{&quot;color&quot;:&quot;#fff&quot;},&quot;img&quot;:&quot;https:\\\/\\\/spacecoffee.net\\\/wp-content\\\/uploads\\\/2025\\\/12\\\/DSD06063-scaled.jpg&quot;,&quot;title&quot;:&quot;Maja Rudnicka&quot;,&quot;desc&quot;:&quot;Wiceprezes ds. Finans\\u00f3w i Projekt\\u00f3w&lt;br&gt;mrudnicka@spacecoffee.net&quot;,&quot;btnLabal&quot;:&quot;Button&quot;,&quot;btnUrl&quot;:&quot;#&quot;,&quot;isBtn&quot;:false,&quot;cardUrl&quot;:&quot;&quot;},{&quot;background&quot;:{&quot;color&quot;:&quot;#fff&quot;},&quot;img&quot;:&quot;https:\\\/\\\/spacecoffee.net\\\/wp-content\\\/uploads\\\/2025\\\/12\\\/TP_3-e1765324019365.jpg&quot;,&quot;title&quot;:&quot;Kamil Moszuma\\u0144ski&quot;,&quot;desc&quot;:&quot;Wiceprezes ds. Wsp\\u00f3\\u0142prac i Promocji&lt;br&gt;kmoszumanski@spacecoffee.net&quot;,&quot;btnLabal&quot;:&quot;Profil&quot;,&quot;btnUrl&quot;:&quot;#&quot;,&quot;isBtn&quot;:false,&quot;cardUrl&quot;:&quot;&quot;},{&quot;background&quot;:{&quot;color&quot;:&quot;#fff&quot;},&quot;img&quot;:&quot;https:\\\/\\\/spacecoffee.net\\\/wp-content\\\/uploads\\\/2025\\\/12\\\/received_2985656191605291-e1765324213250.jpg&quot;,&quot;title&quot;:&quot;Pawe\\u0142 Ba\\u0144czerowski&quot;,&quot;desc&quot;:&quot;Wiceprezes ds. Projekt\\u00f3w&lt;br&gt;pawelbanczerowski012@gmail.com&quot;,&quot;btnLabal&quot;:&quot;Profil&quot;,&quot;btnUrl&quot;:&quot;#&quot;,&quot;isBtn&quot;:false,&quot;cardUrl&quot;:&quot;&quot;}],&quot;layout&quot;:&quot;horizontal&quot;,&quot;columns&quot;:{&quot;desktop&quot;:2,&quot;tablet&quot;:2,&quot;mobile&quot;:1},&quot;descTypo&quot;:{&quot;fontSize&quot;:{&quot;0&quot;:&quot;1&quot;,&quot;1&quot;:&quot;6&quot;,&quot;desktop&quot;:&quot;12px&quot;}},&quot;className&quot;:&quot;&quot;,&quot;align&quot;:&quot;&quot;,&quot;theme&quot;:&quot;default&quot;,&quot;columnGap&quot;:&quot;20px&quot;,&quot;rowGap&quot;:&quot;20px&quot;,&quot;isImg&quot;:true,&quot;isTab&quot;:false,&quot;imgHeight&quot;:&quot;200px&quot;,&quot;imgPos&quot;:&quot;first&quot;,&quot;background&quot;:{&quot;color&quot;:&quot;#0000&quot;},&quot;padding&quot;:{&quot;top&quot;:&quot;0px&quot;,&quot;right&quot;:&quot;0x&quot;,&quot;bottom&quot;:&quot;0px&quot;,&quot;left&quot;:&quot;0px&quot;},&quot;cardPadding&quot;:{&quot;top&quot;:&quot;0px&quot;,&quot;right&quot;:&quot;0px&quot;,&quot;bottom&quot;:&quot;0px&quot;,&quot;left&quot;:&quot;0px&quot;},&quot;cardRadius&quot;:&quot;8px&quot;,&quot;cardShadow&quot;:[{&quot;hOffset&quot;:&quot;0px&quot;,&quot;vOffset&quot;:&quot;4px&quot;,&quot;blur&quot;:&quot;8px&quot;,&quot;spreed&quot;:&quot;0px&quot;,&quot;color&quot;:&quot;#0003&quot;}],&quot;contentAlign&quot;:&quot;left&quot;,&quot;contentPadding&quot;:{&quot;top&quot;:&quot;20px&quot;,&quot;right&quot;:&quot;15px&quot;,&quot;bottom&quot;:&quot;15px&quot;,&quot;left&quot;:&quot;15px&quot;},&quot;titleTypo&quot;:{&quot;fontSize&quot;:&quot;20&quot;},&quot;titleColor&quot;:&quot;#000&quot;,&quot;descColor&quot;:&quot;#000&quot;,&quot;btnTypo&quot;:{&quot;fontSize&quot;:15,&quot;textDecoration&quot;:&quot;none&quot;},&quot;btnAlign&quot;:&quot;left&quot;,&quot;btnColors&quot;:{&quot;color&quot;:&quot;#fff&quot;,&quot;bg&quot;:&quot;#4527a4&quot;},&quot;btnHovColors&quot;:{&quot;color&quot;:&quot;#fff&quot;,&quot;bg&quot;:&quot;#fe6601&quot;},&quot;btnPadding&quot;:{&quot;top&quot;:&quot;10px&quot;,&quot;right&quot;:&quot;15px&quot;,&quot;bottom&quot;:&quot;10px&quot;,&quot;left&quot;:&quot;15px&quot;},&quot;btnRadius&quot;:&quot;8px&quot;,&quot;productsInfo&quot;:[{&quot;title&quot;:&quot;Alienware Gaming Laptop&quot;,&quot;description&quot;:&quot;Alienware Laptop is one of the best Gaming Laptops. Every gamer loves it.&quot;,&quot;variant&quot;:[&quot;i3&quot;,&quot;i5&quot;,&quot;i6&quot;,&quot;i9&quot;],&quot;image&quot;:&quot;https:\\\/\\\/templates.bplugins.com\\\/wp-content\\\/uploads\\\/2025\\\/05\\\/Alienware-Laptop.png&quot;,&quot;button&quot;:{&quot;text&quot;:&quot;Buy Now&quot;,&quot;link&quot;:&quot;&quot;}},{&quot;title&quot;:&quot;Alienware Gaming Laptop&quot;,&quot;description&quot;:&quot;Alienware Laptop is one of the best Gaming Laptops. Every gamer loves it.&quot;,&quot;variant&quot;:[&quot;i3&quot;,&quot;i5&quot;,&quot;i6&quot;,&quot;i9&quot;],&quot;image&quot;:&quot;https:\\\/\\\/templates.bplugins.com\\\/wp-content\\\/uploads\\\/2025\\\/05\\\/Alienware-Laptop.png&quot;,&quot;button&quot;:{&quot;text&quot;:&quot;Buy Now&quot;,&quot;link&quot;:&quot;&quot;}},{&quot;title&quot;:&quot;Alienware Gaming Laptop&quot;,&quot;description&quot;:&quot;Alienware Laptop is one of the best Gaming Laptops. Every gamer loves it.&quot;,&quot;variant&quot;:[&quot;i3&quot;,&quot;i5&quot;,&quot;i6&quot;,&quot;i9&quot;],&quot;image&quot;:&quot;https:\\\/\\\/templates.bplugins.com\\\/wp-content\\\/uploads\\\/2025\\\/05\\\/Alienware-Laptop.png&quot;,&quot;button&quot;:{&quot;text&quot;:&quot;Buy Now&quot;,&quot;link&quot;:&quot;&quot;}}],&quot;styles&quot;:{&quot;margin&quot;:&quot;20px&quot;},&quot;grabCardInfo&quot;:{&quot;image&quot;:&quot;https:\\\/\\\/templates.bplugins.com\\\/wp-content\\\/uploads\\\/2025\\\/06\\\/quest.webp&quot;,&quot;title&quot;:&quot;Grab A Device&quot;,&quot;description&quot;:&quot;Your journey into spatial starts now. Get Meta Horizon OS for yourself or power up your entire team.&quot;,&quot;button&quot;:{&quot;text&quot;:&quot;Purchase a Meta Quest&quot;,&quot;link&quot;:&quot;#&quot;}},&quot;alignment&quot;:&quot;center&quot;,&quot;options&quot;:{&quot;isOpenInNewTab&quot;:true,&quot;isVariantShow&quot;:true,&quot;isButtonShow&quot;:true,&quot;isVisibleCircle&quot;:true,&quot;isTagShow&quot;:true,&quot;isNewTabOpen&quot;:true,&quot;isHoverRotated&quot;:true},&quot;TrpContentRestriction&quot;:{&quot;restriction_type&quot;:&quot;exclude&quot;,&quot;selected_languages&quot;:[],&quot;panel_open&quot;:true}}'>\r\n<\/div>\n\n\n<h3>Opiekunowie Naukowi<\/h3>\n\n\n<div\r\n    class=\"align  wp-block-icb-cards\"    id=\"icbCards-2\"\r\n    data-attributes='{&quot;clientId&quot;:&quot;f38c0c13-9b66-4ff2-9aa2-90bafff7e245&quot;,&quot;cards&quot;:[{&quot;background&quot;:{&quot;color&quot;:&quot;#fff&quot;},&quot;img&quot;:&quot;&quot;,&quot;title&quot;:&quot;Dr. in\\u017c Tomasz Grzejszczak&quot;,&quot;desc&quot;:&quot;Opiekun SKN SpaceCoffee&lt;br&gt;Tomasz.Grzejszczak@polsl.pl&quot;,&quot;btnLabal&quot;:&quot;Profil&quot;,&quot;btnUrl&quot;:&quot;#&quot;,&quot;isBtn&quot;:false,&quot;cardUrl&quot;:&quot;&quot;},{&quot;background&quot;:{&quot;color&quot;:&quot;#fff&quot;},&quot;img&quot;:&quot;&quot;,&quot;title&quot;:&quot;Dr. in\\u017c Ma\\u0142gorzata Szymaszek&quot;,&quot;desc&quot;:&quot;Opiekun pomocniczy&lt;br&gt;Wsp\\u00f3\\u0142praca z ALO&lt;br&gt;Malgorzata.Szymaszek@alogliwice.polsl.pl&quot;,&quot;btnLabal&quot;:&quot;Button&quot;,&quot;btnUrl&quot;:&quot;#&quot;,&quot;isBtn&quot;:false,&quot;cardUrl&quot;:&quot;&quot;},{&quot;background&quot;:{&quot;color&quot;:&quot;#fff&quot;},&quot;img&quot;:&quot;&quot;,&quot;title&quot;:&quot;Mgr. in\\u017c Igor Pucha\\u0142a&quot;,&quot;desc&quot;:&quot;Opiekun pomocniczy&lt;br&gt;Wsparcie merytoryczne&lt;br&gt;ipuchala@spacecoffee.net&quot;,&quot;btnLabal&quot;:&quot;Profil&quot;,&quot;btnUrl&quot;:&quot;#&quot;,&quot;isBtn&quot;:false,&quot;cardUrl&quot;:&quot;&quot;}],&quot;layout&quot;:&quot;horizontal&quot;,&quot;columns&quot;:{&quot;desktop&quot;:2,&quot;tablet&quot;:2,&quot;mobile&quot;:1},&quot;descTypo&quot;:{&quot;fontSize&quot;:{&quot;0&quot;:&quot;1&quot;,&quot;1&quot;:&quot;6&quot;,&quot;desktop&quot;:&quot;14px&quot;}},&quot;className&quot;:&quot;&quot;,&quot;align&quot;:&quot;&quot;,&quot;theme&quot;:&quot;default&quot;,&quot;columnGap&quot;:&quot;20px&quot;,&quot;rowGap&quot;:&quot;20px&quot;,&quot;isImg&quot;:true,&quot;isTab&quot;:false,&quot;imgHeight&quot;:&quot;200px&quot;,&quot;imgPos&quot;:&quot;first&quot;,&quot;background&quot;:{&quot;color&quot;:&quot;#0000&quot;},&quot;padding&quot;:{&quot;top&quot;:&quot;0px&quot;,&quot;right&quot;:&quot;0x&quot;,&quot;bottom&quot;:&quot;0px&quot;,&quot;left&quot;:&quot;0px&quot;},&quot;cardPadding&quot;:{&quot;top&quot;:&quot;0px&quot;,&quot;right&quot;:&quot;0px&quot;,&quot;bottom&quot;:&quot;0px&quot;,&quot;left&quot;:&quot;0px&quot;},&quot;cardRadius&quot;:&quot;8px&quot;,&quot;cardShadow&quot;:[{&quot;hOffset&quot;:&quot;0px&quot;,&quot;vOffset&quot;:&quot;4px&quot;,&quot;blur&quot;:&quot;8px&quot;,&quot;spreed&quot;:&quot;0px&quot;,&quot;color&quot;:&quot;#0003&quot;}],&quot;contentAlign&quot;:&quot;left&quot;,&quot;contentPadding&quot;:{&quot;top&quot;:&quot;20px&quot;,&quot;right&quot;:&quot;15px&quot;,&quot;bottom&quot;:&quot;15px&quot;,&quot;left&quot;:&quot;15px&quot;},&quot;titleTypo&quot;:{&quot;fontSize&quot;:&quot;20&quot;},&quot;titleColor&quot;:&quot;#000&quot;,&quot;descColor&quot;:&quot;#000&quot;,&quot;btnTypo&quot;:{&quot;fontSize&quot;:15,&quot;textDecoration&quot;:&quot;none&quot;},&quot;btnAlign&quot;:&quot;left&quot;,&quot;btnColors&quot;:{&quot;color&quot;:&quot;#fff&quot;,&quot;bg&quot;:&quot;#4527a4&quot;},&quot;btnHovColors&quot;:{&quot;color&quot;:&quot;#fff&quot;,&quot;bg&quot;:&quot;#fe6601&quot;},&quot;btnPadding&quot;:{&quot;top&quot;:&quot;10px&quot;,&quot;right&quot;:&quot;15px&quot;,&quot;bottom&quot;:&quot;10px&quot;,&quot;left&quot;:&quot;15px&quot;},&quot;btnRadius&quot;:&quot;8px&quot;,&quot;productsInfo&quot;:[{&quot;title&quot;:&quot;Alienware Gaming Laptop&quot;,&quot;description&quot;:&quot;Alienware Laptop is one of the best Gaming Laptops. Every gamer loves it.&quot;,&quot;variant&quot;:[&quot;i3&quot;,&quot;i5&quot;,&quot;i6&quot;,&quot;i9&quot;],&quot;image&quot;:&quot;https:\\\/\\\/templates.bplugins.com\\\/wp-content\\\/uploads\\\/2025\\\/05\\\/Alienware-Laptop.png&quot;,&quot;button&quot;:{&quot;text&quot;:&quot;Buy Now&quot;,&quot;link&quot;:&quot;&quot;}},{&quot;title&quot;:&quot;Alienware Gaming Laptop&quot;,&quot;description&quot;:&quot;Alienware Laptop is one of the best Gaming Laptops. Every gamer loves it.&quot;,&quot;variant&quot;:[&quot;i3&quot;,&quot;i5&quot;,&quot;i6&quot;,&quot;i9&quot;],&quot;image&quot;:&quot;https:\\\/\\\/templates.bplugins.com\\\/wp-content\\\/uploads\\\/2025\\\/05\\\/Alienware-Laptop.png&quot;,&quot;button&quot;:{&quot;text&quot;:&quot;Buy Now&quot;,&quot;link&quot;:&quot;&quot;}},{&quot;title&quot;:&quot;Alienware Gaming Laptop&quot;,&quot;description&quot;:&quot;Alienware Laptop is one of the best Gaming Laptops. Every gamer loves it.&quot;,&quot;variant&quot;:[&quot;i3&quot;,&quot;i5&quot;,&quot;i6&quot;,&quot;i9&quot;],&quot;image&quot;:&quot;https:\\\/\\\/templates.bplugins.com\\\/wp-content\\\/uploads\\\/2025\\\/05\\\/Alienware-Laptop.png&quot;,&quot;button&quot;:{&quot;text&quot;:&quot;Buy Now&quot;,&quot;link&quot;:&quot;&quot;}}],&quot;styles&quot;:{&quot;margin&quot;:&quot;20px&quot;},&quot;grabCardInfo&quot;:{&quot;image&quot;:&quot;https:\\\/\\\/templates.bplugins.com\\\/wp-content\\\/uploads\\\/2025\\\/06\\\/quest.webp&quot;,&quot;title&quot;:&quot;Grab A Device&quot;,&quot;description&quot;:&quot;Your journey into spatial starts now. Get Meta Horizon OS for yourself or power up your entire team.&quot;,&quot;button&quot;:{&quot;text&quot;:&quot;Purchase a Meta Quest&quot;,&quot;link&quot;:&quot;#&quot;}},&quot;alignment&quot;:&quot;center&quot;,&quot;options&quot;:{&quot;isOpenInNewTab&quot;:true,&quot;isVariantShow&quot;:true,&quot;isButtonShow&quot;:true,&quot;isVisibleCircle&quot;:true,&quot;isTagShow&quot;:true,&quot;isNewTabOpen&quot;:true,&quot;isHoverRotated&quot;:true},&quot;TrpContentRestriction&quot;:{&quot;restriction_type&quot;:&quot;exclude&quot;,&quot;selected_languages&quot;:[],&quot;panel_open&quot;:true}}'>\r\n<\/div>\n\n\n<h3>Dodatkowe informacje<\/h3>\n\n\n\n<p><strong>Siedziba Ko\u0142a: <\/strong>Pok\u00f3j 429, &#8222;Wydzia\u0142 AEI&#8221;, Akademicka 16, 44-100 Gliwice<\/p>\n\n\n<div class=\"kb-google-maps-container kb-google-maps-container32_f2fe2b-00  wp-block-kadence-googlemaps\" data-mapid=\"32_f2fe2b00\"><iframe width=\"100%\" height=\"100%\"\n\t\t\t\t\t\t\tstyle=\"border:0\" loading=\"lazy\"\n\t\t\t\t\t\t\tsrc=\"https:\/\/www.google.com\/maps\/embed\/v1\/place?key=AIzaSyBAM2o7PiQqwk15LC1XRH2e_KJ-jUa7KYk&#038;zoom=14&#038;maptype=roadmap&#038;q=Akademicka+16%2C+Gliwice+44-100%2C+Poland\"\n\t\t\t\t\t\t\ttitle=\"Google map of Akademicka 16, Gliwice 44-100, Poland\"><\/iframe><\/div><script>function kb_google_map32_f2fe2b00() { let center = { lat: 37.8201, lng: -122.4781}; let map = new google.maps.Map(document.getElementById(\"kb-google-map32_f2fe2b00\"), {\n\t\t\t\t\t    zoom: 14,\n\t\t\t\t\t    center: center,});let marker = new google.maps.Marker({   position: { lat: 37.8201, lng: -122.4781},    map: map,  });}<\/script>\n\n\n<h3><a href=\"https:\/\/spacecoffee.net\/dokumentacja\/\" data-type=\"page\" data-id=\"1725\">Portal dokumentacji Ko\u0142a<\/a><\/h3>\n\n\n\n<p><\/p>\n","protected":false},"excerpt":{"rendered":"<p>Jak dzia\u0142amy Studenckie Ko\u0142o Naukowe SpaceCoffee mo\u017ce pochwali\u0107 si\u0119 statusem jednego z najaktywniejszych K\u00f3\u0142 Naukowych dzia\u0142aj\u0105cych na Politechnice \u015al\u0105skiej \u2013 czego dowodzi przyznany w 2026 roku tytu\u0142 Strategicznego Studenckiego Ko\u0142a Naukowego Politechniki \u015al\u0105skiej. SKN SpaceCoffee prowadzi cotygodniowe Spotkania og\u00f3lne w czwartki od godziny 16:00, w sali 429\/429a na Wydziale Automatyki, Elektroniki i Informatyki w Gliwicach. [&hellip;]<\/p>\n","protected":false},"author":3,"featured_media":0,"parent":0,"menu_order":0,"comment_status":"closed","ping_status":"closed","template":"","meta":{"_gspb_post_css":"","pgc_sgb_lightbox_settings":"","footnotes":""},"class_list":["post-32","page","type-page","status-publish","hentry"],"_links":{"self":[{"href":"https:\/\/spacecoffee.net\/en\/wp-json\/wp\/v2\/pages\/32","targetHints":{"allow":["GET"]}}],"collection":[{"href":"https:\/\/spacecoffee.net\/en\/wp-json\/wp\/v2\/pages"}],"about":[{"href":"https:\/\/spacecoffee.net\/en\/wp-json\/wp\/v2\/types\/page"}],"author":[{"embeddable":true,"href":"https:\/\/spacecoffee.net\/en\/wp-json\/wp\/v2\/users\/3"}],"replies":[{"embeddable":true,"href":"https:\/\/spacecoffee.net\/en\/wp-json\/wp\/v2\/comments?post=32"}],"version-history":[{"count":54,"href":"https:\/\/spacecoffee.net\/en\/wp-json\/wp\/v2\/pages\/32\/revisions"}],"predecessor-version":[{"id":1908,"href":"https:\/\/spacecoffee.net\/en\/wp-json\/wp\/v2\/pages\/32\/revisions\/1908"}],"wp:attachment":[{"href":"https:\/\/spacecoffee.net\/en\/wp-json\/wp\/v2\/media?parent=32"}],"curies":[{"name":"wp","href":"https:\/\/api.w.org\/{rel}","templated":true}]}}