{"id":298,"date":"2023-02-25T18:00:00","date_gmt":"2023-02-25T17:00:00","guid":{"rendered":"https:\/\/spacecoffee.net\/?page_id=298"},"modified":"2026-02-12T18:35:10","modified_gmt":"2026-02-12T17:35:10","slug":"cansat-2022-2023","status":"publish","type":"page","link":"https:\/\/spacecoffee.net\/en\/projekty\/cansat\/cansat-2022-2023\/","title":{"rendered":"CanSat 2022\/2023"},"content":{"rendered":"\n<h4 class=\"wp-block-heading\" id=\"cel-misji-i-funkcje-mini-sondy\">Cel misji i funkcje mini-sondy<\/h4>\n\n\n\n<p>Jako g\u0142\u00f3wny cel misji CanSat, zesp\u00f3\u0142 projektowy obra\u0142 testowanie i mierzenie warunk\u00f3w panuj\u0105cych na obcych planetach\u2014zainspirowani ch\u0119ci\u0105 poznawanie nauki astronomii i eksploracj\u0105 kosmiczn\u0105 w kierunku rozszerzania zasi\u0119g\u00f3w ludzkich na inne planety i tworzeniem na nich o\u015brodk\u00f3w badawczych.<\/p>\n\n\n\n<p>Obejmuje to upewnienie si\u0119, \u017ce dana planeta jest bezpieczna do l\u0105dowania \u2014 zmierzone zostan\u0105 elementy jej warunk\u00f3w \u017cycia, takie jak temperatura, ci\u015bnienie, pole elektromagnetyczne i wilgotno\u015b\u0107. Aby upewni\u0107 si\u0119, \u017ce nie tylko urz\u0105dzeniom nic nie zagra\u017ca, ale tak\u017ce ludziom, mierzone zostan\u0105 tak\u017ce szczeg\u00f3\u0142owe parametry, takie jak promieniowanie gamma, promieniowanie UV oraz nat\u0119\u017cenie \u015bwiat\u0142a, to ostatnie g\u0142\u00f3wnie w celu przewidywania wydajno\u015bci paneli s\u0142onecznych. Dodatkowo zesp\u00f3\u0142 upewni si\u0119, \u017ce ich CanSat przetrwa upadek z okre\u015blonej w wyzwaniu wysoko\u015bci, na cele czego zainstalowany b\u0119dzie akcelerometr, GPS i \u017cyroskop.<\/p>\n\n\n\n<p>Wszystkie zebrane dane o mierzonych parametrach powinny by\u0107 zapisywane na zewn\u0119trznym dysku pami\u0119ci, w tym przypadku karcie microSD, oraz przesy\u0142ane na bie\u017c\u0105co podczas spadania do stacji naziemnej za pomoc\u0105 transmisji radiowej.<\/p>\n\n\n\n<div class=\"wp-block-greenshift-blocks-image gspb_image gspb_image-id-gsbp-c26f511\" id=\"gspb_image-id-gsbp-c26f511\"><img decoding=\"async\" src=\"https:\/\/spacecoffee.net\/wp-content\/uploads\/2025\/10\/cs_redner_better.png\" data-src=\"\" alt=\"\" loading=\"lazy\" width=\"996\" height=\"966\"\/><\/div>\n\n\n\n<h4 class=\"wp-block-heading\" id=\"design-mini-sondy\">Design mini-sondy<\/h4>\n\n\n\n<h5 class=\"wp-block-heading\" id=\"przeglad\">Przegl\u0105d<\/h5>\n\n\n\n<p>Sonda zostanie zrzucona z rakiety wystrzelonej na wysoko\u015b\u0107 oko\u0142o 2000 metr\u00f3w, a jej pr\u0119dko\u015b\u0107 opadania nie przekroczy 8 metr\u00f3w na sekund\u0119. Podczas opadania i po wyl\u0105dowaniu nasza sonda b\u0119dzie stale mierzy\u0107 wszystkie parametry wymienione powy\u017cej.<\/p>\n\n\n\n<h5 class=\"wp-block-heading\" id=\"konstrukcja-mechaniczna\">Konstrukcja mechaniczna<\/h5>\n\n\n\n<p>Wszystkie modu\u0142y i systemy, z kt\u00f3rych sk\u0142ada\u0107 si\u0119 b\u0119dzie sonda, to:<\/p>\n\n\n\n<ul class=\"wp-block-list\">\n<li><strong>Modu\u0142 czujnik\u00f3w<\/strong>: taki jak termometr (DHT11), wilgotno\u015bciomierz (DHT11), barometr (IMU 10DoF), magnetometr (IMU 10DoF), GPS (MTK3339), licznik Geigera (GC-1602-NANO) i spektrofotometr (AS7265x). Aby okre\u015bli\u0107, czy obca planeta jest bezpiecznym obszarem do stworzenia kolonii, zmierzone zostanie promieniowanie gamma, promieniowanie UV i pole elektromagnetyczne. Dodatkowo zostanie sprawdzone nat\u0119\u017cenie \u015bwiat\u0142a, aby wskaza\u0107, czy panele s\u0142oneczne przysz\u0142ej kolonii b\u0119d\u0105 skuteczne. Ka\u017cdy inny pomiar misji dodatkowej zostanie wykorzystany do okre\u015blenia aktualnej pozycji i statusu sondy, zgodnie z planowanym przebiegiem misji.<\/li>\n\n\n\n<li><strong>Obudowa<\/strong>: wydrukowana w 3D przy u\u017cyciu filamentu typu PETG, o wadze nieco ponad 300 g. Otwierana cz\u0119\u015b\u0107 obudowy b\u0119dzie prawdopodobnie umieszczona na spodzie CanSata, aby zapewni\u0107 \u0142atwy dost\u0119p do baterii i sprz\u0119tu. Aby spektrofotometr dzia\u0142a\u0142, wykonany zostanie okr\u0105g\u0142y otw\u00f3r z jednej strony obudowy satelity. Na jego powierzchni zewn\u0119trznej zainstalowane b\u0119d\u0105 r\u00f3wnie\u017c lampki kontrolne LED i w\u0142\u0105cznik\/wy\u0142\u0105cznik. Wi\u0119kszo\u015b\u0107 modu\u0142\u00f3w satelity zamontowane zostanie pionowo, najci\u0119\u017csze elementy, takie jak bateria, na spodzie obudowy.<\/li>\n\n\n\n<li><strong>G\u0142\u00f3wny kontroler<\/strong>: Arduino Nano RP2040 dzia\u0142a jako g\u0142\u00f3wny kontroler i p\u0142yta g\u0142\u00f3wna naszego satelity. Zawiera on mikrokontroler Raspberry Pi RP2040. Ka\u017cdy modu\u0142 u\u017cywany w misji podstawowej i dodatkowej b\u0119dzie do niego pod\u0142\u0105czony, a kontroler b\u0119dzie odpowiedzialny za transmisj\u0119 danych mi\u0119dzy mini-satelit\u0105 a stacj\u0105 naziemn\u0105, r\u00f3wnie\u017c za po\u015brednictwem modu\u0142u radiowego.<\/li>\n\n\n\n<li><strong>Modu\u0142 zapisu danych<\/strong>: czytnik kart microSD zostanie zainstalowany na zewn\u0119trznej powierzchni obudowy.<\/li>\n\n\n\n<li><strong>System komunikacji (modu\u0142 radiowy)<\/strong>: jednokierunkowy (tylko z CanSata do stacji naziemnej), o cz\u0119stotliwo\u015bci radiowej 433 MHz. U\u017cyty b\u0119dzie modu\u0142 LoRa-02 jako nadajnik-odbiornik, ze zwyk\u0142\u0105 anten\u0105 miedzian\u0105 33&#215;4,9 mm w satelicie i anten\u0105 COMA ATK-10 pod\u0142\u0105czon\u0105 do stacji naziemnej.<\/li>\n\n\n\n<li><strong>Modu\u0142 zasilania<\/strong>: zasilanie przebiegnie dzi\u0119ki akumulatorowi litowo-jonowemu o pojemno\u015bci 3350 mAh. Wed\u0142ug odczyt\u00f3w zu\u017cycia energii podczas pracy ka\u017cdego modu\u0142u, satelita CanSat powinien dzia\u0142a\u0107 przez oko\u0142o 7,5 godziny, przy \u015brednim zu\u017cyciu \u2014 oko\u0142o 10 godzin.<\/li>\n\n\n\n<li><strong>System odzyskiwania z modu\u0142em GPS<\/strong>: spadochron jest cz\u0119\u015bci\u0105 g\u0142\u00f3wn\u0105 systemu odzyskiwania CanSata. G\u0142\u00f3wnym celem jego wykorzystania jest spowolnienie opadania CanSata do 8 m\/s. Spadochron b\u0119dzie mia\u0142 kszta\u0142t kopu\u0142y i b\u0119dzie wykonany z nylonu, z u\u017cyciem jaskrawoczerwonych materia\u0142\u00f3w, w celu p\u00f3\u017aniejszej lokalizacji sondy CanSat w miejscu l\u0105dowania na ziemi. W procesie lokalizacji potrzebny jest GPS, z ktrego sygna\u0142 b\u0119dzie wysy\u0142any w spos\u00f3b ci\u0105g\u0142y do momentu odnalezienia i wy\u0142\u0105czenia satelity.<\/li>\n<\/ul>\n\n\n\n<h4 class=\"wp-block-heading\" id=\"projekt-oprogramowania\">Projekt oprogramowania<\/h4>\n\n\n\n<p>Zadaniem oprogramowania dla mini-sondy b\u0119dzie obliczanie odpowiednich warto\u015bci przy u\u017cyciu danych pomiarowych uzyskanych z g\u0142\u00f3wnego i dodatkowego modu\u0142u misji i wysy\u0142anie ich do stacji naziemnej. Powinno ono zarz\u0105dza\u0107 systemem komunikacyjnym tak, aby priorytetowo wysy\u0142a\u0107 najwa\u017cniejsze informacje, takie jak lokalizacja i pr\u0119dko\u015b\u0107. Drug\u0105 istotn\u0105 funkcj\u0105 programu steruj\u0105cego satelit\u0105 b\u0119dzie zapisywanie mierzonych danych bezpo\u015brednio na dysku zewn\u0119trznym podczas procesu pomiarowego. Wi\u0119kszo\u015b\u0107 zebranych danych zostanie przes\u0142ana w systemie bie\u017c\u0105cym do stacji naziemnej, ale aby nic z nich nie zosta\u0142o utracone, kopia ka\u017cdego wyniku pomiaru b\u0119dzie przechowywana.<\/p>\n\n\n\n<p>Opisane oprogramowanie zostanie napisane w Arduino C, w \u015brodowisku programistycznym Arduino IDE.<\/p>\n\n\n\n<h4 class=\"wp-block-heading\" id=\"stacja-kontroli-naziemnej\">Stacja kontroli naziemnej<\/h4>\n\n\n\n<p>Stacja naziemna b\u0119dzie sk\u0142ada\u0107 si\u0119 z jednego komputera pod\u0142\u0105czonego do modu\u0142u zarz\u0105dzania radiowego, kt\u00f3ry przechwytywa\u0107 ma dane odbierane z mini-satelity. Oprogramowanie stacji naziemnej wy\u015bwietli ka\u017cdy otrzymany wynik pomiaru w aplikacji w postaci odpowiadaj\u0105cych wykres\u00f3w. Model CanSat 3D wska\u017ce wszystkie informacje o pozycji satelity i jego statusie. W ten sam spos\u00f3b dane b\u0119d\u0105 wy\u015bwietlane w og\u00f3lnodost\u0119pnej aplikacji mobilnej. Dane wykorzystywane przez aplikacj\u0119 mobiln\u0105 b\u0119d\u0105 dostarczane za po\u015brednictwem internetowego serwera FTP przez komputer stacji naziemnej. Oprogramowanie stacji naziemnej zostanie napisane g\u0142\u00f3wnie w j\u0119zyku programowania C#, z wyj\u0105tkiem modu\u0142u zarz\u0105dzania radiem napisanego w Arduino C.<\/p>\n\n\n\n<h4 class=\"wp-block-heading\" id=\"galeria-design-i-rendery\">Galeria: design i rendery<\/h4>\n\n\n<div class=\"pgc-sgb-cb wp-block-pgcsimplygalleryblock-slider \" data-gallery-id=\"6e863498\"style=&quot;min-height:400px&quot;><div class=\"sgb-preloader\" id=\"pr_6e863498\">\n\t<div class=\"sgb-square\" style=\"background:#d4d4d4\"><\/div>\n\t<div class=\"sgb-square\" style=\"background:#d4d4d4\"><\/div>\n\t<div class=\"sgb-square\" style=\"background:#d4d4d4\"><\/div>\n\t<div class=\"sgb-square\" style=\"background:#d4d4d4\"><\/div><\/div><div class=\"simply-gallery-amp pgc_sgb_slider \"><noscript><div class=\"sgb-gallery\"><div class=\"sgb-item\"><a href=\"https:\/\/spacecoffee.net\/cropped-cansat-probe-png\/\" target=\"_blank\"><img decoding=\"async\" alt=\"\" width=\"300\" height=\"277\" loading=\"lazy\" src=\"https:\/\/spacecoffee.net\/wp-content\/uploads\/2024\/05\/cropped-CanSat-Probe-300x277.png\" srcset=\"https:\/\/spacecoffee.net\/wp-content\/uploads\/2024\/05\/cropped-CanSat-Probe-300x277.png 300w,https:\/\/spacecoffee.net\/wp-content\/uploads\/2024\/05\/cropped-CanSat-Probe.png 332w\" sizes=\"auto, 250px\"\/><\/a><\/div><div class=\"sgb-item\"><a href=\"https:\/\/spacecoffee.net\/projekty\/cansat\/cansat-2022-2023\/attachment\/proj-1\/\" target=\"_blank\"><img decoding=\"async\" alt=\"\" width=\"300\" height=\"169\" loading=\"lazy\" src=\"https:\/\/spacecoffee.net\/wp-content\/uploads\/2025\/10\/proj-1-300x169.png\" srcset=\"https:\/\/spacecoffee.net\/wp-content\/uploads\/2025\/10\/proj-1-300x169.png 300w,https:\/\/spacecoffee.net\/wp-content\/uploads\/2025\/10\/proj-1-1024x576.png 1024w,https:\/\/spacecoffee.net\/wp-content\/uploads\/2025\/10\/proj-1-scaled.png 2560w\" sizes=\"auto, 250px\"\/><\/a><\/div><div class=\"sgb-item\"><a href=\"https:\/\/spacecoffee.net\/projekty\/cansat\/cansat-2022-2023\/attachment\/cs2023\/\" target=\"_blank\"><img decoding=\"async\" alt=\"\" width=\"225\" height=\"300\" loading=\"lazy\" src=\"https:\/\/spacecoffee.net\/wp-content\/uploads\/2025\/10\/cs2023-225x300.png\" srcset=\"https:\/\/spacecoffee.net\/wp-content\/uploads\/2025\/10\/cs2023-225x300.png 225w,https:\/\/spacecoffee.net\/wp-content\/uploads\/2025\/10\/cs2023-768x1024.png 768w,https:\/\/spacecoffee.net\/wp-content\/uploads\/2025\/10\/cs2023.png 1536w\" sizes=\"auto, 250px\"\/><\/a><\/div><div class=\"sgb-item\"><a href=\"https:\/\/spacecoffee.net\/projekty\/cansat\/cansat-2022-2023\/attachment\/cs_2023_2\/\" target=\"_blank\"><img decoding=\"async\" alt=\"\" width=\"225\" height=\"300\" loading=\"lazy\" src=\"https:\/\/spacecoffee.net\/wp-content\/uploads\/2025\/10\/cs_2023_2-225x300.png\" srcset=\"https:\/\/spacecoffee.net\/wp-content\/uploads\/2025\/10\/cs_2023_2-225x300.png 225w,https:\/\/spacecoffee.net\/wp-content\/uploads\/2025\/10\/cs_2023_2-768x1024.png 768w,https:\/\/spacecoffee.net\/wp-content\/uploads\/2025\/10\/cs_2023_2.png 1536w\" sizes=\"auto, 250px\"\/><\/a><\/div><div class=\"sgb-item\"><a href=\"https:\/\/spacecoffee.net\/projekty\/cansat\/cansat-2022-2023\/attachment\/cs20233\/\" target=\"_blank\"><img decoding=\"async\" alt=\"\" width=\"225\" height=\"300\" loading=\"lazy\" src=\"https:\/\/spacecoffee.net\/wp-content\/uploads\/2025\/10\/cs20233-225x300.png\" srcset=\"https:\/\/spacecoffee.net\/wp-content\/uploads\/2025\/10\/cs20233-225x300.png 225w,https:\/\/spacecoffee.net\/wp-content\/uploads\/2025\/10\/cs20233-768x1024.png 768w,https:\/\/spacecoffee.net\/wp-content\/uploads\/2025\/10\/cs20233.png 1536w\" sizes=\"auto, 250px\"\/><\/a><\/div><\/div><\/noscript><\/div><script type=\"application\/json\" class=\"sgb-data\">{\"sliderAdminWidth\":895,\"galleryType\":\"pgc_sgb_slider\",\"galleryId\":\"6e863498\",\"images\":[{\"id\":562,\"title\":\"cropped-CanSat-Probe.png\",\"url\":\"https:\/\/spacecoffee.net\/wp-content\/uploads\/2024\/05\/cropped-CanSat-Probe.png\",\"link\":\"https:\/\/spacecoffee.net\/cropped-cansat-probe-png\/\",\"alt\":\"\",\"description\":\"https:\/\/spacecoffee.net\/wp-content\/uploads\/2024\/05\/cropped-CanSat-Probe.png\",\"caption\":\"\",\"mime\":\"image\/png\",\"type\":\"image\",\"width\":332,\"height\":307,\"sizes\":{\"thumbnail\":{\"height\":150,\"width\":150,\"url\":\"https:\/\/spacecoffee.net\/wp-content\/uploads\/2024\/05\/cropped-CanSat-Probe-150x150.png\",\"orientation\":\"landscape\"},\"medium\":{\"height\":277,\"width\":300,\"url\":\"https:\/\/spacecoffee.net\/wp-content\/uploads\/2024\/05\/cropped-CanSat-Probe-300x277.png\",\"orientation\":\"landscape\"},\"full\":{\"url\":\"https:\/\/spacecoffee.net\/wp-content\/uploads\/2024\/05\/cropped-CanSat-Probe.png\",\"height\":307,\"width\":332,\"orientation\":\"landscape\"}},\"imageMeta\":{\"aperture\":\"0\",\"credit\":\"\",\"camera\":\"\",\"caption\":\"\",\"created_timestamp\":\"0\",\"copyright\":\"\",\"focal_length\":\"0\",\"iso\":\"0\",\"shutter_speed\":\"0\",\"title\":\"\",\"orientation\":\"0\",\"keywords\":[]},\"meta\":false,\"postlink\":\"https:\/\/spacecoffee.net\/cropped-cansat-probe-png\/\"},{\"id\":1294,\"title\":\"proj 1\",\"url\":\"https:\/\/spacecoffee.net\/wp-content\/uploads\/2025\/10\/proj-1-scaled.png\",\"link\":\"https:\/\/spacecoffee.net\/projekty\/cansat\/cansat-2022-2023\/attachment\/proj-1\/\",\"alt\":\"\",\"description\":\"\",\"caption\":\"\",\"mime\":\"image\/png\",\"type\":\"image\",\"width\":2560,\"height\":1440,\"sizes\":{\"thumbnail\":{\"height\":150,\"width\":150,\"url\":\"https:\/\/spacecoffee.net\/wp-content\/uploads\/2025\/10\/proj-1-150x150.png\",\"orientation\":\"landscape\"},\"medium\":{\"height\":169,\"width\":300,\"url\":\"https:\/\/spacecoffee.net\/wp-content\/uploads\/2025\/10\/proj-1-300x169.png\",\"orientation\":\"landscape\"},\"large\":{\"height\":576,\"width\":1024,\"url\":\"https:\/\/spacecoffee.net\/wp-content\/uploads\/2025\/10\/proj-1-1024x576.png\",\"orientation\":\"landscape\"},\"full\":{\"url\":\"https:\/\/spacecoffee.net\/wp-content\/uploads\/2025\/10\/proj-1-scaled.png\",\"height\":1440,\"width\":2560,\"orientation\":\"landscape\"}},\"imageMeta\":{\"aperture\":\"0\",\"credit\":\"\",\"camera\":\"\",\"caption\":\"\",\"created_timestamp\":\"0\",\"copyright\":\"\",\"focal_length\":\"0\",\"iso\":\"0\",\"shutter_speed\":\"0\",\"title\":\"\",\"orientation\":\"0\",\"keywords\":[]},\"meta\":false,\"postlink\":\"https:\/\/spacecoffee.net\/projekty\/cansat\/cansat-2022-2023\/attachment\/proj-1\/\"},{\"id\":1298,\"title\":\"cs2023\",\"url\":\"https:\/\/spacecoffee.net\/wp-content\/uploads\/2025\/10\/cs2023.png\",\"link\":\"https:\/\/spacecoffee.net\/projekty\/cansat\/cansat-2022-2023\/attachment\/cs2023\/\",\"alt\":\"\",\"description\":\"\",\"caption\":\"\",\"mime\":\"image\/png\",\"type\":\"image\",\"width\":1536,\"height\":2048,\"sizes\":{\"thumbnail\":{\"height\":150,\"width\":150,\"url\":\"https:\/\/spacecoffee.net\/wp-content\/uploads\/2025\/10\/cs2023-150x150.png\",\"orientation\":\"landscape\"},\"medium\":{\"height\":300,\"width\":225,\"url\":\"https:\/\/spacecoffee.net\/wp-content\/uploads\/2025\/10\/cs2023-225x300.png\",\"orientation\":\"portrait\"},\"large\":{\"height\":1024,\"width\":768,\"url\":\"https:\/\/spacecoffee.net\/wp-content\/uploads\/2025\/10\/cs2023-768x1024.png\",\"orientation\":\"portrait\"},\"full\":{\"url\":\"https:\/\/spacecoffee.net\/wp-content\/uploads\/2025\/10\/cs2023.png\",\"height\":2048,\"width\":1536,\"orientation\":\"portrait\"}},\"imageMeta\":{\"aperture\":\"0\",\"credit\":\"\",\"camera\":\"\",\"caption\":\"\",\"created_timestamp\":\"0\",\"copyright\":\"\",\"focal_length\":\"0\",\"iso\":\"0\",\"shutter_speed\":\"0\",\"title\":\"\",\"orientation\":\"0\",\"keywords\":[]},\"meta\":false,\"postlink\":\"https:\/\/spacecoffee.net\/projekty\/cansat\/cansat-2022-2023\/attachment\/cs2023\/\"},{\"id\":1296,\"title\":\"cs_2023_2\",\"url\":\"https:\/\/spacecoffee.net\/wp-content\/uploads\/2025\/10\/cs_2023_2.png\",\"link\":\"https:\/\/spacecoffee.net\/projekty\/cansat\/cansat-2022-2023\/attachment\/cs_2023_2\/\",\"alt\":\"\",\"description\":\"\",\"caption\":\"\",\"mime\":\"image\/png\",\"type\":\"image\",\"width\":1536,\"height\":2048,\"sizes\":{\"thumbnail\":{\"height\":150,\"width\":150,\"url\":\"https:\/\/spacecoffee.net\/wp-content\/uploads\/2025\/10\/cs_2023_2-150x150.png\",\"orientation\":\"landscape\"},\"medium\":{\"height\":300,\"width\":225,\"url\":\"https:\/\/spacecoffee.net\/wp-content\/uploads\/2025\/10\/cs_2023_2-225x300.png\",\"orientation\":\"portrait\"},\"large\":{\"height\":1024,\"width\":768,\"url\":\"https:\/\/spacecoffee.net\/wp-content\/uploads\/2025\/10\/cs_2023_2-768x1024.png\",\"orientation\":\"portrait\"},\"full\":{\"url\":\"https:\/\/spacecoffee.net\/wp-content\/uploads\/2025\/10\/cs_2023_2.png\",\"height\":2048,\"width\":1536,\"orientation\":\"portrait\"}},\"imageMeta\":{\"aperture\":\"0\",\"credit\":\"\",\"camera\":\"\",\"caption\":\"\",\"created_timestamp\":\"0\",\"copyright\":\"\",\"focal_length\":\"0\",\"iso\":\"0\",\"shutter_speed\":\"0\",\"title\":\"\",\"orientation\":\"0\",\"keywords\":[]},\"meta\":false,\"postlink\":\"https:\/\/spacecoffee.net\/projekty\/cansat\/cansat-2022-2023\/attachment\/cs_2023_2\/\"},{\"id\":1295,\"title\":\"cs20233\",\"url\":\"https:\/\/spacecoffee.net\/wp-content\/uploads\/2025\/10\/cs20233.png\",\"link\":\"https:\/\/spacecoffee.net\/projekty\/cansat\/cansat-2022-2023\/attachment\/cs20233\/\",\"alt\":\"\",\"description\":\"\",\"caption\":\"\",\"mime\":\"image\/png\",\"type\":\"image\",\"width\":1536,\"height\":2048,\"sizes\":{\"thumbnail\":{\"height\":150,\"width\":150,\"url\":\"https:\/\/spacecoffee.net\/wp-content\/uploads\/2025\/10\/cs20233-150x150.png\",\"orientation\":\"landscape\"},\"medium\":{\"height\":300,\"width\":225,\"url\":\"https:\/\/spacecoffee.net\/wp-content\/uploads\/2025\/10\/cs20233-225x300.png\",\"orientation\":\"portrait\"},\"large\":{\"height\":1024,\"width\":768,\"url\":\"https:\/\/spacecoffee.net\/wp-content\/uploads\/2025\/10\/cs20233-768x1024.png\",\"orientation\":\"portrait\"},\"full\":{\"url\":\"https:\/\/spacecoffee.net\/wp-content\/uploads\/2025\/10\/cs20233.png\",\"height\":2048,\"width\":1536,\"orientation\":\"portrait\"}},\"imageMeta\":{\"aperture\":\"0\",\"credit\":\"\",\"camera\":\"\",\"caption\":\"\",\"created_timestamp\":\"0\",\"copyright\":\"\",\"focal_length\":\"0\",\"iso\":\"0\",\"shutter_speed\":\"0\",\"title\":\"\",\"orientation\":\"0\",\"keywords\":[]},\"meta\":false,\"postlink\":\"https:\/\/spacecoffee.net\/projekty\/cansat\/cansat-2022-2023\/attachment\/cs20233\/\"}],\"TrpContentRestriction\":{\"restriction_type\":\"exclude\",\"selected_languages\":[],\"panel_open\":true},\"itemsMetaDataCollection\":[]}<\/script><script>(function(){if(window.PGC_SGB && window.PGC_SGB.searcher){window.PGC_SGB.searcher.initBlocks()}})()<\/script><\/div>","protected":false},"excerpt":{"rendered":"<p>Cel misji i funkcje mini-sondy Jako g\u0142\u00f3wny cel misji CanSat, zesp\u00f3\u0142 projektowy obra\u0142 testowanie i mierzenie warunk\u00f3w panuj\u0105cych na obcych planetach\u2014zainspirowani ch\u0119ci\u0105 poznawanie nauki astronomii i eksploracj\u0105 kosmiczn\u0105 w kierunku rozszerzania zasi\u0119g\u00f3w ludzkich na inne planety i tworzeniem na nich o\u015brodk\u00f3w badawczych. Obejmuje to upewnienie si\u0119, \u017ce dana planeta jest bezpieczna do l\u0105dowania \u2014 zmierzone [&hellip;]<\/p>\n","protected":false},"author":4,"featured_media":0,"parent":254,"menu_order":0,"comment_status":"closed","ping_status":"closed","template":"","meta":{"_gspb_post_css":"#gspb_image-id-gsbp-c26f511{text-align:center;height:auto}#gspb_image-id-gsbp-c26f511 img{vertical-align:middle;display:inline-block;box-sizing:border-box;max-width:100%;width:996px;height:auto}@media (max-width:991.98px){#gspb_image-id-gsbp-c26f511,#gspb_image-id-gsbp-c26f511 img{height:auto}}@media (max-width:767.98px){#gspb_image-id-gsbp-c26f511,#gspb_image-id-gsbp-c26f511 img{height:auto}}@media (max-width:575.98px){#gspb_image-id-gsbp-c26f511,#gspb_image-id-gsbp-c26f511 img{height:auto}}","pgc_sgb_lightbox_settings":"","footnotes":""},"class_list":["post-298","page","type-page","status-publish","hentry"],"_links":{"self":[{"href":"https:\/\/spacecoffee.net\/en\/wp-json\/wp\/v2\/pages\/298","targetHints":{"allow":["GET"]}}],"collection":[{"href":"https:\/\/spacecoffee.net\/en\/wp-json\/wp\/v2\/pages"}],"about":[{"href":"https:\/\/spacecoffee.net\/en\/wp-json\/wp\/v2\/types\/page"}],"author":[{"embeddable":true,"href":"https:\/\/spacecoffee.net\/en\/wp-json\/wp\/v2\/users\/4"}],"replies":[{"embeddable":true,"href":"https:\/\/spacecoffee.net\/en\/wp-json\/wp\/v2\/comments?post=298"}],"version-history":[{"count":15,"href":"https:\/\/spacecoffee.net\/en\/wp-json\/wp\/v2\/pages\/298\/revisions"}],"predecessor-version":[{"id":1828,"href":"https:\/\/spacecoffee.net\/en\/wp-json\/wp\/v2\/pages\/298\/revisions\/1828"}],"up":[{"embeddable":true,"href":"https:\/\/spacecoffee.net\/en\/wp-json\/wp\/v2\/pages\/254"}],"wp:attachment":[{"href":"https:\/\/spacecoffee.net\/en\/wp-json\/wp\/v2\/media?parent=298"}],"curies":[{"name":"wp","href":"https:\/\/api.w.org\/{rel}","templated":true}]}}