{"id":254,"date":"2024-04-17T23:04:44","date_gmt":"2024-04-17T21:04:44","guid":{"rendered":"https:\/\/spacecoffee.net\/?page_id=254"},"modified":"2026-02-09T19:41:18","modified_gmt":"2026-02-09T18:41:18","slug":"cansat","status":"publish","type":"page","link":"https:\/\/spacecoffee.net\/en\/projekty\/cansat\/","title":{"rendered":"CanSat"},"content":{"rendered":"<p>Over the course of three consecutive years, SpaceCoffee developed five mini-probe designs for participation in the CanSat competition organized by ESA and ESERO. The main goal of the competition is to construct a fully functional satellite the size of a can, which will perform the basic exploration functions specified by the organizers, along with the most interesting additional mission chosen by the team of participants, the creators of the CanSat mini-probe. The projects from each year of participation are described in detail below. We also encourage you to check out the tag <a href=\"https:\/\/spacecoffee.net\/en\/tag\/cansat\/\"><strong>CanSat <\/strong><\/a>on the page: <a href=\"https:\/\/spacecoffee.net\/en\/category\/aktualnosci\/\" data-type=\"category\" data-id=\"2\"><strong>News<\/strong><\/a>.<\/p>\n\n\n\n<div>\n<h3 class=\"wp-block-heading\" id=\"cansat-2021-2022\"><a href=\"https:\/\/spacecoffee.net\/en\/projects\/cansat\/cansat-2021-2022\/\" data-type=\"page\" data-id=\"302\">CanSat 2021\/2022<\/a><\/h3>\n\n\n\n<p>The CanSat mini-probe project was created for the 2021\/2022 edition of the competition. Two missions have been set for the mini-probe to carry out. <a href=\"https:\/\/spacecoffee.net\/en\/projekty\/cansat\/cansat-2021-2022\/\" data-type=\"page\" data-id=\"302\"><strong>More<\/strong><\/a><\/p>\n<\/div>\n\n\n\n<div>\n<h3 class=\"wp-block-heading\" id=\"cansat-2021-2022\"><a href=\"https:\/\/spacecoffee.net\/en\/projects\/cansat\/cansat-2022-2023\/\" data-type=\"page\" data-id=\"298\">CanSat 2022\/2023<\/a><\/h3>\n\n\n\n<p>The CanSat mini-probe project was created for the 2022\/2023 edition of the competition. The main goal of this CanSat mission was to test and describe the conditions prevailing on alien planets. <a href=\"https:\/\/spacecoffee.net\/en\/projekty\/cansat\/cansat-2022-2023\/\" data-type=\"page\" data-id=\"298\"><strong>More<\/strong><\/a><\/p>\n<\/div>\n\n\n\n<h3 class=\"wp-block-heading\" id=\"cansat-2024-2025\"><a href=\"https:\/\/spacecoffee.net\/en\/projects\/cansat\/cansat-2024-2025\/\" data-type=\"page\" data-id=\"903\">CanSat 2024\/2025<\/a><\/h3>\n\n\n\n<p>The description of the three CanSat projects that the SpaceCoffee, Space Reeds, and Velocity Hunters teams have worked on. In this edition, SKN SpaceCoffee could be proud of its strong representation in the competition. <a href=\"https:\/\/spacecoffee.net\/en\/projekty\/cansat\/cansat-2024-2025\/\" data-type=\"page\" data-id=\"903\"><strong>More<\/strong><\/a><\/p>","protected":false},"excerpt":{"rendered":"<p>Przez 3 kolejne lata, w Kole SpaceCoffee powsta\u0142o 5 projekt\u00f3w mini-sond na potrzeby udzia\u0142u w konkursie CanSat, organizowanym przez organizacje ESA i ESERO. Zasadniczym celem konkursu jest skonstruowanie w pe\u0142ni satelity o wielko\u015bci puszki, kt\u00f3ry b\u0119dzie spe\u0142nia\u0142 podstawowe funkcje eksploracyjne wyznaczone przez organizator\u00f3w wraz z jak najciekawsz\u0105 misj\u0105 dodatkow\u0105, wybran\u0105 przez zesp\u00f3\u0142 uczestnik\u00f3w, tw\u00f3rc\u00f3w mini-sondy [&hellip;]<\/p>\n","protected":false},"author":4,"featured_media":0,"parent":83,"menu_order":0,"comment_status":"closed","ping_status":"closed","template":"","meta":{"_gspb_post_css":"","pgc_sgb_lightbox_settings":"","footnotes":""},"class_list":["post-254","page","type-page","status-publish","hentry"],"_links":{"self":[{"href":"https:\/\/spacecoffee.net\/en\/wp-json\/wp\/v2\/pages\/254","targetHints":{"allow":["GET"]}}],"collection":[{"href":"https:\/\/spacecoffee.net\/en\/wp-json\/wp\/v2\/pages"}],"about":[{"href":"https:\/\/spacecoffee.net\/en\/wp-json\/wp\/v2\/types\/page"}],"author":[{"embeddable":true,"href":"https:\/\/spacecoffee.net\/en\/wp-json\/wp\/v2\/users\/4"}],"replies":[{"embeddable":true,"href":"https:\/\/spacecoffee.net\/en\/wp-json\/wp\/v2\/comments?post=254"}],"version-history":[{"count":19,"href":"https:\/\/spacecoffee.net\/en\/wp-json\/wp\/v2\/pages\/254\/revisions"}],"predecessor-version":[{"id":1821,"href":"https:\/\/spacecoffee.net\/en\/wp-json\/wp\/v2\/pages\/254\/revisions\/1821"}],"up":[{"embeddable":true,"href":"https:\/\/spacecoffee.net\/en\/wp-json\/wp\/v2\/pages\/83"}],"wp:attachment":[{"href":"https:\/\/spacecoffee.net\/en\/wp-json\/wp\/v2\/media?parent=254"}],"curies":[{"name":"wp","href":"https:\/\/api.w.org\/{rel}","templated":true}]}}