{"id":252,"date":"2024-03-15T20:00:43","date_gmt":"2024-03-15T19:00:43","guid":{"rendered":"https:\/\/spacecoffee.net\/?page_id=252"},"modified":"2026-04-07T12:16:28","modified_gmt":"2026-04-07T10:16:28","slug":"szybowiec","status":"publish","type":"page","link":"https:\/\/spacecoffee.net\/en\/projekty\/szybowiec\/","title":{"rendered":"Glider"},"content":{"rendered":"<p class=\"has-text-align-left\" style=\"padding-right:0;padding-left:0\">The aim of the project was to create a small, hand-launched glider for participation in the Learn&amp;Fly competition, which is aimed at developing engineering and construction interests and skills among high school and elementary school students. It was a four-person team project undertaken by members of our club to pursue their interests in modeling and construction, while also testing their current skills in tasks related to these fields.<\/p>\n\n\n\n<h3 class=\"wp-block-heading has-foreground-color has-text-color has-link-color wp-elements-09c4b35253c6e7d67869297006715cf5\" id=\"rozwoj-projektu\"><strong>Project development<\/strong><\/h3>\n\n\n\n<p class=\"has-foreground-color has-text-color has-link-color wp-elements-605fc3adb88b68d67bf025e6efe0efc8\" style=\"padding-top:0;padding-right:0;padding-bottom:0;padding-left:0\">We began work on the glider by creating a 3D model. After considering several versions, we finally decided on the following glider model:<\/p>\n\n\n\n<p class=\"has-foreground-color has-text-color has-link-color wp-elements-176a26c9f6bc28dcb98a175128c132b5\" style=\"padding-top:0;padding-right:0;padding-bottom:0;padding-left:0\">\u2013 divided into easily removable segments.<\/p>\n\n\n\n<p class=\"has-foreground-color has-text-color has-link-color wp-elements-3075c892e5d42a777ef8367ee92ab833\" style=\"padding-top:0;padding-right:0;padding-bottom:0;padding-left:0\">\u2013 wing and stabilizer mounts printed on a 3D printer and connected with a carbon fiber tube \u2014 printing ensures high strength, lightness, and low cost of component production.<\/p>\n\n\n\n<p class=\"has-foreground-color has-text-color has-link-color wp-elements-c699fe268df577c1d9572795833da544\" style=\"padding-top:0;padding-right:0;padding-bottom:0;padding-left:0\">\u2013 carbon fiber connecting fasteners \u2014 still a lightweight but durable material, forming a key structural element, the core of the entire glider.<\/p>\n\n\n\n<p class=\"has-foreground-color has-text-color has-link-color wp-elements-fa12295b82e56d85b483c325ff88d776\" style=\"padding-top:0;padding-right:0;padding-bottom:0;padding-left:0\">\u2013 wings made almost entirely of balsa wood, including the spars and ribs, CNC laser cut from a sheet of balsa wood. Thanks to the round holes cut in the ribs, the glider's weight is even lower.<\/p>\n\n\n\n<p class=\"has-foreground-color has-text-color has-link-color wp-elements-bce92233fff6ca81f85b88ed440cdb38\" style=\"padding-top:0;padding-right:0;padding-bottom:0;padding-left:0\">\u2013 wing covering made of a material with a structure similar to heat-shrinkable film, ensuring low weight, relatively high strength, but most importantly, good adhesion to the wing ribs.<\/p>\n\n\n\n<p class=\"has-foreground-color has-text-color has-link-color wp-elements-7c32d4d92f11deb2174ddd65e4da1ccc\" style=\"padding-top:0;padding-right:0;padding-bottom:0;padding-left:0\">In addition, we want to perform an aerodynamic simulation of the designed components to ensure that the prototype in its current state will be able to achieve the desired results.<\/p>\n\n\n\n<h3 class=\"wp-block-heading\" id=\"galeria-projekt\">Gallery: the project<\/h3>\n\n\n\n<div class=\"wp-block-columns is-layout-flex wp-container-core-columns-is-layout-28f84493 wp-block-columns-is-layout-flex\">\n<div class=\"wp-block-column is-layout-flow wp-block-column-is-layout-flow\" style=\"flex-basis:100%\">\n<figure class=\"wp-block-gallery has-nested-images columns-3 is-cropped wp-block-gallery-1 is-layout-flex wp-block-gallery-is-layout-flex\">\n<figure class=\"wp-block-image size-large\"><a href=\"https:\/\/spacecoffee.net\/wp-content\/uploads\/2024\/04\/glider_mount1.png\"><img loading=\"lazy\" decoding=\"async\" width=\"1024\" height=\"387\" data-id=\"226\" src=\"https:\/\/spacecoffee.net\/wp-content\/uploads\/2024\/04\/glider_mount1-1024x387.png\" alt=\"\" class=\"wp-image-226\" srcset=\"https:\/\/spacecoffee.net\/wp-content\/uploads\/2024\/04\/glider_mount1-1024x387.png 1024w, https:\/\/spacecoffee.net\/wp-content\/uploads\/2024\/04\/glider_mount1-300x113.png 300w, https:\/\/spacecoffee.net\/wp-content\/uploads\/2024\/04\/glider_mount1-768x290.png 768w, https:\/\/spacecoffee.net\/wp-content\/uploads\/2024\/04\/glider_mount1.png 1210w\" sizes=\"auto, (max-width: 1024px) 100vw, 1024px\" \/><\/a><figcaption class=\"wp-element-caption\">Mount 1<\/figcaption><\/figure>\n\n\n\n<figure class=\"wp-block-image size-large\"><a href=\"https:\/\/spacecoffee.net\/wp-content\/uploads\/2024\/04\/glider_mount2.png\"><img loading=\"lazy\" decoding=\"async\" width=\"1024\" height=\"645\" data-id=\"225\" src=\"https:\/\/spacecoffee.net\/wp-content\/uploads\/2024\/04\/glider_mount2-1024x645.png\" alt=\"\" class=\"wp-image-225\" srcset=\"https:\/\/spacecoffee.net\/wp-content\/uploads\/2024\/04\/glider_mount2-1024x645.png 1024w, https:\/\/spacecoffee.net\/wp-content\/uploads\/2024\/04\/glider_mount2-300x189.png 300w, https:\/\/spacecoffee.net\/wp-content\/uploads\/2024\/04\/glider_mount2-768x484.png 768w, https:\/\/spacecoffee.net\/wp-content\/uploads\/2024\/04\/glider_mount2.png 1119w\" sizes=\"auto, (max-width: 1024px) 100vw, 1024px\" \/><\/a><figcaption class=\"wp-element-caption\">Mount 2<\/figcaption><\/figure>\n\n\n\n<figure class=\"wp-block-image size-large\"><img loading=\"lazy\" decoding=\"async\" width=\"1024\" height=\"587\" data-id=\"795\" src=\"https:\/\/spacecoffee.net\/wp-content\/uploads\/2024\/06\/Picture2-1024x587.png\" alt=\"\" class=\"wp-image-795\" srcset=\"https:\/\/spacecoffee.net\/wp-content\/uploads\/2024\/06\/Picture2-1024x587.png 1024w, https:\/\/spacecoffee.net\/wp-content\/uploads\/2024\/06\/Picture2-300x172.png 300w, https:\/\/spacecoffee.net\/wp-content\/uploads\/2024\/06\/Picture2-768x440.png 768w, https:\/\/spacecoffee.net\/wp-content\/uploads\/2024\/06\/Picture2-1536x881.png 1536w, https:\/\/spacecoffee.net\/wp-content\/uploads\/2024\/06\/Picture2-2048x1174.png 2048w, https:\/\/spacecoffee.net\/wp-content\/uploads\/2024\/06\/Picture2-18x10.png 18w\" sizes=\"auto, (max-width: 1024px) 100vw, 1024px\" \/><figcaption class=\"wp-element-caption\">Wing profile design (above) and wing rib design (below)<\/figcaption><\/figure>\n\n\n\n<figure class=\"wp-block-image size-large\"><img loading=\"lazy\" decoding=\"async\" width=\"1024\" height=\"565\" data-id=\"797\" src=\"https:\/\/spacecoffee.net\/wp-content\/uploads\/2024\/06\/Picture5-1024x565.png\" alt=\"\" class=\"wp-image-797\" srcset=\"https:\/\/spacecoffee.net\/wp-content\/uploads\/2024\/06\/Picture5-1024x565.png 1024w, https:\/\/spacecoffee.net\/wp-content\/uploads\/2024\/06\/Picture5-300x166.png 300w, https:\/\/spacecoffee.net\/wp-content\/uploads\/2024\/06\/Picture5-768x424.png 768w, https:\/\/spacecoffee.net\/wp-content\/uploads\/2024\/06\/Picture5-18x10.png 18w, https:\/\/spacecoffee.net\/wp-content\/uploads\/2024\/06\/Picture5.png 1087w\" sizes=\"auto, (max-width: 1024px) 100vw, 1024px\" \/><figcaption class=\"wp-element-caption\">Ballast mountings (side view)<\/figcaption><\/figure>\n\n\n\n<figure class=\"wp-block-image size-large\"><img loading=\"lazy\" decoding=\"async\" width=\"1024\" height=\"571\" data-id=\"796\" src=\"https:\/\/spacecoffee.net\/wp-content\/uploads\/2024\/06\/Picture3-1024x571.png\" alt=\"\" class=\"wp-image-796\" srcset=\"https:\/\/spacecoffee.net\/wp-content\/uploads\/2024\/06\/Picture3-1024x571.png 1024w, https:\/\/spacecoffee.net\/wp-content\/uploads\/2024\/06\/Picture3-300x167.png 300w, https:\/\/spacecoffee.net\/wp-content\/uploads\/2024\/06\/Picture3-768x428.png 768w, https:\/\/spacecoffee.net\/wp-content\/uploads\/2024\/06\/Picture3-18x10.png 18w, https:\/\/spacecoffee.net\/wp-content\/uploads\/2024\/06\/Picture3.png 1062w\" sizes=\"auto, (max-width: 1024px) 100vw, 1024px\" \/><figcaption class=\"wp-element-caption\">Wing mountings (side view)<\/figcaption><\/figure>\n\n\n\n<figure class=\"wp-block-image size-large\"><a href=\"https:\/\/spacecoffee.net\/wp-content\/uploads\/2024\/04\/glider_wings1.png\"><img loading=\"lazy\" decoding=\"async\" width=\"1024\" height=\"535\" data-id=\"223\" src=\"https:\/\/spacecoffee.net\/wp-content\/uploads\/2024\/04\/glider_wings1-1024x535.png\" alt=\"\" class=\"wp-image-223\" srcset=\"https:\/\/spacecoffee.net\/wp-content\/uploads\/2024\/04\/glider_wings1-1024x535.png 1024w, https:\/\/spacecoffee.net\/wp-content\/uploads\/2024\/04\/glider_wings1-300x157.png 300w, https:\/\/spacecoffee.net\/wp-content\/uploads\/2024\/04\/glider_wings1-768x401.png 768w, https:\/\/spacecoffee.net\/wp-content\/uploads\/2024\/04\/glider_wings1.png 1471w\" sizes=\"auto, (max-width: 1024px) 100vw, 1024px\" \/><\/a><figcaption class=\"wp-element-caption\">Wings<\/figcaption><\/figure>\n\n\n\n<figure class=\"wp-block-image size-large\"><a href=\"https:\/\/spacecoffee.net\/wp-content\/uploads\/2024\/04\/glider_wings2.png\"><img loading=\"lazy\" decoding=\"async\" width=\"1024\" height=\"424\" data-id=\"222\" src=\"https:\/\/spacecoffee.net\/wp-content\/uploads\/2024\/04\/glider_wings2-1024x424.png\" alt=\"\" class=\"wp-image-222\" srcset=\"https:\/\/spacecoffee.net\/wp-content\/uploads\/2024\/04\/glider_wings2-1024x424.png 1024w, https:\/\/spacecoffee.net\/wp-content\/uploads\/2024\/04\/glider_wings2-300x124.png 300w, https:\/\/spacecoffee.net\/wp-content\/uploads\/2024\/04\/glider_wings2-768x318.png 768w, https:\/\/spacecoffee.net\/wp-content\/uploads\/2024\/04\/glider_wings2-1536x637.png 1536w, https:\/\/spacecoffee.net\/wp-content\/uploads\/2024\/04\/glider_wings2.png 1602w\" sizes=\"auto, (max-width: 1024px) 100vw, 1024px\" \/><\/a><figcaption class=\"wp-element-caption\">Wings closeup<\/figcaption><\/figure>\n\n\n\n<figure class=\"wp-block-image size-large\"><a href=\"https:\/\/spacecoffee.net\/wp-content\/uploads\/2024\/04\/glider_w.png\"><img loading=\"lazy\" decoding=\"async\" width=\"1024\" height=\"577\" data-id=\"224\" src=\"https:\/\/spacecoffee.net\/wp-content\/uploads\/2024\/04\/glider_w-1024x577.png\" alt=\"\" class=\"wp-image-224\" srcset=\"https:\/\/spacecoffee.net\/wp-content\/uploads\/2024\/04\/glider_w-1024x577.png 1024w, https:\/\/spacecoffee.net\/wp-content\/uploads\/2024\/04\/glider_w-300x169.png 300w, https:\/\/spacecoffee.net\/wp-content\/uploads\/2024\/04\/glider_w-768x432.png 768w, https:\/\/spacecoffee.net\/wp-content\/uploads\/2024\/04\/glider_w.png 1364w\" sizes=\"auto, (max-width: 1024px) 100vw, 1024px\" \/><\/a><figcaption class=\"wp-element-caption\">Wings with mountings<\/figcaption><\/figure>\n\n\n\n<figure class=\"wp-block-image size-large\"><img loading=\"lazy\" decoding=\"async\" width=\"1024\" height=\"407\" data-id=\"793\" src=\"https:\/\/spacecoffee.net\/wp-content\/uploads\/2024\/06\/Picture1-1024x407.png\" alt=\"\" class=\"wp-image-793\" srcset=\"https:\/\/spacecoffee.net\/wp-content\/uploads\/2024\/06\/Picture1-1024x407.png 1024w, https:\/\/spacecoffee.net\/wp-content\/uploads\/2024\/06\/Picture1-300x119.png 300w, https:\/\/spacecoffee.net\/wp-content\/uploads\/2024\/06\/Picture1-768x305.png 768w, https:\/\/spacecoffee.net\/wp-content\/uploads\/2024\/06\/Picture1-18x7.png 18w, https:\/\/spacecoffee.net\/wp-content\/uploads\/2024\/06\/Picture1.png 1130w\" sizes=\"auto, (max-width: 1024px) 100vw, 1024px\" \/><figcaption class=\"wp-element-caption\">Construction with solid wings and fasteners, without the carbon tube core<\/figcaption><\/figure>\n<\/figure>\n<\/div>\n<\/div>\n\n\n\n<h3 class=\"wp-block-heading\" id=\"opis-projektu\">Project description<\/h3>\n\n\n\n<h4 class=\"wp-block-heading\" id=\"skrzydla\">Wings<\/h4>\n\n\n\n<p>The wings have a rib-and-girder structure with an S4310 profile, bent 10 degrees upward at a distance of 31 cm from the fuselage. To protect the wings, they have a balsa wood leading edge and trailing edge. The wings have three main spars, two of which are one-piece, and one, the middle one, is divided into two parts. One wing is 488 mm long. Each wing has 10 ribs and is terminated with a winglet. These elements increase the wing's efficiency and the aircraft's horizontal stability.<\/p>\n\n\n\n<h4 class=\"wp-block-heading\" id=\"stateczniki\">Ballasts<\/h4>\n\n\n\n<p>The stabilizers also have a rib-and-girder structure, with the difference that they have only 2 girders instead of 3. They have a parachute and leading edge similar to those used in wings. The horizontal stabilizers have 3 ribs per side, while the vertical stabilizer has 4 ribs.<\/p>\n\n\n\n<h4 class=\"wp-block-heading\" id=\"mocowania-skrzydel-i-lotek-oraz-kadlub\">Wing and aileron mountings and fuselage<\/h4>\n\n\n\n<p>The front wing mounting was made using 3D printing, which ensures optimal strength and weight. In addition, it houses a ballast compartment and additional weights to balance the aircraft. 3D printing allows us to create complex geometries to minimize aerodynamic drag.<br>The rear element, to which the horizontal and vertical stabilizers are attached, is also manufactured using 3D printing technology.<br>The hull is made of carbon fiber tubes, which gives the model strength and relatively low weight. The only drawback of this solution may be excessive flexibility.<\/p>\n\n\n\n<h3 class=\"wp-block-heading\" id=\"budowa-i-ostateczny-model\">Construction and final model<\/h3>\n\n\n\n<p>After cutting out the wing components, we sanded them down and checked that the parts fit together properly. Then we assembled the wings, made sure everything was even, and began the gluing process. After waiting for the glue to dry, we started on the covering. First, we cut the paper to the right size and glued it on. After the glue dried, we used a sanding block to smooth out the covering.<\/p>\n\n\n\n<p>We made the stabilizers in the same way as the wings, i.e., after cutting out the parts, we sanded them with sandpaper, checked their fit, and then glued them together and covered them with paper, which was coated with varnish.<\/p>\n\n\n\n<p>We printed the parts using PLA. Due to their complex geometry, they were printed with support material, so we had to remove this material and sand the parts.<\/p>\n\n\n\n<h4 class=\"wp-block-heading\" id=\"galeria-proces-skladania\">Gallery: the assembly process<\/h4>\n\n\n\n<figure class=\"wp-block-gallery has-nested-images columns-default is-cropped wp-block-gallery-2 is-layout-flex wp-block-gallery-is-layout-flex\">\n<figure class=\"wp-block-image size-large\"><img loading=\"lazy\" decoding=\"async\" width=\"577\" height=\"1024\" data-id=\"786\" src=\"https:\/\/spacecoffee.net\/wp-content\/uploads\/2024\/06\/skrzydlo_1-577x1024.jpg\" alt=\"\" class=\"wp-image-786\" srcset=\"https:\/\/spacecoffee.net\/wp-content\/uploads\/2024\/06\/skrzydlo_1-577x1024.jpg 577w, https:\/\/spacecoffee.net\/wp-content\/uploads\/2024\/06\/skrzydlo_1-169x300.jpg 169w, https:\/\/spacecoffee.net\/wp-content\/uploads\/2024\/06\/skrzydlo_1-768x1364.jpg 768w, https:\/\/spacecoffee.net\/wp-content\/uploads\/2024\/06\/skrzydlo_1-865x1536.jpg 865w, https:\/\/spacecoffee.net\/wp-content\/uploads\/2024\/06\/skrzydlo_1-1153x2048.jpg 1153w, https:\/\/spacecoffee.net\/wp-content\/uploads\/2024\/06\/skrzydlo_1-7x12.jpg 7w, https:\/\/spacecoffee.net\/wp-content\/uploads\/2024\/06\/skrzydlo_1-scaled.jpg 1441w\" sizes=\"auto, (max-width: 577px) 100vw, 577px\" \/><\/figure>\n\n\n\n<figure class=\"wp-block-image size-large\"><img loading=\"lazy\" decoding=\"async\" width=\"577\" height=\"1024\" data-id=\"787\" src=\"https:\/\/spacecoffee.net\/wp-content\/uploads\/2024\/06\/klejone_skrz-577x1024.jpg\" alt=\"\" class=\"wp-image-787\" srcset=\"https:\/\/spacecoffee.net\/wp-content\/uploads\/2024\/06\/klejone_skrz-577x1024.jpg 577w, https:\/\/spacecoffee.net\/wp-content\/uploads\/2024\/06\/klejone_skrz-169x300.jpg 169w, https:\/\/spacecoffee.net\/wp-content\/uploads\/2024\/06\/klejone_skrz-768x1364.jpg 768w, https:\/\/spacecoffee.net\/wp-content\/uploads\/2024\/06\/klejone_skrz-865x1536.jpg 865w, https:\/\/spacecoffee.net\/wp-content\/uploads\/2024\/06\/klejone_skrz-1153x2048.jpg 1153w, https:\/\/spacecoffee.net\/wp-content\/uploads\/2024\/06\/klejone_skrz-7x12.jpg 7w, https:\/\/spacecoffee.net\/wp-content\/uploads\/2024\/06\/klejone_skrz-scaled.jpg 1441w\" sizes=\"auto, (max-width: 577px) 100vw, 577px\" \/><\/figure>\n\n\n\n<figure class=\"wp-block-image size-large\"><img loading=\"lazy\" decoding=\"async\" width=\"577\" height=\"1024\" data-id=\"789\" src=\"https:\/\/spacecoffee.net\/wp-content\/uploads\/2024\/06\/skrzydla_praca-577x1024.jpg\" alt=\"\" class=\"wp-image-789\" srcset=\"https:\/\/spacecoffee.net\/wp-content\/uploads\/2024\/06\/skrzydla_praca-577x1024.jpg 577w, https:\/\/spacecoffee.net\/wp-content\/uploads\/2024\/06\/skrzydla_praca-169x300.jpg 169w, https:\/\/spacecoffee.net\/wp-content\/uploads\/2024\/06\/skrzydla_praca-768x1364.jpg 768w, https:\/\/spacecoffee.net\/wp-content\/uploads\/2024\/06\/skrzydla_praca-865x1536.jpg 865w, https:\/\/spacecoffee.net\/wp-content\/uploads\/2024\/06\/skrzydla_praca-1153x2048.jpg 1153w, https:\/\/spacecoffee.net\/wp-content\/uploads\/2024\/06\/skrzydla_praca-7x12.jpg 7w, https:\/\/spacecoffee.net\/wp-content\/uploads\/2024\/06\/skrzydla_praca-scaled.jpg 1441w\" sizes=\"auto, (max-width: 577px) 100vw, 577px\" \/><\/figure>\n\n\n\n<figure class=\"wp-block-image size-large\"><img loading=\"lazy\" decoding=\"async\" width=\"577\" height=\"1024\" data-id=\"785\" src=\"https:\/\/spacecoffee.net\/wp-content\/uploads\/2024\/06\/franek_klei-577x1024.jpg\" alt=\"\" class=\"wp-image-785\" srcset=\"https:\/\/spacecoffee.net\/wp-content\/uploads\/2024\/06\/franek_klei-577x1024.jpg 577w, https:\/\/spacecoffee.net\/wp-content\/uploads\/2024\/06\/franek_klei-169x300.jpg 169w, https:\/\/spacecoffee.net\/wp-content\/uploads\/2024\/06\/franek_klei-768x1364.jpg 768w, https:\/\/spacecoffee.net\/wp-content\/uploads\/2024\/06\/franek_klei-865x1536.jpg 865w, https:\/\/spacecoffee.net\/wp-content\/uploads\/2024\/06\/franek_klei-1153x2048.jpg 1153w, https:\/\/spacecoffee.net\/wp-content\/uploads\/2024\/06\/franek_klei-7x12.jpg 7w, https:\/\/spacecoffee.net\/wp-content\/uploads\/2024\/06\/franek_klei-scaled.jpg 1441w\" sizes=\"auto, (max-width: 577px) 100vw, 577px\" \/><\/figure>\n\n\n\n<figure class=\"wp-block-image size-large\"><img loading=\"lazy\" decoding=\"async\" width=\"577\" height=\"1024\" data-id=\"788\" src=\"https:\/\/spacecoffee.net\/wp-content\/uploads\/2024\/06\/skrzydlo_fin-577x1024.jpg\" alt=\"\" class=\"wp-image-788\" srcset=\"https:\/\/spacecoffee.net\/wp-content\/uploads\/2024\/06\/skrzydlo_fin-577x1024.jpg 577w, https:\/\/spacecoffee.net\/wp-content\/uploads\/2024\/06\/skrzydlo_fin-169x300.jpg 169w, https:\/\/spacecoffee.net\/wp-content\/uploads\/2024\/06\/skrzydlo_fin-768x1364.jpg 768w, https:\/\/spacecoffee.net\/wp-content\/uploads\/2024\/06\/skrzydlo_fin-865x1536.jpg 865w, https:\/\/spacecoffee.net\/wp-content\/uploads\/2024\/06\/skrzydlo_fin-1153x2048.jpg 1153w, https:\/\/spacecoffee.net\/wp-content\/uploads\/2024\/06\/skrzydlo_fin-7x12.jpg 7w, https:\/\/spacecoffee.net\/wp-content\/uploads\/2024\/06\/skrzydlo_fin-scaled.jpg 1441w\" sizes=\"auto, (max-width: 577px) 100vw, 577px\" \/><\/figure>\n<\/figure>\n\n\n\n<h4 class=\"wp-block-heading\" id=\"galeria-gotowy-model\">Gallery: the finished model<\/h4>\n\n\n\n<figure class=\"wp-block-gallery has-nested-images columns-default is-cropped wp-block-gallery-3 is-layout-flex wp-block-gallery-is-layout-flex\">\n<figure class=\"wp-block-image size-large\"><img loading=\"lazy\" decoding=\"async\" width=\"951\" height=\"1024\" data-id=\"782\" src=\"https:\/\/spacecoffee.net\/wp-content\/uploads\/2024\/06\/448235114_448887307772208_6023718315446438060_n-3-951x1024.jpg\" alt=\"\" class=\"wp-image-782\" srcset=\"https:\/\/spacecoffee.net\/wp-content\/uploads\/2024\/06\/448235114_448887307772208_6023718315446438060_n-3-951x1024.jpg 951w, https:\/\/spacecoffee.net\/wp-content\/uploads\/2024\/06\/448235114_448887307772208_6023718315446438060_n-3-278x300.jpg 278w, https:\/\/spacecoffee.net\/wp-content\/uploads\/2024\/06\/448235114_448887307772208_6023718315446438060_n-3-768x827.jpg 768w, https:\/\/spacecoffee.net\/wp-content\/uploads\/2024\/06\/448235114_448887307772208_6023718315446438060_n-3-11x12.jpg 11w, https:\/\/spacecoffee.net\/wp-content\/uploads\/2024\/06\/448235114_448887307772208_6023718315446438060_n-3.jpg 1126w\" sizes=\"auto, (max-width: 951px) 100vw, 951px\" \/><figcaption class=\"wp-element-caption\">Final version<\/figcaption><\/figure>\n\n\n\n<figure class=\"wp-block-image size-large\"><img loading=\"lazy\" decoding=\"async\" width=\"577\" height=\"1024\" data-id=\"783\" src=\"https:\/\/spacecoffee.net\/wp-content\/uploads\/2024\/06\/20240531_200319-577x1024.jpg\" alt=\"\" class=\"wp-image-783\" srcset=\"https:\/\/spacecoffee.net\/wp-content\/uploads\/2024\/06\/20240531_200319-577x1024.jpg 577w, https:\/\/spacecoffee.net\/wp-content\/uploads\/2024\/06\/20240531_200319-169x300.jpg 169w, https:\/\/spacecoffee.net\/wp-content\/uploads\/2024\/06\/20240531_200319-768x1364.jpg 768w, https:\/\/spacecoffee.net\/wp-content\/uploads\/2024\/06\/20240531_200319-865x1536.jpg 865w, https:\/\/spacecoffee.net\/wp-content\/uploads\/2024\/06\/20240531_200319-1153x2048.jpg 1153w, https:\/\/spacecoffee.net\/wp-content\/uploads\/2024\/06\/20240531_200319-7x12.jpg 7w, https:\/\/spacecoffee.net\/wp-content\/uploads\/2024\/06\/20240531_200319-scaled.jpg 1441w\" sizes=\"auto, (max-width: 577px) 100vw, 577px\" \/><figcaption class=\"wp-element-caption\">Ballasts<\/figcaption><\/figure>\n\n\n\n<figure class=\"wp-block-image size-large\"><img loading=\"lazy\" decoding=\"async\" width=\"1024\" height=\"577\" data-id=\"784\" src=\"https:\/\/spacecoffee.net\/wp-content\/uploads\/2024\/06\/20240531_201352-1024x577.jpg\" alt=\"\" class=\"wp-image-784\" srcset=\"https:\/\/spacecoffee.net\/wp-content\/uploads\/2024\/06\/20240531_201352-1024x577.jpg 1024w, https:\/\/spacecoffee.net\/wp-content\/uploads\/2024\/06\/20240531_201352-300x169.jpg 300w, https:\/\/spacecoffee.net\/wp-content\/uploads\/2024\/06\/20240531_201352-768x432.jpg 768w, https:\/\/spacecoffee.net\/wp-content\/uploads\/2024\/06\/20240531_201352-1536x865.jpg 1536w, https:\/\/spacecoffee.net\/wp-content\/uploads\/2024\/06\/20240531_201352-2048x1153.jpg 2048w, https:\/\/spacecoffee.net\/wp-content\/uploads\/2024\/06\/20240531_201352-18x10.jpg 18w\" sizes=\"auto, (max-width: 1024px) 100vw, 1024px\" \/><figcaption class=\"wp-element-caption\">The model before adding ballasts<\/figcaption><\/figure>\n<\/figure>\n\n\n<figure style=\"margin-top:120px;margin-bottom:0px;\" class=\"wp-block-post-featured-image\"><img loading=\"lazy\" decoding=\"async\" width=\"5760\" height=\"1080\" src=\"https:\/\/spacecoffee.net\/wp-content\/uploads\/2024\/04\/banner-aviation.png\" class=\"attachment-post-thumbnail size-post-thumbnail wp-post-image\" alt=\"\" style=\"object-fit:cover;\" srcset=\"https:\/\/spacecoffee.net\/wp-content\/uploads\/2024\/04\/banner-aviation.png 5760w, https:\/\/spacecoffee.net\/wp-content\/uploads\/2024\/04\/banner-aviation-300x56.png 300w, https:\/\/spacecoffee.net\/wp-content\/uploads\/2024\/04\/banner-aviation-1024x192.png 1024w, https:\/\/spacecoffee.net\/wp-content\/uploads\/2024\/04\/banner-aviation-768x144.png 768w, https:\/\/spacecoffee.net\/wp-content\/uploads\/2024\/04\/banner-aviation-1536x288.png 1536w, https:\/\/spacecoffee.net\/wp-content\/uploads\/2024\/04\/banner-aviation-2048x384.png 2048w\" sizes=\"auto, (max-width: 5760px) 100vw, 5760px\" \/><\/figure>","protected":false},"excerpt":{"rendered":"<p>Za\u0142o\u017ceniem projektu by\u0142o stworzenie ma\u0142ego, r\u0119cznie rzucanego szybowca, na cele udzia\u0142u w konkursie Learn&amp;Fly, ukierunkowanym na rozwijanie zainteresowa\u0144 i kompetencji in\u017cynieryjno-konstrukcyjnych w\u015br\u00f3d uczni\u00f3w lice\u00f3w i szk\u00f3\u0142 podstawowych. By\u0142 to czteroosobowy projekt zespo\u0142owy, kt\u00f3rego cz\u0142onkowie naszego Ko\u0142a podj\u0119li si\u0119, aby spe\u0142nia\u0107 si\u0119 w swoich zainteresowaniach zwi\u0105zanych z modelarstwem oraz konstruowaniem, sprawdzaj\u0105c tak\u017ce swoje aktualne kompetencje w [&hellip;]<\/p>\n","protected":false},"author":4,"featured_media":267,"parent":83,"menu_order":0,"comment_status":"closed","ping_status":"closed","template":"","meta":{"_gspb_post_css":"","pgc_sgb_lightbox_settings":"","footnotes":""},"class_list":["post-252","page","type-page","status-publish","has-post-thumbnail","hentry"],"_links":{"self":[{"href":"https:\/\/spacecoffee.net\/en\/wp-json\/wp\/v2\/pages\/252","targetHints":{"allow":["GET"]}}],"collection":[{"href":"https:\/\/spacecoffee.net\/en\/wp-json\/wp\/v2\/pages"}],"about":[{"href":"https:\/\/spacecoffee.net\/en\/wp-json\/wp\/v2\/types\/page"}],"author":[{"embeddable":true,"href":"https:\/\/spacecoffee.net\/en\/wp-json\/wp\/v2\/users\/4"}],"replies":[{"embeddable":true,"href":"https:\/\/spacecoffee.net\/en\/wp-json\/wp\/v2\/comments?post=252"}],"version-history":[{"count":15,"href":"https:\/\/spacecoffee.net\/en\/wp-json\/wp\/v2\/pages\/252\/revisions"}],"predecessor-version":[{"id":1945,"href":"https:\/\/spacecoffee.net\/en\/wp-json\/wp\/v2\/pages\/252\/revisions\/1945"}],"up":[{"embeddable":true,"href":"https:\/\/spacecoffee.net\/en\/wp-json\/wp\/v2\/pages\/83"}],"wp:featuredmedia":[{"embeddable":true,"href":"https:\/\/spacecoffee.net\/en\/wp-json\/wp\/v2\/media\/267"}],"wp:attachment":[{"href":"https:\/\/spacecoffee.net\/en\/wp-json\/wp\/v2\/media?parent=252"}],"curies":[{"name":"wp","href":"https:\/\/api.w.org\/{rel}","templated":true}]}}