{"id":1830,"date":"2024-05-10T20:16:00","date_gmt":"2024-05-10T18:16:00","guid":{"rendered":"https:\/\/spacecoffee.net\/?page_id=1830"},"modified":"2026-04-07T11:27:36","modified_gmt":"2026-04-07T09:27:36","slug":"v1","status":"publish","type":"page","link":"https:\/\/spacecoffee.net\/en\/projekty\/mper\/v1\/","title":{"rendered":"MPER v1"},"content":{"rendered":"<h4 class=\"wp-block-heading\" id=\"wprowadzenie\" style=\"padding-right:0;padding-left:0\">Introduction<\/h4>\n\n\n\n<p>MPER, or Multi-Purpose Exploration Rover, is SKN SpaceCoffee's longest-running engineering and programming project to date, launched in 2023. It is also the first original and fully-fledged project on which our club has begun work. We invite you to learn more about the rover developed by SpaceCoffee.<\/p>\n\n\n\n<h5 class=\"wp-block-heading\" id=\"robotyczni-poslancy\" style=\"padding-right:0;padding-left:0\">Robotic messengers<\/h5>\n\n\n\n<p class=\"has-foreground-color has-text-color has-link-color wp-elements-429c69a82de0381798f812df5f0aab60\" style=\"padding-right:0;padding-left:0\">Ever since we came into this world, people have been trying to learn as much as possible about it and the rules that govern it. Just yesterday, we were discovering new islands and continents, and today, robotic messengers are visiting foreign planets and moons. These unmanned, autonomous vehicles\u2014rovers\u2014have been designed to explore alien celestial bodies and hard-to-reach areas. Their main mission is to study these places: collecting specimens and gathering invaluable data about the conditions there. This research is a significant step toward expanding our knowledge of space and planets, as well as exploring the possibilities of space colonization and the creation of scientific space bases. The numerous reports of many ongoing and planned missions involving rovers inspired us to build our own.<\/p>\n\n\n\n<div class=\"wp-block-greenshift-blocks-image gspb_image gspb_image-id-gsbp-de68998 gssimglightbox\" id=\"gspb_image-id-gsbp-de68998\"><img decoding=\"async\" src=\"https:\/\/spacecoffee.net\/wp-content\/uploads\/2024\/04\/cropped-MPER_V3_RENDER_v3-e1713388584683-768x547.png\" data-src=\"\" alt=\"\" loading=\"lazy\" width=\"768\" height=\"547\"\/><\/div>\n\n\n\n<h4 class=\"wp-block-heading\" id=\"cele-i-zalozenia-projektu\" style=\"padding-right:0;padding-left:0\">Project goals and objectives<\/h4>\n\n\n\n<h5 class=\"wp-block-heading\" id=\"zaplanowany-zestaw-funkcji-lazika\">Planned set of rover functions<\/h5>\n\n\n\n<ul class=\"wp-block-list\">\n<li style=\"margin-top:var(--wp--preset--spacing--x-small);margin-bottom:var(--wp--preset--spacing--x-small)\">Remote task control and semi-autonomous navigation using a user interface created during the project, communication via 2.4 GHz\/5 GHz Wi-Fi.<\/li>\n\n\n\n<li style=\"margin-top:var(--wp--preset--spacing--x-small);margin-bottom:var(--wp--preset--spacing--x-small)\">The possibility of precise manipulation, which will be possible thanks to the developed robotic arm with a manipulator module.<\/li>\n\n\n\n<li style=\"margin-top:var(--wp--preset--spacing--x-small);margin-bottom:var(--wp--preset--spacing--x-small)\">Sampling from and beneath the surface thanks to a fully developed, effective drilling and storage module; capacity to store up to 5 samples.<\/li>\n\n\n\n<li style=\"margin-top:var(--wp--preset--spacing--x-small);margin-bottom:var(--wp--preset--spacing--x-small)\">Achieving research objectives\u2014made possible by the implementation of environmental sensors to study soil composition, atmosphere, and radiation detection, along with a system for weighing collected samples.<\/li>\n\n\n\n<li style=\"margin-top:var(--wp--preset--spacing--x-small);margin-bottom:var(--wp--preset--spacing--x-small)\">The rover is equipped with three cameras: a wide-angle camera, a medium-angle night vision camera, and a camera for object recognition using AI. The wide-angle camera can rotate vertically or horizontally using a servomotor.<\/li>\n\n\n\n<li style=\"margin-top:var(--wp--preset--spacing--x-small);margin-bottom:var(--wp--preset--spacing--x-small)\">Driving on a slope with an incline of up to 30 degrees.<\/li>\n\n\n\n<li style=\"margin-top:var(--wp--preset--spacing--x-small);margin-bottom:var(--wp--preset--spacing--x-small)\">A customized LIDAR system has been developed, which forms the basis for the rover's autonomous navigation.<\/li>\n\n\n\n<li style=\"margin-top:var(--wp--preset--spacing--x-small);margin-bottom:var(--wp--preset--spacing--x-small)\">A path planning algorithm is to be implemented, allowing the rover to move autonomously across the terrain using GNSS, visual markers, and obstacle sensors.<\/li>\n\n\n\n<li style=\"margin-top:var(--wp--preset--spacing--x-small);margin-bottom:var(--wp--preset--spacing--x-small)\">Use of current consumption sensors that collect diagnostic data from the rover modules.<\/li>\n<\/ul>\n\n\n\n<p>The rover design called for a cheap-to-build and easy-to-replicate construction solution, which led us to propose the following dimensions: weight below 18 kg and platform dimensions of 700x450x300 mm. The simplicity of our rover allows for the parallel operation and control of many smaller vehicles of this type, which reduces the risk of failure of a single robot, on which the success of the entire mission depends, during more complex operational tasks. In addition, a large area can be explored by many smaller rovers. The mission concept we had in mind includes a main immobile lander\u2014a scientific laboratory\u2014with a fleet of dozens of rovers and drones of various sizes and functionalities, preparing and delivering samples there.<\/p>\n\n\n\n<h4 class=\"wp-block-heading\" id=\"moduly-i-ich-implementacja\">Modules and their implementation<\/h4>\n\n\n\n<p>When designing our vehicle, all elements necessary for its operation were taken into account. For this reason, the components have been divided into the following modules and corresponding systems:<\/p>\n\n\n\n<ul>\n<li class=\"gsbp-d2b5181\">Mobile platform\u2014chassis: the drive system is designed to adapt the rover to uneven and demanding planetary surfaces, thanks to a 4-wheel drive with a shock absorption system that gives it additional agility in hard-to-reach or difficult-to-navigate areas.<\/li>\n\n\n\n<div class=\"wp-block-greenshift-blocks-image gspb_image gspb_image-id-gsbp-9b12eeb\" id=\"gspb_image-id-gsbp-9b12eeb\"><img decoding=\"async\" src=\"https:\/\/spacecoffee.net\/wp-content\/uploads\/2024\/05\/SpaceCoffee_render21.jpg\" data-src=\"\" alt=\"\" loading=\"lazy\" width=\"798\"\/><\/div>\n\n\n\n<li>Robotic arm and manipulator with gripper: the component must enable precise interaction with the environment; the manipulator arm has 4 degrees of freedom and five joints, in which we used a designed combination of 2 types of gears \u2013 stepped-planetary gears, entirely printed from PETG. This allows us to easily experiment with the arm's parameters so that we can determine the best design for its construction. The rover can collect materials from the surrounding surfaces and transfer them to its platform, which is equipped with a scale for preliminary determination of sample parameters.<\/li>\n\n\n\n<div class=\"wp-block-group is-content-justification-center is-nowrap is-layout-flex wp-container-core-group-is-layout-98fd7326 wp-block-group-is-layout-flex\" style=\"margin-top:var(--wp--preset--spacing--x-small);margin-bottom:var(--wp--preset--spacing--x-small)\">\n<div class=\"wp-block-greenshift-blocks-image gspb_image gspb_image-id-gsbp-8e09010\" id=\"gspb_image-id-gsbp-8e09010\"><img decoding=\"async\" src=\"https:\/\/spacecoffee.net\/wp-content\/uploads\/2024\/05\/arm_prot.png\" data-src=\"\" alt=\"\" loading=\"lazy\" width=\"305\" height=\"382\"\/><\/div>\n\n\n\n<div class=\"wp-block-greenshift-blocks-image gspb_image gspb_image-id-gsbp-92f70af\" id=\"gspb_image-id-gsbp-92f70af\"><img decoding=\"async\" src=\"https:\/\/spacecoffee.net\/wp-content\/uploads\/2024\/05\/planetary_gear.jpg\" data-src=\"\" alt=\"\" loading=\"lazy\" width=\"275\" height=\"582\"\/><\/div>\n<\/div>\n\n\n\n<li class=\"gsbp-167d6ea\">The entire arm is lightweight, has 4DOF, and uses 3 stepper motors and 2 servos for precise motion navigation. Its maximum payload is planned to be 1 kg.<\/li>\n\n\n\n<li class=\"gsbp-a5dcfab\">Sample storage system: we have developed a smart container system\u2014a single force sensor for the front chamber and a second single sensor at the rear for deep borehole samples. The placement of a sample is recorded and the weight is calculated based on the difference in the total weight of the module, with an accuracy of +\/- 0.5 g, using a single weight sensor. This allows multiple samples to be stored without the use of multiple weight sensors. The deep borehole sample storage compartment features a rotating container exchange system and also has the option of sequential emptying using a single servo mechanism to rotate the compartment. The front cargo compartment is suitable for storing rocks or other objects collected by the rover, as well as for storing basic tools that can be used by the manipulator. It also contains an ionizing radiation sensor, as part of the environmental sensor module (for atmospheric research), and a mass sensor.<\/li>\n\n\n\n<li class=\"gsbp-2941022\">Drilling system: module responsible for soil sampling. The current planned depth for drill immersion is up to 20 cm below the surface. The latest design of the system includes a stepper motor moving the carriage along a V-slot guide, with a stop at the top. The torque of the stepper motor is increased by our custom gearbox.<\/li>\n\n\n\n<div class=\"wp-block-group is-content-justification-center is-nowrap is-layout-flex wp-container-core-group-is-layout-98fd7326 wp-block-group-is-layout-flex\" style=\"margin-top:var(--wp--preset--spacing--x-small);margin-bottom:var(--wp--preset--spacing--x-small)\">\n<div class=\"wp-block-greenshift-blocks-image gspb_image gspb_image-id-gsbp-692a6e6\" id=\"gspb_image-id-gsbp-692a6e6\"><img decoding=\"async\" src=\"https:\/\/spacecoffee.net\/wp-content\/uploads\/2024\/05\/unnamed.png\" data-src=\"\" alt=\"\" loading=\"lazy\" width=\"445\"\/><\/div>\n\n\n\n<div class=\"wp-block-greenshift-blocks-image gspb_image gspb_image-id-gsbp-279c119\" id=\"gspb_image-id-gsbp-279c119\"><img decoding=\"async\" src=\"https:\/\/spacecoffee.net\/wp-content\/uploads\/2024\/05\/drill_render_1.png\" data-src=\"\" alt=\"\" loading=\"lazy\" width=\"326\"\/><\/div>\n<\/div>\n\n\n\n<li class=\"gsbp-342ba98\">The guide is divided into two parts \u2013 a fixed part and a movable part. The fixed part provides mechanical support and acts as a linear bearing, while the movable part is attached to the trolley and fits snugly against the drill bit, allowing soil samples to move upward, as shown in the drilling system diagrams.<\/li>\n\n\n\n<li class=\"gsbp-8464908\">Sampling system: consists of two other modules: a manipulator and a drilling system. The front cargo compartment is within reach of the robot arm. After collection, samples can be transported and stored in prepared containers using the manipulator. This requires taking into account their particular fragility and ensuring prior sterilization of the container. The drill rotates along the guide, allowing the sample to be moved upward toward the sample storage system.<\/li>\n\n\n\n<li class=\"gsbp-8e76b1c\">Main computer and subsystems computers: responsible for coordinating the entire rover. Transfer of information and commands between the subsystems takes place over SPI buses connected to the rover's main computer. We have developed 3 distinct PCB\u2019s for the main subsystems: Chassis, Manipulator and Sampler, all three driven by an independent microcontroller (Arduino Nano), receiving and sending data to the main controller (Raspberry Pi 5).<\/li>\n\n\n\n<div class=\"wp-block-greenshift-blocks-image gspb_image gspb_image-id-gsbp-aeca29a\" id=\"gspb_image-id-gsbp-aeca29a\"><img decoding=\"async\" src=\"https:\/\/spacecoffee.net\/wp-content\/uploads\/2024\/05\/PCB1_photo-768x1224.jpg\" data-src=\"\" alt=\"\" loading=\"lazy\" width=\"600\"\/><\/div>\n\n\n\n<li class=\"gsbp-32fc07a\">Envorinmental Sensors Module: used for the research of environmental conditions prevailing on planets other than Earth were the collection of sensors meant for separate examinations of the atmosphere and the soil. For the aim of analyzing the atmospheric factors, we completed an Arduino Nano-based system of pressure, temperature, humidity and CO2 sensors.<\/li>\n\n\n\n<li>Additionally, our rover is equipped with an ionizing radiation sensor, placed next to the front cargo compartment. It can be used to measure background radiation and solar storms, and also detect radioactivity of objects picked up by the rover.<\/li>\n\n\n\n<li>The examination of factors related to soil conditions will be possible due to use of humidity and temperature probes.<\/li>\n\n\n\n<li class=\"gsbp-cc83fef\">The listed above factors are needed for assessing the elements of a planet\u2019s nature, evaluating its habitability and, for example, crop harvest ability. Measurements prepared during the study of the sample are transmitted from the sensory modules through an UART bus to the Raspberry Pi 5-based main computer. The noted values are then sent to the ground base for the conduct of further research. An important addition in the works is a UV radiation sensor.<\/li>\n\n\n\n<li class=\"gsbp-fc0f905\">Intuitive UI: Full control of the rover can be achieved in browser, with live telemetry and view. We are developing a pathing system where the operator can tap on a point in view of the rover, and the rover will drive there, avoiding obstacles along the way. The user interface can be accessed by browser on any PC or mobile device, allowing intuitive control of the vehicle.<\/li>\n\n\n\n<div class=\"wp-block-greenshift-blocks-image gspb_image gspb_image-id-gsbp-c1822a5\" id=\"gspb_image-id-gsbp-c1822a5\"><img decoding=\"async\" src=\"https:\/\/spacecoffee.net\/wp-content\/uploads\/2024\/05\/UI_rover.png\" data-src=\"\" alt=\"\" loading=\"lazy\" width=\"651\"\/><\/div>\n\n\n\n<li>Custom-built LIDAR-like system \u2013 consisting of a two DOF laser sensor \u201cturret\u201d, which can point at any object and return its distance from the rover.<\/li>\n<\/ul>\n\n\n\n<div class=\"wp-block-greenshift-blocks-image gspb_image gspb_image-id-gsbp-083a3ce\" id=\"gspb_image-id-gsbp-083a3ce\"><img decoding=\"async\" src=\"https:\/\/spacecoffee.net\/wp-content\/uploads\/2024\/05\/rover_diagram.jpg\" data-src=\"\" alt=\"\" loading=\"lazy\" width=\"828\"\/><\/div>\n\n\n\n<h4 class=\"wp-block-heading\" id=\"rozwoj-posty-zwiazane-z-projektem-mper\">Developments: posts related to the MPER project<\/h4>\n\n\n\n<div class=\"wp-block-query is-layout-flow wp-block-query-is-layout-flow\"><ul class=\"wp-block-post-template is-layout-flow wp-block-post-template-is-layout-flow\"><li class=\"wp-block-post post-1643 post type-post status-publish format-standard hentry category-aktualnosci category-wydarzenia tag-gokart tag-mper tag-politechnika-slaska tag-slaski-festiwal-nauki tag-slawosz\">\n\n<div class=\"wp-block-group is-layout-flow wp-block-group-is-layout-flow\" style=\"padding-top:30px;padding-right:30px;padding-bottom:30px;padding-left:30px\"><h2 class=\"wp-block-post-title has-large-font-size\"><a href=\"https:\/\/spacecoffee.net\/en\/aktualnosci\/podsumowanie-9-slaskiego-festiwalu-nauki\/\" target=\"_self\" >Summary of the 9th Silesian Science Festival<\/a><\/h2>\n\n<div class=\"wp-block-post-excerpt has-medium-font-size\"><p class=\"wp-block-post-excerpt__excerpt\">Wczoraj, bo 8 grudnia, zamkn\u0119li\u015bmy tegoroczn\u0105 edycj\u0119 \u015al\u0105skiego Festiwalu Nauki\u2014ju\u017c dziewi\u0105t\u0105! C\u00f3\u017c to by\u0142 za czas! \u015al\u0105ski Festiwal Nauki to najwi\u0119ksze w Polsce popularnonaukowe wydarzenie, przepe\u0142nione wyk\u0142adami, warsztatami, eksperymentami i pokazami o najr\u00f3\u017cniejszej tematyce \u2014 nawi\u0105zuj\u0105cej zarazem do wszelkich nauk \u015bcis\u0142ych, jak r\u00f3wnie\u017c do sztuki, historii i ekonomii. Podczas wydarzenia go\u015bcie mieli okazj\u0119 spotka\u0107 osobisto\u015bci&hellip; <\/p><\/div>\n\n<div class=\"wp-block-post-date\"><time datetime=\"2025-12-09T20:00:00+01:00\">09\/12\/2025<\/time><\/div><\/div>\n\n<\/li><li class=\"wp-block-post post-1406 post type-post status-publish format-standard hentry category-aktualnosci category-wydarzenia tag-eyetracking tag-inzynieria tag-konferencja tag-modelarstwo tag-mper tag-programowanie tag-projekt tag-sterowiec\">\n\n<div class=\"wp-block-group is-layout-flow wp-block-group-is-layout-flow\" style=\"padding-top:30px;padding-right:30px;padding-bottom:30px;padding-left:30px\"><h2 class=\"wp-block-post-title has-large-font-size\"><a href=\"https:\/\/spacecoffee.net\/en\/aktualnosci\/konferencja-projekt-politechnika-edycja-jesienna-2025\/\" target=\"_self\" >\"Projekt Politechnika\" Conference, Fall 2025<\/a><\/h2>\n\n<div class=\"wp-block-post-excerpt has-medium-font-size\"><p class=\"wp-block-post-excerpt__excerpt\">On October 21, 2025, members of the SpaceCoffee Student Research Group presented the results of their projects, carried out at the Silesian University of Technology as part of the PBL program for high schools. Some of the project presenters are already graduates of the Academic High School of the Silesian University of Technology, who, thanks to the initiatives offered by the University, decided to continue their education at this very institution. The exhibiting students took the opportunity to present... <\/p><\/div>\n\n<div class=\"wp-block-post-date\"><time datetime=\"2025-10-22T16:00:00+02:00\">22\/10\/2025<\/time><\/div><\/div>\n\n<\/li><li class=\"wp-block-post post-1442 post type-post status-publish format-standard hentry category-publikacje tag-konferencja tag-kosmos tag-mper tag-pbl tag-projekt\">\n\n<div class=\"wp-block-group is-layout-flow wp-block-group-is-layout-flow\" style=\"padding-top:30px;padding-right:30px;padding-bottom:30px;padding-left:30px\"><h2 class=\"wp-block-post-title has-large-font-size\"><a href=\"https:\/\/spacecoffee.net\/en\/publikacje\/projekt-i-budowa-samopoziomujacego-sie-podwozia\/\" target=\"_self\" >Design and construction of a self-leveling chassis for use in autonomous vehicles<\/a><\/h2>\n\n<div class=\"wp-block-post-excerpt has-medium-font-size\"><p class=\"wp-block-post-excerpt__excerpt\"> <\/p><\/div>\n\n<div class=\"wp-block-post-date\"><time datetime=\"2025-10-22T13:36:00+02:00\">22\/10\/2025<\/time><\/div><\/div>\n\n<\/li><li class=\"wp-block-post post-770 post type-post status-publish format-standard hentry category-publikacje tag-artykul tag-artykul-konferencyjny tag-inzynieria tag-konferencja tag-mper tag-pbl tag-projekt tag-talentdetector\">\n\n<div class=\"wp-block-group is-layout-flow wp-block-group-is-layout-flow\" style=\"padding-top:30px;padding-right:30px;padding-bottom:30px;padding-left:30px\"><h2 class=\"wp-block-post-title has-large-font-size\"><a href=\"https:\/\/spacecoffee.net\/en\/publikacje\/sample-collection-and-containment-system-for-a-compact-planetary-exploration-rover\/\" target=\"_self\" >Sample collection and containment system for a compact planetary exploration rover<\/a><\/h2>\n\n<div class=\"wp-block-post-excerpt has-medium-font-size\"><p class=\"wp-block-post-excerpt__excerpt\">Title: Sample collection and containment system for a compact planetary exploration rover Authors: Maja Rudnicka, Micha\u0142 Lasak, Igor Pucha\u0142a, Piotr Bartosz, Dominik Bereta, Dariusz Myszor Conference: International Students Scientific Conference TalentDetector2024_Summer Abstract: The purpose of this research is to develop an exploration rover to use in Earth and Martian-like environments, which requires the development of\u2026 <\/p><\/div>\n\n<div class=\"wp-block-post-date\"><time datetime=\"2024-06-17T13:34:50+02:00\">17\/06\/2024<\/time><\/div><\/div>\n\n<\/li><li class=\"wp-block-post post-146 post type-post status-publish format-standard hentry category-aktualnosci category-projekty tag-inzynieria tag-konstrukcja tag-kosmos tag-mper tag-programowanie tag-projekt\">\n\n<div class=\"wp-block-group is-layout-flow wp-block-group-is-layout-flow\" style=\"padding-top:30px;padding-right:30px;padding-bottom:30px;padding-left:30px\"><h2 class=\"wp-block-post-title has-large-font-size\"><a href=\"https:\/\/spacecoffee.net\/en\/aktualnosci\/mper-2023\/\" target=\"_self\" >Development of the MPER project (2023)<\/a><\/h2>\n\n<div class=\"wp-block-post-excerpt has-medium-font-size\"><p class=\"wp-block-post-excerpt__excerpt\">The improvements achieved during this year's work on the rover have resulted in the implementation of an impressive number of planned features and components. Our work focused on: \u2014 Completing the design of an integrated circuit on a PCB board. \u2014 Modernizing the chassis of our rover, based on conclusions drawn from testing the previous module. The chassis currently in use is designed for the construction of a full-size structure. \u2014 Designing, manufacturing components, installation... <\/p><\/div>\n\n<div class=\"wp-block-post-date\"><time datetime=\"2023-12-15T12:00:00+01:00\">15\/12\/2023<\/time><\/div><\/div>\n\n<\/li><li class=\"wp-block-post post-151 post type-post status-publish format-standard hentry category-aktualnosci category-projekty tag-inzynieria tag-konferencja tag-konstrukcja tag-kosmos tag-mper tag-programowanie tag-projekt\">\n\n<div class=\"wp-block-group is-layout-flow wp-block-group-is-layout-flow\" style=\"padding-top:30px;padding-right:30px;padding-bottom:30px;padding-left:30px\"><h2 class=\"wp-block-post-title has-large-font-size\"><a href=\"https:\/\/spacecoffee.net\/en\/aktualnosci\/mper-pbl\/\" target=\"_self\" >MPER at the \u201cProjekt Politechnika\u201d Conference<\/a><\/h2>\n\n<div class=\"wp-block-post-excerpt has-medium-font-size\"><p class=\"wp-block-post-excerpt__excerpt\">The rover development team from our Club presented MPER at the PBL high school project conference organized by the Silesian University of Technology. They demonstrated both the current rover model and a poster summarizing their work on the project. Poster prepared for the MPER Conference during the presentation at the \u201cPolitechnika Project\u201d Conference. <\/p><\/div>\n\n<div class=\"wp-block-post-date\"><time datetime=\"2023-09-22T18:00:00+02:00\">22\/09\/2023<\/time><\/div><\/div>\n\n<\/li><\/ul><\/div>\n\n\n\n<h4 class=\"wp-block-heading\" id=\"przyszle-potencjalne-zmiany\">Future potential developments<\/h4>\n\n\n\n<p>The main two solutions viewed as future extensions of the rover are: current consumption diagnostics, for which we plan to utilize 5 current consumption sensors\u2014their use includes measuring forces of the manipulator's gripper and joints, as well as sample drill movement. It also allows for drivetrain diagnostics and estimation of time left until the battery is discharged. The second extension is the use of solar panels as part of the Power Supply Module. A design of a collapsible solar array, for preserving the rover's mobility and stability when not charging, is possible.<\/p>\n\n\n\n<p><\/p>","protected":false},"excerpt":{"rendered":"<p>Wprowadzenie MPER, czyli Multi-Purpose Exploration Rover, to dotychczas najd\u0142u\u017cej trwaj\u0105cy projekt in\u017cynieryjny i programistyczny SKN SpaceCoffee, rozpocz\u0119ty w 2023 roku. Jest to r\u00f3wnie\u017c pierwszy oryginaln i pe\u0142noprawny projekt, nad kt\u00f3rym nasze Ko\u0142o rozpocz\u0119\u0142o prace. Zapraszamy do zapoznania si\u0119 ze szczeg\u00f3\u0142owymi informacjami na temat \u0142azika opracowanego przez SpaceCoffee. Robotyczni pos\u0142a\u0144cy Od momentu gdy pojawili\u015bmy si\u0119 na [&hellip;]<\/p>\n","protected":false},"author":4,"featured_media":0,"parent":1829,"menu_order":0,"comment_status":"closed","ping_status":"closed","template":"","meta":{"_gspb_post_css":"#gspb_image-id-gsbp-9b12eeb,#gspb_image-id-gsbp-de68998{text-align:center}#gspb_image-id-gsbp-9b12eeb img,#gspb_image-id-gsbp-de68998 img{vertical-align:top;display:inline-block;box-sizing:border-box;max-width:100%;height:auto}.gsbp-167d6ea,.gsbp-32fc07a,.gsbp-342ba98,.gsbp-8464908,.gsbp-8e76b1c,.gsbp-a5dcfab,.gsbp-cc83fef,.gsbp-d2b5181,.gsbp-fc0f905{margin-bottom:20px}#gspb_image-id-gsbp-9b12eeb img{width:798px;height:custom}#gspb_image-id-gsbp-9b12eeb{margin-top:0;margin-bottom:20px;height:custom}#gspb_image-id-gsbp-8e09010,#gspb_image-id-gsbp-92f70af{text-align:center}#gspb_image-id-gsbp-8e09010 img,#gspb_image-id-gsbp-92f70af img{vertical-align:top;display:inline-block;box-sizing:border-box;max-width:100%;height:auto}#gspb_image-id-gsbp-92f70af img{width:275px}#gspb_image-id-gsbp-92f70af{height:auto}@media (max-width:991.98px){#gspb_image-id-gsbp-92f70af,#gspb_image-id-gsbp-92f70af img{height:auto}}@media (max-width:767.98px){#gspb_image-id-gsbp-92f70af,#gspb_image-id-gsbp-92f70af img{height:auto}}@media (max-width:575.98px){#gspb_image-id-gsbp-92f70af,#gspb_image-id-gsbp-92f70af img{height:auto}}#gspb_image-id-gsbp-279c119 img,#gspb_image-id-gsbp-692a6e6 img{vertical-align:top;display:inline-block;box-sizing:border-box;max-width:100%;width:445px;height:custom}#gspb_image-id-gsbp-279c119,#gspb_image-id-gsbp-692a6e6,#gspb_image-id-gsbp-aeca29a{text-align:center;height:custom}#gspb_image-id-gsbp-279c119 img{width:326px}#gspb_image-id-gsbp-aeca29a{margin-bottom:20px}#gspb_image-id-gsbp-083a3ce img,#gspb_image-id-gsbp-aeca29a img,#gspb_image-id-gsbp-c1822a5 img{vertical-align:top;display:inline-block;box-sizing:border-box;max-width:100%;width:600px;height:custom}#gspb_image-id-gsbp-c1822a5{margin-bottom:20px}#gspb_image-id-gsbp-083a3ce img,#gspb_image-id-gsbp-c1822a5 img{width:651px}#gspb_image-id-gsbp-083a3ce,#gspb_image-id-gsbp-c1822a5{text-align:center;height:custom}#gspb_image-id-gsbp-083a3ce img{width:828px}","pgc_sgb_lightbox_settings":"","footnotes":""},"class_list":["post-1830","page","type-page","status-publish","hentry"],"_links":{"self":[{"href":"https:\/\/spacecoffee.net\/en\/wp-json\/wp\/v2\/pages\/1830","targetHints":{"allow":["GET"]}}],"collection":[{"href":"https:\/\/spacecoffee.net\/en\/wp-json\/wp\/v2\/pages"}],"about":[{"href":"https:\/\/spacecoffee.net\/en\/wp-json\/wp\/v2\/types\/page"}],"author":[{"embeddable":true,"href":"https:\/\/spacecoffee.net\/en\/wp-json\/wp\/v2\/users\/4"}],"replies":[{"embeddable":true,"href":"https:\/\/spacecoffee.net\/en\/wp-json\/wp\/v2\/comments?post=1830"}],"version-history":[{"count":3,"href":"https:\/\/spacecoffee.net\/en\/wp-json\/wp\/v2\/pages\/1830\/revisions"}],"predecessor-version":[{"id":1930,"href":"https:\/\/spacecoffee.net\/en\/wp-json\/wp\/v2\/pages\/1830\/revisions\/1930"}],"up":[{"embeddable":true,"href":"https:\/\/spacecoffee.net\/en\/wp-json\/wp\/v2\/pages\/1829"}],"wp:attachment":[{"href":"https:\/\/spacecoffee.net\/en\/wp-json\/wp\/v2\/media?parent=1830"}],"curies":[{"name":"wp","href":"https:\/\/api.w.org\/{rel}","templated":true}]}}