{"id":1829,"date":"2026-02-12T21:08:43","date_gmt":"2026-02-12T20:08:43","guid":{"rendered":"https:\/\/spacecoffee.net\/?page_id=1829"},"modified":"2026-04-07T11:13:35","modified_gmt":"2026-04-07T09:13:35","slug":"mper","status":"publish","type":"page","link":"https:\/\/spacecoffee.net\/en\/projekty\/mper\/","title":{"rendered":"MPER"},"content":{"rendered":"<h4 class=\"wp-block-heading\" id=\"mper-v1\"><a href=\"https:\/\/spacecoffee.net\/en\/projekty\/mper\/v1\/\" data-type=\"page\" data-id=\"1830\"><strong>MPER v1<\/strong><\/a><\/h4>\n\n\n\n<p>Zapraszamy do zapoznania si\u0119 z pierwszym projektem i prototypem \u0142azika eksploracyjnego.<\/p>\n\n\n\n<p><strong>More info soon!<\/strong><\/p>\n\n\n\n<p><\/p>","protected":false},"excerpt":{"rendered":"<p>MPER v1 Zapraszamy do zapoznania si\u0119 z pierwszym projektem i prototypem \u0142azika eksploracyjnego. Wi\u0119cej informacji wkr\u00f3tce!<\/p>","protected":false},"author":4,"featured_media":0,"parent":83,"menu_order":0,"comment_status":"open","ping_status":"closed","template":"","meta":{"_gspb_post_css":"","pgc_sgb_lightbox_settings":"","footnotes":""},"class_list":["post-1829","page","type-page","status-publish","hentry"],"_links":{"self":[{"href":"https:\/\/spacecoffee.net\/en\/wp-json\/wp\/v2\/pages\/1829","targetHints":{"allow":["GET"]}}],"collection":[{"href":"https:\/\/spacecoffee.net\/en\/wp-json\/wp\/v2\/pages"}],"about":[{"href":"https:\/\/spacecoffee.net\/en\/wp-json\/wp\/v2\/types\/page"}],"author":[{"embeddable":true,"href":"https:\/\/spacecoffee.net\/en\/wp-json\/wp\/v2\/users\/4"}],"replies":[{"embeddable":true,"href":"https:\/\/spacecoffee.net\/en\/wp-json\/wp\/v2\/comments?post=1829"}],"version-history":[{"count":3,"href":"https:\/\/spacecoffee.net\/en\/wp-json\/wp\/v2\/pages\/1829\/revisions"}],"predecessor-version":[{"id":1922,"href":"https:\/\/spacecoffee.net\/en\/wp-json\/wp\/v2\/pages\/1829\/revisions\/1922"}],"up":[{"embeddable":true,"href":"https:\/\/spacecoffee.net\/en\/wp-json\/wp\/v2\/pages\/83"}],"wp:attachment":[{"href":"https:\/\/spacecoffee.net\/en\/wp-json\/wp\/v2\/media?parent=1829"}],"curies":[{"name":"wp","href":"https:\/\/api.w.org\/{rel}","templated":true}]}}