{"id":18,"date":"2024-01-18T12:12:57","date_gmt":"2024-01-18T11:12:57","guid":{"rendered":"https:\/\/spacecoffee.net\/index.php\/contact-us\/"},"modified":"2026-03-23T20:22:34","modified_gmt":"2026-03-23T19:22:34","slug":"kontakt","status":"publish","type":"page","link":"https:\/\/spacecoffee.net\/en\/kontakt\/","title":{"rendered":"Contact Us"},"content":{"rendered":"<h2 id=\"gspb_heading-id-gsbp-efb19be\" class=\"gspb_heading gspb_heading-id-gsbp-efb19be\">General contact<\/h2>\n\n\n\n<p><b>E-mail:<\/b> <a href=\"mailto:skn.spacecoffee@polsl.pl\">skn.spacecoffee@polsl.pl<\/a><\/p>\n\n\n\n<p><strong>Numer telefonu:<\/strong> +48 720 792 153<\/p>\n\n\n\n<div class=\"wp-block-contact-form-7-contact-form-selector\">\n<div class=\"wpcf7 no-js\" id=\"wpcf7-f829-o1\" lang=\"en-US\" dir=\"ltr\" data-wpcf7-id=\"829\">\n<div class=\"screen-reader-response\"><p role=\"status\" aria-live=\"polite\" aria-atomic=\"true\"><\/p> <ul><\/ul><\/div>\n<form action=\"\/en\/wp-json\/wp\/v2\/pages\/18#wpcf7-f829-o1\" method=\"post\" class=\"wpcf7-form init\" aria-label=\"Contact form\" novalidate=\"novalidate\" data-status=\"init\" data-trp-original-action=\"\/en\/wp-json\/wp\/v2\/pages\/18#wpcf7-f829-o1\">\n<fieldset class=\"hidden-fields-container\"><input type=\"hidden\" name=\"_wpcf7\" value=\"829\" \/><input type=\"hidden\" name=\"_wpcf7_version\" value=\"6.1.5\" \/><input type=\"hidden\" name=\"_wpcf7_locale\" value=\"en_US\" \/><input type=\"hidden\" name=\"_wpcf7_unit_tag\" value=\"wpcf7-f829-o1\" \/><input type=\"hidden\" name=\"_wpcf7_container_post\" value=\"0\" \/><input type=\"hidden\" name=\"_wpcf7_posted_data_hash\" value=\"\" \/><input type=\"hidden\" name=\"_uacf7_hidden_conditional_fields\" value=\"\" \/>\n<\/fieldset>\n<div class=\"uacf7-form-wrapper-container uacf7-form-829\"><div id=\"uacf7-form-wrapper\" class=\"uacf7-wrapper-default\">\n<div class=\"uacf7-row\">\n<div class=\"uacf7-col-12\">\n    <label> Name and surname\n        <span class=\"wpcf7-form-control-wrap\" data-name=\"full-name\"><input size=\"40\" maxlength=\"400\" class=\"wpcf7-form-control wpcf7-text wpcf7-validates-as-required\" aria-required=\"true\" aria-invalid=\"false\" value=\"\" type=\"text\" name=\"full-name\" \/><\/span>  <\/label>\n    <label> E-mail adress\n        <span class=\"wpcf7-form-control-wrap\" data-name=\"email\"><input size=\"40\" maxlength=\"400\" class=\"wpcf7-form-control wpcf7-email wpcf7-validates-as-required wpcf7-text wpcf7-validates-as-email\" aria-required=\"true\" aria-invalid=\"false\" value=\"\" type=\"email\" name=\"email\" \/><\/span>  <\/label>\n    <label> Title\n        <span class=\"wpcf7-form-control-wrap\" data-name=\"title\"><input size=\"40\" maxlength=\"400\" class=\"wpcf7-form-control wpcf7-text wpcf7-validates-as-required\" aria-required=\"true\" aria-invalid=\"false\" value=\"\" type=\"text\" name=\"title\" \/><\/span>  <\/label> \n    <label> Message\n        <span class=\"wpcf7-form-control-wrap\" data-name=\"message\"><textarea cols=\"40\" rows=\"10\" maxlength=\"2000\" class=\"wpcf7-form-control wpcf7-textarea wpcf7-validates-as-required\" aria-required=\"true\" aria-invalid=\"false\" name=\"message\"><\/textarea><\/span>  <\/label> \n    <input class=\"wpcf7-form-control wpcf7-submit has-spinner button\" type=\"submit\" value=\"Send\" \/>\n<\/div>\n<\/div>\n\n<style>\n.button {\n  background-color: #E9EBFF;\n  border: none;\n  color: #1E439E;\n  padding: 15px 32px;\n  text-align: center;\n  text-decoration: none;\n  font-weight: bold;\n  display: inline-block;\n  font-size: 16px;\n}\n<\/style><\/div><p style=\"display: none !important;\" class=\"akismet-fields-container\" data-prefix=\"_wpcf7_ak_\"><label>\u0394<textarea name=\"_wpcf7_ak_hp_textarea\" cols=\"45\" rows=\"8\" maxlength=\"100\"><\/textarea><\/label><input type=\"hidden\" id=\"ak_js_1\" name=\"_wpcf7_ak_js\" value=\"163\"\/><script>document.getElementById( \"ak_js_1\" ).setAttribute( \"value\", ( new Date() ).getTime() );<\/script><\/p><div class=\"wpcf7-response-output\" aria-hidden=\"true\"><\/div>\n<input type=\"hidden\" name=\"trp-form-language\" value=\"en\"\/><\/form>\n<\/div>\n<\/div>\n\n\n\n<h4 class=\"wp-block-heading\" id=\"kontakt-do-konkretnych-osob-znajdziesz-w-zakladce-o-nas\"><a href=\"https:\/\/spacecoffee.net\/en\/o-spacecoffee\/\" data-type=\"page\" data-id=\"32\">Kontakt do konkretnych os\u00f3b znajdziesz w zak\u0142adce &#8222;O nas&#8221;<\/a><\/h4>\n\n\n\n<h2>Office<\/h2>\n\n\n\n<p>Room 429, Akademicka 16, 44-100 Gliwice<\/p>\n\n\n<div class=\"kb-google-maps-container kb-google-maps-container18_4019af-9e  wp-block-kadence-googlemaps\" data-mapid=\"18_4019af9e\"><iframe width=\"100%\" height=\"100%\"\n\t\t\t\t\t\t\tstyle=\"border:0\" loading=\"lazy\"\n\t\t\t\t\t\t\tsrc=\"https:\/\/www.google.com\/maps\/embed\/v1\/place?key=AIzaSyBAM2o7PiQqwk15LC1XRH2e_KJ-jUa7KYk&#038;zoom=14&#038;maptype=roadmap&#038;q=Akademicka+16%2C+Gliwice+44-100%2C+Poland\"\n\t\t\t\t\t\t\ttitle=\"Google map of Akademicka 16, Gliwice 44-100, Poland\"><\/iframe><\/div><script>function kb_google_map18_4019af9e() { let center = { lat: 37.8201, lng: -122.4781}; let map = new google.maps.Map(document.getElementById(\"kb-google-map18_4019af9e\"), {\n\t\t\t\t\t    zoom: 14,\n\t\t\t\t\t    center: center,});let marker = new google.maps.Marker({   position: { lat: 37.8201, lng: -122.4781},    map: map,  });}<\/script>\n\n\n<h2 id=\"gspb_heading-id-gsbp-e8862b5\" class=\"gspb_heading gspb_heading-id-gsbp-e8862b5\"><a href=\"https:\/\/spacecoffee.net\/en\/recruitment\/\" data-type=\"link\" data-id=\"https:\/\/spacecoffee.net\/recruitment\/\">Want to Join Us?<\/a><\/h2>\n\n\n\n<p><\/p>","protected":false},"excerpt":{"rendered":"<p>E-mail: skn.spacecoffee@polsl.pl Numer telefonu: +48 720 792 153 Kontakt do konkretnych os\u00f3b znajdziesz w zak\u0142adce &#8222;O nas&#8221; Pok\u00f3j 429, &#8222;Wydzia\u0142 AEI&#8221;, Akademicka 16, 44-100 Gliwice<\/p>","protected":false},"author":3,"featured_media":0,"parent":0,"menu_order":0,"comment_status":"closed","ping_status":"closed","template":"","meta":{"_gspb_post_css":"#gspb_heading-id-gsbp-e8862b5{margin-bottom:0}","pgc_sgb_lightbox_settings":"","footnotes":""},"class_list":["post-18","page","type-page","status-publish","hentry"],"_links":{"self":[{"href":"https:\/\/spacecoffee.net\/en\/wp-json\/wp\/v2\/pages\/18","targetHints":{"allow":["GET"]}}],"collection":[{"href":"https:\/\/spacecoffee.net\/en\/wp-json\/wp\/v2\/pages"}],"about":[{"href":"https:\/\/spacecoffee.net\/en\/wp-json\/wp\/v2\/types\/page"}],"author":[{"embeddable":true,"href":"https:\/\/spacecoffee.net\/en\/wp-json\/wp\/v2\/users\/3"}],"replies":[{"embeddable":true,"href":"https:\/\/spacecoffee.net\/en\/wp-json\/wp\/v2\/comments?post=18"}],"version-history":[{"count":24,"href":"https:\/\/spacecoffee.net\/en\/wp-json\/wp\/v2\/pages\/18\/revisions"}],"predecessor-version":[{"id":1905,"href":"https:\/\/spacecoffee.net\/en\/wp-json\/wp\/v2\/pages\/18\/revisions\/1905"}],"wp:attachment":[{"href":"https:\/\/spacecoffee.net\/en\/wp-json\/wp\/v2\/media?parent=18"}],"curies":[{"name":"wp","href":"https:\/\/api.w.org\/{rel}","templated":true}]}}