{"id":1360,"date":"2026-02-12T19:17:30","date_gmt":"2026-02-12T18:17:30","guid":{"rendered":"https:\/\/spacecoffee.net\/?page_id=1360"},"modified":"2026-04-07T12:15:02","modified_gmt":"2026-04-07T10:15:02","slug":"samolot-fpv","status":"publish","type":"page","link":"https:\/\/spacecoffee.net\/en\/projekty\/samolot-fpv\/","title":{"rendered":"FPV Plane"},"content":{"rendered":"<h4 class=\"wp-block-heading\" id=\"wprowadzenie\">Introduction<\/h4>\n\n\n\n<p>This is a project to build a fixed-wing drone that is remotely controlled\u2014with a surprising twist: it will provide the user with a first-person view from the aircraft\u2019s cockpit. Thanks to the use of a 3-axis gimbal that rotates the camera in accordance with the pilot\u2019s eye movements, the FPV (First Person View) system offers an unprecedented level of immersion. The design is based on an innovative approach to aerodynamics, involving the use of interchangeable wings with different profiles, which allows for the study of their impact on flight stability and efficiency. This project constitutes a unique research platform, combining modern manufacturing methods with advanced control electronics.<\/p>\n\n\n\n<h4 class=\"wp-block-heading\" id=\"cele-i-zalozenia-projektu\">Project goals and objectives<\/h4>\n\n\n\n<p>The main objective of the project is to design and build a universal aircraft model that will serve as a platform for aerodynamic testing and as a demonstrator for an eye-tracking system. The project aims to analyze the impact of various wing profiles, lifting surfaces, and materials on force distribution and aerodynamic drag, which will be verified through wind tunnel testing. Another key objective is to implement an eye-tracking system for camera control, which is intended to provide an intuitive and realistic flight experience. Thanks to the use of 3D printing technology, the project enables rapid testing of successive configurations, serving as an excellent introduction to aerospace engineering for beginners.<\/p>","protected":false},"excerpt":{"rendered":"<p>Wprowadzenie Jest to projekt budowy samolotu-drona typu sta\u0142op\u0142at, zdalnie sterowanego z pewnym zaskoczeniem \u2013 dostarczy on u\u017cytkownikowi pierwszoosobowych wra\u017ce\u0144 z kokpitu samolotu. Dzi\u0119ki u\u017cyciu ruchomego w 3. osiach gimbala, obracaj\u0105cego kamer\u0105 zgodnie z ruchami oczu pilota, system FPV (First Person View) oferuje niespotykany dot\u0105d poziom imersji. Konstrukcja opiera si\u0119 na innowacyjnym podej\u015bciu do aerodynamiki, zak\u0142adaj\u0105cym [&hellip;]<\/p>\n","protected":false},"author":4,"featured_media":0,"parent":83,"menu_order":0,"comment_status":"closed","ping_status":"closed","template":"","meta":{"_gspb_post_css":"","pgc_sgb_lightbox_settings":"","footnotes":""},"class_list":["post-1360","page","type-page","status-publish","hentry"],"_links":{"self":[{"href":"https:\/\/spacecoffee.net\/en\/wp-json\/wp\/v2\/pages\/1360","targetHints":{"allow":["GET"]}}],"collection":[{"href":"https:\/\/spacecoffee.net\/en\/wp-json\/wp\/v2\/pages"}],"about":[{"href":"https:\/\/spacecoffee.net\/en\/wp-json\/wp\/v2\/types\/page"}],"author":[{"embeddable":true,"href":"https:\/\/spacecoffee.net\/en\/wp-json\/wp\/v2\/users\/4"}],"replies":[{"embeddable":true,"href":"https:\/\/spacecoffee.net\/en\/wp-json\/wp\/v2\/comments?post=1360"}],"version-history":[{"count":3,"href":"https:\/\/spacecoffee.net\/en\/wp-json\/wp\/v2\/pages\/1360\/revisions"}],"predecessor-version":[{"id":1943,"href":"https:\/\/spacecoffee.net\/en\/wp-json\/wp\/v2\/pages\/1360\/revisions\/1943"}],"up":[{"embeddable":true,"href":"https:\/\/spacecoffee.net\/en\/wp-json\/wp\/v2\/pages\/83"}],"wp:attachment":[{"href":"https:\/\/spacecoffee.net\/en\/wp-json\/wp\/v2\/media?parent=1360"}],"curies":[{"name":"wp","href":"https:\/\/api.w.org\/{rel}","templated":true}]}}