{"id":1358,"date":"2025-11-25T18:44:07","date_gmt":"2025-11-25T17:44:07","guid":{"rendered":"https:\/\/spacecoffee.net\/?page_id=1358"},"modified":"2026-04-07T11:38:20","modified_gmt":"2026-04-07T09:38:20","slug":"rakieta","status":"publish","type":"page","link":"https:\/\/spacecoffee.net\/en\/projekty\/rakieta\/","title":{"rendered":"Rocket"},"content":{"rendered":"<h4 class=\"wp-block-heading\" id=\"wprowadzenie\">Introduction<\/h4>\n\n\n\n<p>The project involves the construction and testing of an experimental rocket. The completed rocket is to be launched into the air, serving to collect telemetric data and verify recovery systems and flight stability. <\/p>\n\n\n\n<p>Until recently, advanced atmospheric research was reserved for large institutes, but today, robotic structures\u2014experimental rockets\u2014allow us to probe the sky independently. Their main mission is to collect invaluable data on air conditions and test modern telemetry systems. These studies are a significant step toward expanding our engineering knowledge, and inspiration from the dynamic development of the space sector has prompted us to build our own recoverable research platform.<\/p>\n\n\n\n<p>The construction of the prototype rocket will allow for the collection of scientific data about the atmosphere, including CO2 and PM2.5 concentrations, at various altitudes. The device will feature a proprietary telemetry system, GNSS localization, and a high-resolution onboard camera. Thanks to the use of a parachute, the rocket will be reusable.<\/p>\n\n\n\n<h4 class=\"wp-block-heading\" id=\"cele-i-zalozenia-projektu\">Project goals and objectives<\/h4>\n\n\n\n<p id=\"p-rc_dfd97427fd3d9af1-112\">The main assumption is to design and build a small experimental rocket capable of reaching an altitude of 800 meters. <strong>800 metr\u00f3w<\/strong>.<\/p>\n\n\n\n<h5 class=\"wp-block-heading\" id=\"zaplanowany-zestaw-funkcji\">Planned set of functions:<\/h5>\n\n\n\n<ul class=\"wp-block-list\">\n<li>Collect scientific data regarding the atmosphere (CO2 and PM2.5 concentration)<\/li>\n\n\n\n<li>Transmission<strong> <\/strong>of telemetric data during flight to a ground station.<\/li>\n\n\n\n<li>Automatically open the parachute for safe recovery of the structure.<\/li>\n\n\n\n<li>Record high-quality video material from the rocket's deck.<\/li>\n\n\n\n<li>Use GNSS localization to track the route and find the rocket after landing.<\/li>\n\n\n\n<li>Conduct iterative tests, starting with smaller Class D engines to validate the systems.<\/li>\n<\/ul>\n\n\n\n<h4 class=\"wp-block-heading\" id=\"moduly-i-ich-implementacja-oraz-realizacja-prac\">Modules implementation and work execution<\/h4>\n\n\n\n<p>During the project's implementation, the work is divided into key technical stages:<\/p>\n\n\n\n<ul class=\"wp-block-list\">\n<li><strong>CAD Design and Simulations<\/strong>: performing an analysis of solutions and aerodynamic simulations.<\/li>\n\n\n\n<li><strong>Electronics development<\/strong>: selection of components and design of a PCB layout containing the flight computer, IMU, and environmental sensors.<\/li>\n\n\n\n<li><strong>Software development<\/strong>preparation of the remote communication, telemetry, and ground station operations systems.<\/li>\n\n\n\n<li><strong>Integration and static tests<\/strong>: joining of all components and testing the range and stability of radio communication before flight.<\/li>\n\n\n\n<li><strong>Field validation<\/strong>: test flights (Class D) and operational flights (Class F) to collect scientific data.<\/li>\n<\/ul>\n\n\n\n<div class=\"wp-block-kadence-image kb-image1358_087e0c-ae\"><figure class=\"aligncenter size-full\"><img loading=\"lazy\" decoding=\"async\" width=\"673\" height=\"495\" src=\"https:\/\/spacecoffee.net\/wp-content\/uploads\/2025\/11\/Zrzut-ekranu-2025-11-24-163537.png\" alt=\"\" class=\"kb-img wp-image-1498\" srcset=\"https:\/\/spacecoffee.net\/wp-content\/uploads\/2025\/11\/Zrzut-ekranu-2025-11-24-163537.png 673w, https:\/\/spacecoffee.net\/wp-content\/uploads\/2025\/11\/Zrzut-ekranu-2025-11-24-163537-300x221.png 300w, https:\/\/spacecoffee.net\/wp-content\/uploads\/2025\/11\/Zrzut-ekranu-2025-11-24-163537-16x12.png 16w\" sizes=\"auto, (max-width: 673px) 100vw, 673px\" \/><figcaption>Inspiration for the developed prototype<\/figcaption><\/figure><\/div>","protected":false},"excerpt":{"rendered":"<p>Wprowadzenie Projekt zak\u0142ada budow\u0119 i testy rakiety eksperymentalnej. Gotowa rakieta ma zosta\u0107 wystrzelona w powietrze, s\u0142u\u017c\u0105c do zbierania danych telemetrycznych oraz sprawdzenia system\u00f3w odzysku i stabilno\u015bci lotu. Jeszcze niedawno zaawansowane badania atmosferyczne by\u0142y zarezerwowane dla wielkich instytut\u00f3w, a dzi\u015b zrobotyzowane konstrukcje\u2014rakiety eksperymentalne\u2014pozwalaj\u0105 nam na samodzielne sondowanie nieba. Ich g\u0142\u00f3wn\u0105 misj\u0105 jest zbieranie bezcennych danych o [&hellip;]<\/p>\n","protected":false},"author":4,"featured_media":1498,"parent":83,"menu_order":0,"comment_status":"closed","ping_status":"closed","template":"","meta":{"_gspb_post_css":"","pgc_sgb_lightbox_settings":"","footnotes":""},"class_list":["post-1358","page","type-page","status-publish","has-post-thumbnail","hentry"],"_links":{"self":[{"href":"https:\/\/spacecoffee.net\/en\/wp-json\/wp\/v2\/pages\/1358","targetHints":{"allow":["GET"]}}],"collection":[{"href":"https:\/\/spacecoffee.net\/en\/wp-json\/wp\/v2\/pages"}],"about":[{"href":"https:\/\/spacecoffee.net\/en\/wp-json\/wp\/v2\/types\/page"}],"author":[{"embeddable":true,"href":"https:\/\/spacecoffee.net\/en\/wp-json\/wp\/v2\/users\/4"}],"replies":[{"embeddable":true,"href":"https:\/\/spacecoffee.net\/en\/wp-json\/wp\/v2\/comments?post=1358"}],"version-history":[{"count":4,"href":"https:\/\/spacecoffee.net\/en\/wp-json\/wp\/v2\/pages\/1358\/revisions"}],"predecessor-version":[{"id":1935,"href":"https:\/\/spacecoffee.net\/en\/wp-json\/wp\/v2\/pages\/1358\/revisions\/1935"}],"up":[{"embeddable":true,"href":"https:\/\/spacecoffee.net\/en\/wp-json\/wp\/v2\/pages\/83"}],"wp:featuredmedia":[{"embeddable":true,"href":"https:\/\/spacecoffee.net\/en\/wp-json\/wp\/v2\/media\/1498"}],"wp:attachment":[{"href":"https:\/\/spacecoffee.net\/en\/wp-json\/wp\/v2\/media?parent=1358"}],"curies":[{"name":"wp","href":"https:\/\/api.w.org\/{rel}","templated":true}]}}