{"id":1360,"date":"2026-02-12T19:17:30","date_gmt":"2026-02-12T18:17:30","guid":{"rendered":"https:\/\/spacecoffee.net\/?page_id=1360"},"modified":"2026-04-07T12:15:02","modified_gmt":"2026-04-07T10:15:02","slug":"samolot-fpv","status":"publish","type":"page","link":"http:\/\/spacecoffee.net\/pl\/projekty\/samolot-fpv\/","title":{"rendered":"Samolot FPV"},"content":{"rendered":"\n<h4 class=\"wp-block-heading\" id=\"wprowadzenie\">Wprowadzenie<\/h4>\n\n\n\n<p>Jest to projekt budowy samolotu-drona typu sta\u0142op\u0142at, zdalnie sterowanego z pewnym zaskoczeniem \u2013 dostarczy on u\u017cytkownikowi pierwszoosobowych wra\u017ce\u0144 z kokpitu samolotu. Dzi\u0119ki u\u017cyciu ruchomego w 3. osiach gimbala, obracaj\u0105cego kamer\u0105 zgodnie z ruchami oczu pilota, system FPV (First Person View) oferuje niespotykany dot\u0105d poziom imersji. Konstrukcja opiera si\u0119 na innowacyjnym podej\u015bciu do aerodynamiki, zak\u0142adaj\u0105cym wykorzystanie wymiennych skrzyde\u0142 o r\u00f3\u017cnych profilach, co pozwala na badanie ich wp\u0142ywu na stabilno\u015b\u0107 i efektywno\u015b\u0107 lotu. Projekt ten stanowi unikaln\u0105 platform\u0119 badawcz\u0105, \u0142\u0105cz\u0105c\u0105 nowoczesne metody wytwarzania z zaawansowan\u0105 elektronik\u0105 steruj\u0105c\u0105.<\/p>\n\n\n\n<h4 class=\"wp-block-heading\" id=\"cele-i-zalozenia-projektu\">Cele i za\u0142o\u017cenia projektu<\/h4>\n\n\n\n<p>G\u0142\u00f3wnym za\u0142o\u017ceniem przedsi\u0119wzi\u0119cia jest zaprojektowanie i wykonanie uniwersalnego modelu samolotu, kt\u00f3ry pos\u0142u\u017cy jako stanowisko do test\u00f3w aerodynamicznych oraz demonstrator systemu \u015bledzenia wzroku. Projekt ma na celu przeanalizowanie wp\u0142ywu r\u00f3\u017cnych profili skrzyde\u0142, powierzchni no\u015bnej oraz materia\u0142\u00f3w na rozk\u0142ad si\u0142 i opory powietrza, co zostanie zweryfikowane podczas bada\u0144 w tunelu aerodynamicznym. Istotnym celem jest r\u00f3wnie\u017c wdro\u017cenie systemu eye-tracking do sterowania kamer\u0105, co ma zapewni\u0107 intuicyjne i realistyczne wra\u017cenia z lotu. Dzi\u0119ki zastosowaniu technologii druku 3D, projekt umo\u017cliwia szybkie testowanie kolejnych konfiguracji, stanowi\u0105c doskona\u0142e wprowadzenie do in\u017cynierii lotniczej dla os\u00f3b pocz\u0105tkuj\u0105cych.<\/p>\n","protected":false},"excerpt":{"rendered":"<p>Wprowadzenie Jest to projekt budowy samolotu-drona typu sta\u0142op\u0142at, zdalnie sterowanego z pewnym zaskoczeniem \u2013 dostarczy on u\u017cytkownikowi pierwszoosobowych wra\u017ce\u0144 z kokpitu samolotu. Dzi\u0119ki u\u017cyciu ruchomego w 3. osiach gimbala, obracaj\u0105cego kamer\u0105 zgodnie z ruchami oczu pilota, system FPV (First Person View) oferuje niespotykany dot\u0105d poziom imersji. Konstrukcja opiera si\u0119 na innowacyjnym podej\u015bciu do aerodynamiki, zak\u0142adaj\u0105cym [&hellip;]<\/p>\n","protected":false},"author":4,"featured_media":0,"parent":83,"menu_order":0,"comment_status":"closed","ping_status":"closed","template":"","meta":{"_gspb_post_css":"","pgc_sgb_lightbox_settings":"","footnotes":""},"class_list":["post-1360","page","type-page","status-publish","hentry"],"_links":{"self":[{"href":"http:\/\/spacecoffee.net\/pl\/wp-json\/wp\/v2\/pages\/1360","targetHints":{"allow":["GET"]}}],"collection":[{"href":"http:\/\/spacecoffee.net\/pl\/wp-json\/wp\/v2\/pages"}],"about":[{"href":"http:\/\/spacecoffee.net\/pl\/wp-json\/wp\/v2\/types\/page"}],"author":[{"embeddable":true,"href":"http:\/\/spacecoffee.net\/pl\/wp-json\/wp\/v2\/users\/4"}],"replies":[{"embeddable":true,"href":"http:\/\/spacecoffee.net\/pl\/wp-json\/wp\/v2\/comments?post=1360"}],"version-history":[{"count":3,"href":"http:\/\/spacecoffee.net\/pl\/wp-json\/wp\/v2\/pages\/1360\/revisions"}],"predecessor-version":[{"id":1943,"href":"http:\/\/spacecoffee.net\/pl\/wp-json\/wp\/v2\/pages\/1360\/revisions\/1943"}],"up":[{"embeddable":true,"href":"http:\/\/spacecoffee.net\/pl\/wp-json\/wp\/v2\/pages\/83"}],"wp:attachment":[{"href":"http:\/\/spacecoffee.net\/pl\/wp-json\/wp\/v2\/media?parent=1360"}],"curies":[{"name":"wp","href":"https:\/\/api.w.org\/{rel}","templated":true}]}}